{"id":278027,"date":"2025-10-21T14:06:18","date_gmt":"2025-10-21T12:06:18","guid":{"rendered":"https:\/\/degroenelinde.nl\/helende-olie-copy"},"modified":"2026-01-21T17:19:27","modified_gmt":"2026-01-21T16:19:27","slug":"helende-olie","status":"publish","type":"page","link":"https:\/\/degroenelinde.nl\/be\/helende-olie","title":{"rendered":"Helende olie"},"content":{"rendered":"<div class=\"homepage-text grid-container\">\n  <div class=\"grid-x grid-margin-x\">\n    <div class=\"cell medium-6 homepage-text-column-1\">\n      <h1>Helende olie<\/h1>\n<p>Bij De Groene Linde vind je een breed assortiment oli\u00ebn die zijn ontwikkeld om rust, balans en harmonie te bevorderen. Onze oli\u00ebn worden met zorg samengesteld uit pure, natuurlijke ingredi\u00ebnten en zijn geliefd bij wie bewust bezig is met ontspanning en energetisch welzijn. Elke geur heeft een eigen karakter en kan op een subtiele manier bijdragen aan een moment van aandacht voor jezelf.<\/p>\n    <\/div>\n\n    <div class=\"cell medium-6 homepage-text-column-2\">\n      <hr \/>\n<div class=\"usps\">\n<div><span style=\"font-weight: bold; color: green;\">\u2713<\/span> Natuurzuiver en met de hand vervaardigd in eigen huis<\/div>\n<div><span style=\"font-weight: bold; color: green;\">\u2713<\/span> Vaste lage bijdrage in de verzendkosten<\/div>\n<div><span style=\"font-weight: bold; color: green;\">\u2713<\/span> Voor 13:00 uur besteld, zelfde werkdag verzonden<\/div>\n<div><span style=\"font-weight: bold; color: green;\">\u2713<\/span> Gericht advies bij klachten<\/div>\n<\/div>\n<hr \/>\n<h4 style=\"color: #203b2b; margin-bottom: 20px;\">Wilt u graag meer weten over onze diensten? Aarzel dan niet om ons te<br \/>\ncontacteren!<\/h4>\n<div class=\"buttons-grizzly\" style=\"display: flex;\"><a style=\"border-radius: 10px; margin-right: 10px; margin-bottom: 10px; padding: 15px; background-color: #e9e9e9; text-decoration: none; color: #203b2b;\" href=\"tel:0725318860\">072 &#8211; 531 8860<\/a><br \/>\n<a style=\"padding: 15px; border-radius: 10px; margin-bottom: 10px; background-color: #e9e9e9; text-decoration: none; color: #203b2b;\" href=\"mailto:info@degroenelinde.nl\">info@degroenelinde.nl<\/a><\/div>\n<style>\n    .buttons-grizzly a{<br \/>        min-width: 200px; font-weight: bold;<br \/>        text-align: center;<br \/>        transition: 0.5s;<br \/>    }<br \/>    .buttons-grizzly a:hover{<br \/>        cursor: pointer;<br \/>        background-color: darkgray;<br \/>        color: white;<br \/>        border: 1px solid white;<br \/>    }<br \/>@media only screen and (max-width: 600px){<br \/>    .buttons-grizzly{<br \/>        flex-wrap: wrap;<br \/>    }<br \/>}<br \/><\/style>\n    <\/div>\n  <\/div>\n<\/div><div class=\"color-block-section green\">\n  <div class=\"cta-section grid-container\">\n    <div class=\"grid-x grid-margin-x\">\n      <div class=\"cell title-block\">\n        <h2>\n          De helende werking van olie        <\/h2>\n      <\/div>\n\n      <div class=\"cta-text-block cell medium-8\">\n        <p>Onze helende olie is gecre&euml;erd om een gevoel van rust en balans te ondersteunen. De zorgvuldig gekozen combinatie van <a href=\"https:\/\/degroenelinde.nl\/be\/producten\/etherische-olien\/\">etherische oli&euml;n<\/a> helpt om je energie weer in evenwicht te brengen en een fijne sfeer te cre&euml;ren tijdens meditatie, een massage of een ontspannend ritueel. Veel gebruikers ervaren een gevoel van harmonie, helderheid en innerlijke rust wanneer ze deze olie gebruiken.<\/p>\n      <\/div>\n\n              <div class=\"button-block cell medium-4\">\n          <a href=\"https:\/\/degroenelinde.nl\/be\/producten\/etherische-olien\/\" class=\"button white\">\n            Naar Webshop          <\/a>\n        <\/div>\n      \n      <svg class=\"logo-icon-svg\" id=\"Layer_1\" data-name=\"Layer 1\" xmlns=\"http:\/\/www.w3.org\/2000\/svg\" viewbox=\"0 0 109.68 60\"><defs><style>.cls-2{fill:#fff;}<\/style><\/defs><path class=\"cls-2\" d=\"M33.71,46.21,11.53,34.93l26.8,19.13a16.28,16.28,0,0,1-21,3.58C8.63,52.38,2.34,36.05,0,27.93c7.67-1.58,23.21-3.44,32.31.58a29.68,29.68,0,0,0-.86,6.34,26.86,26.86,0,0,0,2.26,11.36\"\/><path class=\"cls-2\" d=\"M76,46.2,98.15,34.92,71.35,54.05a16.29,16.29,0,0,0,21,3.58c8.69-5.27,15-21.6,17.32-29.71-7.67-1.59-23.22-3.45-32.32.57a29.17,29.17,0,0,1,.87,6.34A26.9,26.9,0,0,1,76,46.2\"\/><path class=\"cls-2\" d=\"M55.11,30.89a6.78,6.78,0,1,0,6.74,6.78A6.76,6.76,0,0,0,55.11,30.89Z\"\/><path class=\"cls-2\" d=\"M54.85,0C48.06,7.4,35.38,23.89,35.38,36.05a19.57,19.57,0,0,0,9,16.52,16.38,16.38,0,0,0,7.15,2.78c.12,0,.24.06.37.07h0a21,21,0,0,0,2.9.2,21.36,21.36,0,0,0,2.92-.2h0l.49-.09a16.83,16.83,0,0,0,6.8-2.61,19.61,19.61,0,0,0,9.26-16.67C74.32,23.89,61.64,7.4,54.85,0Zm.26,48.12A10.45,10.45,0,1,1,65.49,37.67,10.42,10.42,0,0,1,55.11,48.12Z\"\/><\/svg>\n    <\/div>\n  <\/div>\n<\/div><div class=\"text-section grid-container\">\n  <div class=\"grid-x grid-margin-x\">\n    <div class=\"cell large-7\">\n      \n      <h3>Bestel online of vraag ons om advies<\/h3>\n<p>Ben je benieuwd welke helende olie het beste bij jou past? Ontdek alle varianten in onze<a href=\"https:\/\/degroenelinde.nl\/be\/\"> webshop<\/a> of bezoek onze <a href=\"https:\/\/degroenelinde.nl\/be\/showroom\/\">showroom<\/a> om de geuren zelf te ervaren. Onze medewerkers helpen je graag met persoonlijk advies over de olie die aansluit bij jouw wensen en energiewerk.<\/p>\n    <\/div>\n  <\/div>\n<\/div><h2 class=\"wp-block-heading\"><\/h2><div class=\"products-slider-slider grid-container\">\n  <div class=\"grid-x grid-margin-x\">\n    <div class=\"title-block navigation-block cell\">\n      <h2>\n                                <\/h2>\n\n      <div class=\"slider-navigation nav-products-slider\">\n        <button class=\"prev\"><\/button>\n        <button class=\"next\"><\/button>\n      <\/div>\n    <\/div>\n\n    <div class=\"image-product-blocks products-slider cell\">\n      \n<li class=\"image-product-block\">\n    \n    <div class=\"image-block\">\n        \r\n<div\r\n\tclass=\"yith-wcwl-add-to-wishlist add-to-wishlist-109654  wishlist-fragment on-first-load\"\r\n\tdata-fragment-ref=\"109654\"\r\n\tdata-fragment-options=\"{&quot;base_url&quot;:&quot;&quot;,&quot;in_default_wishlist&quot;:false,&quot;is_single&quot;:false,&quot;show_exists&quot;:false,&quot;product_id&quot;:109654,&quot;parent_product_id&quot;:109654,&quot;product_type&quot;:&quot;variable&quot;,&quot;show_view&quot;:false,&quot;browse_wishlist_text&quot;:&quot;Browse verlanglijst&quot;,&quot;already_in_wishslist_text&quot;:&quot;Het product is al toegevoegd aan jouw verlanglijst!&quot;,&quot;product_added_text&quot;:&quot;Product toegevoegd!&quot;,&quot;heading_icon&quot;:&quot;fa-heart-o&quot;,&quot;available_multi_wishlist&quot;:true,&quot;disable_wishlist&quot;:false,&quot;show_count&quot;:false,&quot;ajax_loading&quot;:false,&quot;loop_position&quot;:&quot;before_image&quot;,&quot;product_image&quot;:&quot;&quot;,&quot;label_popup&quot;:&quot;Toevoegen aan verlanglijst&quot;,&quot;add_to_wishlist_modal&quot;:&quot;yes&quot;,&quot;item&quot;:&quot;add_to_wishlist&quot;}\"\r\n>\r\n\t<\/div>\r\n\n        \n        <a href=\"https:\/\/degroenelinde.nl\/be\/product\/live-workshop-lichtfrequenties\" class=\"\">\n            <img decoding=\"async\" width=\"350\" height=\"350\" src=\"https:\/\/degroenelinde.nl\/app\/uploads\/2023\/04\/Liveworkshop-2-350x350.jpg\" class=\"attachment-medium_square size-medium_square\" alt=\"\" srcset=\"https:\/\/degroenelinde.nl\/app\/uploads\/2023\/04\/Liveworkshop-2-350x350.jpg 350w, https:\/\/degroenelinde.nl\/app\/uploads\/2023\/04\/Liveworkshop-2-300x300.jpg 300w, https:\/\/degroenelinde.nl\/app\/uploads\/2023\/04\/Liveworkshop-2-150x150.jpg 150w, https:\/\/degroenelinde.nl\/app\/uploads\/2023\/04\/Liveworkshop-2-768x768.jpg 768w, https:\/\/degroenelinde.nl\/app\/uploads\/2023\/04\/Liveworkshop-2-600x600.jpg 600w, https:\/\/degroenelinde.nl\/app\/uploads\/2023\/04\/Liveworkshop-2-100x100.jpg 100w, https:\/\/degroenelinde.nl\/app\/uploads\/2023\/04\/Liveworkshop-2.jpg 900w\" sizes=\"(max-width: 350px) 100vw, 350px\" \/>\n                    <\/a>\n\n                    <div class=\"product-rating\">\n                <i class=\"fas fa-star\"><\/i><i class=\"fas fa-star\"><\/i><i class=\"fas fa-star\"><\/i><i class=\"fas fa-star\"><\/i><i class=\"fas fa-star\"><\/i>            <\/div>\n            <\/div>\n\n    <div class=\"title-cart-block\">\n        <a class=\"title-price-block\" href=\"https:\/\/degroenelinde.nl\/be\/product\/live-workshop-lichtfrequenties\">\n            <h3 class=\"woocommerce-loop-product__title\">\n                Live Workshop Lichtfrequenties            <\/h3>\n\n            <h4 class=\"\">\n                <span style=\"font-weight:100; font-size:14px;\">vanaf<\/span>\n                <span style=\"display: flex; align-items: center; gap: 4px;\"><span class=\"woocommerce-Price-amount amount\"><bdi><span class=\"woocommerce-Price-currencySymbol\">&euro;<\/span>&nbsp;85,00<\/bdi><\/span><\/span>\n\n                            <\/h4>\n        <\/a>\n\n                                    <button type=\"button\" class=\"shopping-cart to-card-product-with-variations\" data-product-id=\"109654\"><\/button>\n                        <\/div>\n\n    <div class=\"add-to-cart-notification\" style=\"display: none\" data-activated=\"true\">\n        <h4>Toegevoegd aan winkelwagen<\/h4>\n    <\/div>\n\n    <div class=\"product-error woocommerce-error\" style=\"display: none\" data-activated=\"true\">\n        <h4 style=\"margin-bottom:0; font-size:1rem;\"><\/h4>\n    <\/div>\n\n    <div class=\"product-quantity-error woocommerce-error\" style=\"display: none\" data-activated=\"true\">\n        <h4 style=\"margin-bottom:0; font-size:1rem;\">Het product is niet toegevoegd aan de winkelwagen. Het minimale aantal moet  zijn.<\/h4>\n    <\/div>\n<\/li>\n\n<li class=\"image-product-block\">\n    \n    <div class=\"image-block\">\n        \r\n<div\r\n\tclass=\"yith-wcwl-add-to-wishlist add-to-wishlist-61893  wishlist-fragment on-first-load\"\r\n\tdata-fragment-ref=\"61893\"\r\n\tdata-fragment-options=\"{&quot;base_url&quot;:&quot;&quot;,&quot;in_default_wishlist&quot;:false,&quot;is_single&quot;:false,&quot;show_exists&quot;:false,&quot;product_id&quot;:61893,&quot;parent_product_id&quot;:61893,&quot;product_type&quot;:&quot;variable&quot;,&quot;show_view&quot;:false,&quot;browse_wishlist_text&quot;:&quot;Browse verlanglijst&quot;,&quot;already_in_wishslist_text&quot;:&quot;Het product is al toegevoegd aan jouw verlanglijst!&quot;,&quot;product_added_text&quot;:&quot;Product toegevoegd!&quot;,&quot;heading_icon&quot;:&quot;fa-heart-o&quot;,&quot;available_multi_wishlist&quot;:true,&quot;disable_wishlist&quot;:false,&quot;show_count&quot;:false,&quot;ajax_loading&quot;:false,&quot;loop_position&quot;:&quot;before_image&quot;,&quot;product_image&quot;:&quot;&quot;,&quot;label_popup&quot;:&quot;Toevoegen aan verlanglijst&quot;,&quot;add_to_wishlist_modal&quot;:&quot;yes&quot;,&quot;item&quot;:&quot;add_to_wishlist&quot;}\"\r\n>\r\n\t<\/div>\r\n\n        \n        <a href=\"https:\/\/degroenelinde.nl\/be\/product\/lavendelolie\" class=\"image-block-hover\">\n            <img decoding=\"async\" width=\"350\" height=\"350\" src=\"https:\/\/degroenelinde.nl\/app\/uploads\/2021\/03\/lavendel-3-2-350x350.jpg\" class=\"attachment-medium_square size-medium_square\" alt=\"Lavendelolie is een etherische olie van de Groene Linde\" srcset=\"https:\/\/degroenelinde.nl\/app\/uploads\/2021\/03\/lavendel-3-2-350x350.jpg 350w, https:\/\/degroenelinde.nl\/app\/uploads\/2021\/03\/lavendel-3-2-300x300.jpg 300w, https:\/\/degroenelinde.nl\/app\/uploads\/2021\/03\/lavendel-3-2-150x150.jpg 150w, https:\/\/degroenelinde.nl\/app\/uploads\/2021\/03\/lavendel-3-2-100x100.jpg 100w, https:\/\/degroenelinde.nl\/app\/uploads\/2021\/03\/lavendel-3-2.jpg 600w\" sizes=\"(max-width: 350px) 100vw, 350px\" \/>\n                            <img decoding=\"async\" width=\"350\" height=\"350\" src=\"https:\/\/degroenelinde.nl\/app\/uploads\/2024\/04\/Lavendel-etherische-olie--350x350.jpg\" class=\"attachment-medium_square size-medium_square\" alt=\"Flesje etherische olie 10 ml Lavendel van De Groene Linde\" srcset=\"https:\/\/degroenelinde.nl\/app\/uploads\/2024\/04\/Lavendel-etherische-olie--350x350.jpg 350w, https:\/\/degroenelinde.nl\/app\/uploads\/2024\/04\/Lavendel-etherische-olie--300x300.jpg 300w, https:\/\/degroenelinde.nl\/app\/uploads\/2024\/04\/Lavendel-etherische-olie--150x150.jpg 150w, https:\/\/degroenelinde.nl\/app\/uploads\/2024\/04\/Lavendel-etherische-olie--768x768.jpg 768w, https:\/\/degroenelinde.nl\/app\/uploads\/2024\/04\/Lavendel-etherische-olie--600x600.jpg 600w, https:\/\/degroenelinde.nl\/app\/uploads\/2024\/04\/Lavendel-etherische-olie--100x100.jpg 100w, https:\/\/degroenelinde.nl\/app\/uploads\/2024\/04\/Lavendel-etherische-olie-.jpg 900w\" sizes=\"(max-width: 350px) 100vw, 350px\" \/>                    <\/a>\n\n                    <div class=\"product-rating\">\n                <i class=\"fas fa-star\"><\/i><i class=\"fas fa-star\"><\/i><i class=\"fas fa-star\"><\/i><i class=\"fas fa-star\"><\/i><i class=\"fas fa-star\"><\/i>            <\/div>\n            <\/div>\n\n    <div class=\"title-cart-block\">\n        <a class=\"title-price-block\" href=\"https:\/\/degroenelinde.nl\/be\/product\/lavendelolie\">\n            <h3 class=\"woocommerce-loop-product__title\">\n                Lavendel olie            <\/h3>\n\n            <h4 class=\"\">\n                <span style=\"font-weight:100; font-size:14px;\">vanaf<\/span>\n                <span style=\"display: flex; align-items: center; gap: 4px;\"><span class=\"woocommerce-Price-amount amount\"><bdi><span class=\"woocommerce-Price-currencySymbol\">&euro;<\/span>&nbsp;12,35<\/bdi><\/span><\/span>\n\n                            <\/h4>\n        <\/a>\n\n                                    <button type=\"button\" class=\"shopping-cart to-card-product-with-variations\" data-product-id=\"61893\"><\/button>\n                        <\/div>\n\n    <div class=\"add-to-cart-notification\" style=\"display: none\" data-activated=\"true\">\n        <h4>Toegevoegd aan winkelwagen<\/h4>\n    <\/div>\n\n    <div class=\"product-error woocommerce-error\" style=\"display: none\" data-activated=\"true\">\n        <h4 style=\"margin-bottom:0; font-size:1rem;\"><\/h4>\n    <\/div>\n\n    <div class=\"product-quantity-error woocommerce-error\" style=\"display: none\" data-activated=\"true\">\n        <h4 style=\"margin-bottom:0; font-size:1rem;\">Het product is niet toegevoegd aan de winkelwagen. Het minimale aantal moet  zijn.<\/h4>\n    <\/div>\n<\/li>\n\n<li class=\"image-product-block\">\n    \n    <div class=\"image-block\">\n        \r\n<div\r\n\tclass=\"yith-wcwl-add-to-wishlist add-to-wishlist-61988  wishlist-fragment on-first-load\"\r\n\tdata-fragment-ref=\"61988\"\r\n\tdata-fragment-options=\"{&quot;base_url&quot;:&quot;&quot;,&quot;in_default_wishlist&quot;:false,&quot;is_single&quot;:false,&quot;show_exists&quot;:false,&quot;product_id&quot;:61988,&quot;parent_product_id&quot;:61988,&quot;product_type&quot;:&quot;variable&quot;,&quot;show_view&quot;:false,&quot;browse_wishlist_text&quot;:&quot;Browse verlanglijst&quot;,&quot;already_in_wishslist_text&quot;:&quot;Het product is al toegevoegd aan jouw verlanglijst!&quot;,&quot;product_added_text&quot;:&quot;Product toegevoegd!&quot;,&quot;heading_icon&quot;:&quot;fa-heart-o&quot;,&quot;available_multi_wishlist&quot;:true,&quot;disable_wishlist&quot;:false,&quot;show_count&quot;:false,&quot;ajax_loading&quot;:false,&quot;loop_position&quot;:&quot;before_image&quot;,&quot;product_image&quot;:&quot;&quot;,&quot;label_popup&quot;:&quot;Toevoegen aan verlanglijst&quot;,&quot;add_to_wishlist_modal&quot;:&quot;yes&quot;,&quot;item&quot;:&quot;add_to_wishlist&quot;}\"\r\n>\r\n\t<\/div>\r\n\n        \n        <a href=\"https:\/\/degroenelinde.nl\/be\/product\/sinaasappelolie\" class=\"image-block-hover\">\n            <img decoding=\"async\" width=\"350\" height=\"350\" src=\"https:\/\/degroenelinde.nl\/app\/uploads\/2021\/05\/sinaasappel-2-350x350.jpg\" class=\"attachment-medium_square size-medium_square\" alt=\"Sinaasappel staat symbool voor de sinaasappelolie van De Groene Linde\" srcset=\"https:\/\/degroenelinde.nl\/app\/uploads\/2021\/05\/sinaasappel-2-350x350.jpg 350w, https:\/\/degroenelinde.nl\/app\/uploads\/2021\/05\/sinaasappel-2-300x300.jpg 300w, https:\/\/degroenelinde.nl\/app\/uploads\/2021\/05\/sinaasappel-2-150x150.jpg 150w, https:\/\/degroenelinde.nl\/app\/uploads\/2021\/05\/sinaasappel-2-100x100.jpg 100w, https:\/\/degroenelinde.nl\/app\/uploads\/2021\/05\/sinaasappel-2.jpg 432w\" sizes=\"(max-width: 350px) 100vw, 350px\" \/>\n                            <img decoding=\"async\" width=\"350\" height=\"350\" src=\"https:\/\/degroenelinde.nl\/app\/uploads\/2024\/04\/Sinaasappel-etherische-olie--350x350.jpg\" class=\"attachment-medium_square size-medium_square\" alt=\"Flesje etherische olie 10 ml Sinaasappel van De Groene Linde\" srcset=\"https:\/\/degroenelinde.nl\/app\/uploads\/2024\/04\/Sinaasappel-etherische-olie--350x350.jpg 350w, https:\/\/degroenelinde.nl\/app\/uploads\/2024\/04\/Sinaasappel-etherische-olie--300x300.jpg 300w, https:\/\/degroenelinde.nl\/app\/uploads\/2024\/04\/Sinaasappel-etherische-olie--150x150.jpg 150w, https:\/\/degroenelinde.nl\/app\/uploads\/2024\/04\/Sinaasappel-etherische-olie--768x768.jpg 768w, https:\/\/degroenelinde.nl\/app\/uploads\/2024\/04\/Sinaasappel-etherische-olie--600x600.jpg 600w, https:\/\/degroenelinde.nl\/app\/uploads\/2024\/04\/Sinaasappel-etherische-olie--100x100.jpg 100w, https:\/\/degroenelinde.nl\/app\/uploads\/2024\/04\/Sinaasappel-etherische-olie-.jpg 900w\" sizes=\"(max-width: 350px) 100vw, 350px\" \/>                    <\/a>\n\n                    <div class=\"product-rating\">\n                <i class=\"fas fa-star\"><\/i><i class=\"fas fa-star\"><\/i><i class=\"fas fa-star\"><\/i><i class=\"fas fa-star\"><\/i><i class=\"fas fa-star\"><\/i>            <\/div>\n            <\/div>\n\n    <div class=\"title-cart-block\">\n        <a class=\"title-price-block\" href=\"https:\/\/degroenelinde.nl\/be\/product\/sinaasappelolie\">\n            <h3 class=\"woocommerce-loop-product__title\">\n                Sinaasappelolie            <\/h3>\n\n            <h4 class=\"\">\n                <span style=\"font-weight:100; font-size:14px;\">vanaf<\/span>\n                <span style=\"display: flex; align-items: center; gap: 4px;\"><span class=\"woocommerce-Price-amount amount\"><bdi><span class=\"woocommerce-Price-currencySymbol\">&euro;<\/span>&nbsp;8,45<\/bdi><\/span><\/span>\n\n                            <\/h4>\n        <\/a>\n\n                                    <button type=\"button\" class=\"shopping-cart to-card-product-with-variations\" data-product-id=\"61988\"><\/button>\n                        <\/div>\n\n    <div class=\"add-to-cart-notification\" style=\"display: none\" data-activated=\"true\">\n        <h4>Toegevoegd aan winkelwagen<\/h4>\n    <\/div>\n\n    <div class=\"product-error woocommerce-error\" style=\"display: none\" data-activated=\"true\">\n        <h4 style=\"margin-bottom:0; font-size:1rem;\"><\/h4>\n    <\/div>\n\n    <div class=\"product-quantity-error woocommerce-error\" style=\"display: none\" data-activated=\"true\">\n        <h4 style=\"margin-bottom:0; font-size:1rem;\">Het product is niet toegevoegd aan de winkelwagen. Het minimale aantal moet  zijn.<\/h4>\n    <\/div>\n<\/li>\n    <\/div>\n  <\/div>\n<\/div><h2 class=\"wp-block-heading\"><\/h2><p><\/p><div class=\"wp-block-columns is-layout-flex wp-container-core-columns-is-layout-1 wp-block-columns-is-layout-flex\"><\/div>","protected":false},"excerpt":{"rendered":"","protected":false},"author":26,"featured_media":0,"parent":0,"menu_order":0,"comment_status":"closed","ping_status":"closed","template":"","meta":{"_acf_changed":false,"footnotes":""},"class_list":["post-278027","page","type-page","status-publish","hentry"],"acf":[],"_links":{"self":[{"href":"https:\/\/degroenelinde.nl\/be\/wp-json\/wp\/v2\/pages\/278027","targetHints":{"allow":["GET"]}}],"collection":[{"href":"https:\/\/degroenelinde.nl\/be\/wp-json\/wp\/v2\/pages"}],"about":[{"href":"https:\/\/degroenelinde.nl\/be\/wp-json\/wp\/v2\/types\/page"}],"author":[{"embeddable":true,"href":"https:\/\/degroenelinde.nl\/be\/wp-json\/wp\/v2\/users\/26"}],"replies":[{"embeddable":true,"href":"https:\/\/degroenelinde.nl\/be\/wp-json\/wp\/v2\/comments?post=278027"}],"version-history":[{"count":5,"href":"https:\/\/degroenelinde.nl\/be\/wp-json\/wp\/v2\/pages\/278027\/revisions"}],"predecessor-version":[{"id":291089,"href":"https:\/\/degroenelinde.nl\/be\/wp-json\/wp\/v2\/pages\/278027\/revisions\/291089"}],"wp:attachment":[{"href":"https:\/\/degroenelinde.nl\/be\/wp-json\/wp\/v2\/media?parent=278027"}],"curies":[{"name":"wp","href":"https:\/\/api.w.org\/{rel}","templated":true}]}}