{"id":279048,"date":"2025-10-30T11:41:18","date_gmt":"2025-10-30T10:41:18","guid":{"rendered":"https:\/\/degroenelinde.nl\/?page_id=279048"},"modified":"2026-02-28T17:17:48","modified_gmt":"2026-02-28T16:17:48","slug":"groothandel-in-etherische-olien","status":"publish","type":"page","link":"https:\/\/degroenelinde.nl\/be\/groothandel-in-etherische-olien","title":{"rendered":"Groothandel in etherische oli\u00ebn"},"content":{"rendered":"<div class=\"text-section grid-container\">\n  <div class=\"grid-x grid-margin-x\">\n    <div class=\"cell large-7\">\n      \n          <\/div>\n  <\/div>\n<\/div><div class=\"wp-block-columns is-layout-flex wp-container-core-columns-is-layout-1 wp-block-columns-is-layout-flex\"><div class=\"wp-block-column is-layout-flow wp-block-column-is-layout-flow\" style=\"flex-basis:100%\"><div class=\"text-section grid-container\">\n  <div class=\"grid-x grid-margin-x\">\n    <div class=\"cell large-7\">\n      \n      <p><a href=\"https:\/\/degroenelinde.nl\/be\/\"><img decoding=\"async\" class=\"alignnone wp-image-279059 size-large\" src=\"https:\/\/degroenelinde.nl\/app\/uploads\/2025\/10\/Droogmakerij-23-1-1024x768.jpg\" alt=\"Het pand van De Groene Linde aan de Droogmakerij 23 te Heiloo, inclusief mooie winkel met alle producten\" width=\"1024\" height=\"768\" srcset=\"https:\/\/degroenelinde.nl\/app\/uploads\/2025\/10\/Droogmakerij-23-1-1024x768.jpg 1024w, https:\/\/degroenelinde.nl\/app\/uploads\/2025\/10\/Droogmakerij-23-1-300x225.jpg 300w, https:\/\/degroenelinde.nl\/app\/uploads\/2025\/10\/Droogmakerij-23-1-768x576.jpg 768w, https:\/\/degroenelinde.nl\/app\/uploads\/2025\/10\/Droogmakerij-23-1-600x450.jpg 600w, https:\/\/degroenelinde.nl\/app\/uploads\/2025\/10\/Droogmakerij-23-1.jpg 1200w\" sizes=\"(max-width: 1024px) 100vw, 1024px\" \/><\/a><\/p>\n<p>Ben je op zoek naar een betrouwbare groothandel in etherische oli\u00ebn voor jouw praktijk of winkel? Of wil je als particulier genieten van de kracht van pure oli\u00ebn voor je eigen welzijn? Bij De Groene Linde vind je een breed assortiment natuurzuivere oli\u00ebn en andere producten die direct uit voorraad leverbaar zijn. Al meer dan achttien jaar leveren wij zowel aan zakelijke klanten als aan consumenten. Daarmee maken we als groothandel aromatherapie en energetisch werken voor iedereen toegankelijk.<\/p>\n<h2 class=\"p3\">Welke oli\u00ebn en blends vind je in het assortiment van onze groothandel?<\/h2>\n<p class=\"p2\">Het aanbod van onze groothandel in essenti\u00eble oli\u00ebn is geschikt voor zowel professionele toepassingen als persoonlijk gebruik:<\/p>\n<ul class=\"ul1\">\n<li class=\"li2\">Klassiekers zoals <a href=\"https:\/\/degroenelinde.nl\/be\/product\/lavendel-olie\/\"><span class=\"s2\">Lavendel<\/span><\/a>, <a href=\"https:\/\/degroenelinde.nl\/be\/product\/tea-tree-olie\/\"><span class=\"s2\">Tea Tree<\/span><\/a>, <a href=\"https:\/\/degroenelinde.nl\/be\/product\/eucalyptus-olie\/\"><span class=\"s2\">Eucalyptus<\/span><\/a> en <a href=\"https:\/\/degroenelinde.nl\/be\/product\/sinaasappelolie\/\"><span class=\"s2\">Sinaasappel<\/span><\/a>.<\/li>\n<li class=\"li2\">Blends die inspelen op <a href=\"https:\/\/degroenelinde.nl\/be\/producten\/themas\/\"><span class=\"s2\">thema\u2019s<\/span><\/a> als slaap, focus, ontspanning en bescherming.<\/li>\n<li class=\"li2\"><span class=\"s1\"><a href=\"https:\/\/degroenelinde.nl\/be\/producten\/geurlijnen\/chakras\/\"><span class=\"s3\">Chakra-oli\u00ebn<\/span><\/a><\/span> en <a href=\"https:\/\/degroenelinde.nl\/be\/producten\/geurlijnen\/\"><span class=\"s2\">geurfrequenties<\/span><\/a> die bijdragen aan innerlijke balans.<\/li>\n<\/ul>\n<p class=\"p2\">Ben je benieuwd welke olie het beste bij je past? Bekijk ons volledige overzicht van <a href=\"https:\/\/degroenelinde.nl\/be\/producten\/etherische-olien\/\"><span class=\"s2\">etherische oli\u00ebn<\/span><\/a>.<\/p>\n<h2 class=\"p3\">Voor wie zijn onze oli\u00ebn geschikt?<\/h2>\n<p class=\"p2\">Onze etherische oli\u00ebn zijn breed inzetbaar, onder andere voor:<\/p>\n<ul class=\"ul1\">\n<li class=\"li2\">Therapeuten en wellnesscentra gebruiken ze tijdens behandelingen en massages.<\/li>\n<li class=\"li2\">Winkels en webshops breiden hun assortiment uit met hoogwaardige oli\u00ebn.<\/li>\n<li class=\"li2\">Consumenten brengen sfeer in huis, vinden ondersteuning bij ontspanning en gebruiken oli\u00ebn in diffuser of massageolie.<\/li>\n<\/ul>\n<h2 class=\"p3\">Hoe je als consument of professional eenvoudig bestelt<\/h2>\n<p class=\"p2\">Bestellen gaat snel en overzichtelijk. Als <a href=\"https:\/\/degroenelinde.nl\/be\/zakelijke-klant\/\"><span class=\"s2\">zakelijke klant<\/span><\/a> vraag je een account aan en krijg je direct inzicht in jouw prijzen en orderhistorie. Als consument kun je ervoor kiezen een account aan te maken of zonder account te bestellen, wat jij het handigst vindt. In beide gevallen is het proces eenvoudig en transparant. Bestel je op een werkdag voor 15:00 uur, dan verzenden wij als groothandel dezelfde werkdag nog jouw etherische oli\u00ebn en andere producten.<\/p>\n<h2 class=\"p3\">Plaats vandaag nog jouw bestelling<\/h2>\n<p class=\"p2\">Of je nu als therapeut jouw voorraad essenti\u00eble oli\u00ebn wilt inkopen voor <a href=\"https:\/\/degroenelinde.nl\/be\/aromatherapie\/\"><span class=\"s2\">aromatherapie<\/span><\/a> of als consument \u00e9\u00e9n flesje wilt proberen: bij onze groothandel ben je zeker van een betrouwbare levering. Dankzij een uitstekende klantbeoordeling van 9,7 en diverse verkooppunten in Nederland en Belgi\u00eb (waaronder onze eigen fysieke showroom in Heiloo) weet je zeker dat je kiest voor kwaliteit en service die verder gaat dan de standaard. Plaats vandaag nog je bestelling.<\/p>\n    <\/div>\n  <\/div>\n<\/div><\/div><\/div>","protected":false},"excerpt":{"rendered":"","protected":false},"author":21,"featured_media":0,"parent":0,"menu_order":0,"comment_status":"closed","ping_status":"closed","template":"page-text.php","meta":{"_acf_changed":false,"footnotes":""},"class_list":["post-279048","page","type-page","status-publish","hentry"],"acf":[],"_links":{"self":[{"href":"https:\/\/degroenelinde.nl\/be\/wp-json\/wp\/v2\/pages\/279048","targetHints":{"allow":["GET"]}}],"collection":[{"href":"https:\/\/degroenelinde.nl\/be\/wp-json\/wp\/v2\/pages"}],"about":[{"href":"https:\/\/degroenelinde.nl\/be\/wp-json\/wp\/v2\/types\/page"}],"author":[{"embeddable":true,"href":"https:\/\/degroenelinde.nl\/be\/wp-json\/wp\/v2\/users\/21"}],"replies":[{"embeddable":true,"href":"https:\/\/degroenelinde.nl\/be\/wp-json\/wp\/v2\/comments?post=279048"}],"version-history":[{"count":10,"href":"https:\/\/degroenelinde.nl\/be\/wp-json\/wp\/v2\/pages\/279048\/revisions"}],"predecessor-version":[{"id":295812,"href":"https:\/\/degroenelinde.nl\/be\/wp-json\/wp\/v2\/pages\/279048\/revisions\/295812"}],"wp:attachment":[{"href":"https:\/\/degroenelinde.nl\/be\/wp-json\/wp\/v2\/media?parent=279048"}],"curies":[{"name":"wp","href":"https:\/\/api.w.org\/{rel}","templated":true}]}}