{"id":109654,"date":"2023-04-07T14:49:32","date_gmt":"2023-04-07T12:49:32","guid":{"rendered":"https:\/\/degroenelinde.nl\/?post_type=product&#038;p=109654"},"modified":"2026-04-09T12:08:39","modified_gmt":"2026-04-09T10:08:39","slug":"live-workshop-lichtfrequenties","status":"publish","type":"product","link":"https:\/\/degroenelinde.nl\/be\/product\/live-workshop-lichtfrequenties","title":{"rendered":"Live Workshop Lichtfrequenties"},"content":{"rendered":"<h2 class=\"p1\"><span class=\"s1\">Hoe werkt een Lichtfrequentie?<\/span><\/h2>\n<p class=\"p1\"><span class=\"s1\">De Lichtfrequenties zijn bedoeld om een gerichte keuze te kunnen maken voor jezelf of een ander uit de 44 verschillende Lichtfrequenties die Marianne heeft gecre\u00eberd. Deze 44 Lichtfrequenties zijn verdeeld over vier niveaus. Het Fysiek, Persoonlijke, Emotionele en Zielsniveau.<\/span><\/p>\n<p class=\"p1\"><span class=\"s1\">Het uittesten kan je doen middels een pendel, biotensor of gewoon via je lichaam.<span class=\"Apple-converted-space\">\u00a0 <\/span>De uitgeteste Lichtfrequentie(s) kan je vervolgens adviseren aan familie, vrienden of klanten.<\/span><\/p>\n<h2 class=\"p1\"><span class=\"s1\">Wat ga je doen?<\/span><\/h2>\n<p class=\"p2\"><span class=\"s1\">Tijdens deze workshop ga je verschillende Lichtfrequenties, Lichtfrequentie sprays en verschillende codes voelen en ervaren. Je leert hoe je de Lichtfrequenties kan toepassen.<span class=\"Apple-converted-space\">\u00a0 <\/span>Je gaat werken met je pendel en de pendel kaart Lichtfrequenties. Maar ook de Lichtfrequentie kaartenset wordt deze dag ingezet. Ik ben van mening door het te ervaren, de beste manier is om te leren over Lichtfrequenties. Je krijgt de gelegenheid om speciaal voor jouw praktijk of priv\u00e9situatie interessante toepassingen te ontdekken en je eigen te maken. En door de ervaringen van de andere deelnemers krijg je nog meer inzichten en tips en zo ontstaat er een mooie verdieping in deze materie.<\/span><\/p>\n<p>Het werken met Lichtfrequenties kan je erg confronterend zijn, mocht je emotioneel gezien niet goed in je vel zitten, is het beter is om de workshop op een ander moment te volgen.<\/p>\n<h2 class=\"p3\"><span class=\"s1\">Wat je nog meer wilt weten<\/span><\/h2>\n<ul class=\"ul1\">\n<li class=\"li1\"><span class=\"s1\">Jouw investering is \u20ac 85,00 incl. BTW<\/span><\/li>\n<li class=\"li1\"><span class=\"s1\">De hele dag door zorgen wij voor koffie, thee en lekkere tussendoortjes. <\/span><span class=\"s1\">Je neemt zelf je lunch mee<\/span><\/li>\n<li class=\"li1\"><span class=\"s1\">Heb je een pendel, biotensor of testkit, neem ze dan mee naar de workshop. Heb je ze niet, geen probleem. Ze zijn aanwezig om mee te oefenen<\/span><\/li>\n<li class=\"li1\"><span class=\"s1\">Neem pen en papier mee<\/span><\/li>\n<li class=\"li1\">W<span class=\"s1\">e beginnen om 11.00 uur en we eindigen rond de klok van 15.00 uur<\/span><\/li>\n<li class=\"li1\"><span class=\"s1\">De workshop wordt gegeven bij De Groene Linde, De Droogmakerij 23 in Heiloo<\/span><\/li>\n<\/ul>\n<p>Wil je meedoen? Plaats het product in je winkelmandje. Je bent na betaling ingeschreven. Het is niet mogelijk om je telefonisch of per mail aan te melden.<\/p>\n<h2>Let op!<\/h2>\n<p>Wanneer je je hebt aangemeld en je bent genoodzaakt om jouw deelname te annuleren, dan kan dat t\u00f3t een week v\u00f3\u00f3r de workshop gratis. Daarna geven we je een Waardebon waarmee je jezelf voor een later moment opnieuw kan aanmelden voor een jouw passende workshop bij ons.<\/p>","protected":false},"excerpt":{"rendered":"<h4><em><span class=\"s1\" style=\"color: #088036;\">&#8216;Doe je mee aan deze bijzondere workshop?&#8217;<\/span><\/em><\/h4>\n<p class=\"p2\"><span class=\"s1\">Hier lees je meer over de live workshop Lichtfrequenties. De workshop wordt gegeven door<\/span><span class=\"s1\"> Marianne. Je kan de Lichtfrequenties op verschillende manieren toepassen. In deze workshop krijg je de gelegenheid om de verschillende manieren in de praktijk te brengen en te ervaren.<\/span><\/p>","protected":false},"featured_media":151475,"comment_status":"open","ping_status":"closed","template":"","meta":{"_acf_changed":false,"footnotes":""},"product_cat":[2328,1630],"product_tag":[],"class_list":{"0":"post-109654","1":"product","2":"type-product","3":"status-publish","4":"has-post-thumbnail","6":"product_cat-live-workshops","7":"product_cat-workshops","9":"first","10":"instock","11":"taxable","12":"shipping-taxable","13":"purchasable","14":"product-type-variable","15":"has-default-attributes","16":"add-to-wishlist-before_image"},"acf":[],"_links":{"self":[{"href":"https:\/\/degroenelinde.nl\/be\/wp-json\/wp\/v2\/product\/109654","targetHints":{"allow":["GET"]}}],"collection":[{"href":"https:\/\/degroenelinde.nl\/be\/wp-json\/wp\/v2\/product"}],"about":[{"href":"https:\/\/degroenelinde.nl\/be\/wp-json\/wp\/v2\/types\/product"}],"replies":[{"embeddable":true,"href":"https:\/\/degroenelinde.nl\/be\/wp-json\/wp\/v2\/comments?post=109654"}],"version-history":[{"count":9,"href":"https:\/\/degroenelinde.nl\/be\/wp-json\/wp\/v2\/product\/109654\/revisions"}],"predecessor-version":[{"id":301444,"href":"https:\/\/degroenelinde.nl\/be\/wp-json\/wp\/v2\/product\/109654\/revisions\/301444"}],"wp:featuredmedia":[{"embeddable":true,"href":"https:\/\/degroenelinde.nl\/be\/wp-json\/wp\/v2\/media\/151475"}],"wp:attachment":[{"href":"https:\/\/degroenelinde.nl\/be\/wp-json\/wp\/v2\/media?parent=109654"}],"wp:term":[{"taxonomy":"product_cat","embeddable":true,"href":"https:\/\/degroenelinde.nl\/be\/wp-json\/wp\/v2\/product_cat?post=109654"},{"taxonomy":"product_tag","embeddable":true,"href":"https:\/\/degroenelinde.nl\/be\/wp-json\/wp\/v2\/product_tag?post=109654"}],"curies":[{"name":"wp","href":"https:\/\/api.w.org\/{rel}","templated":true}]}}