{"id":110138,"date":"2023-04-14T13:52:03","date_gmt":"2023-04-14T11:52:03","guid":{"rendered":"https:\/\/degroenelinde.nl\/?post_type=product&#038;p=110138"},"modified":"2026-03-16T16:17:59","modified_gmt":"2026-03-16T15:17:59","slug":"live-workshop-linde-care","status":"publish","type":"product","link":"https:\/\/degroenelinde.nl\/be\/product\/live-workshop-linde-care","title":{"rendered":"Live Workshop: Linde-Care"},"content":{"rendered":"<h2 class=\"p1\"><span class=\"s1\">Wat ga je doen?\u00a0<\/span><\/h2>\n<p class=\"p2\"><span class=\"s1\">Tijdens deze workshop leer je op welke manier je de verschillende producten kan toepassen bij bewoners van jullie zorginstelling(en).\u00a0<\/span><\/p>\n<h2 class=\"p3\"><span class=\"s1\">Wat je nog meer wilt weten<\/span><\/h2>\n<ul class=\"ul1\">\n<li class=\"li1\"><span class=\"s1\">Jouw investering is\u00a0\u20ac 79,00 incl BTW.<\/span><\/li>\n<li class=\"li1\"><span class=\"s1\">De hele dag door is er koffie, thee en lekkere tussendoortjes.<\/span><\/li>\n<li class=\"li1\"><span class=\"s1\"> Zelf meenemen: Je lunch en pen en papier.<\/span><\/li>\n<\/ul>\n<h2 class=\"p1\"><span class=\"s1\">Wanneer en waar?<\/span><\/h2>\n<p class=\"p1\"><span class=\"s1\">We beginnen om 10.00 uur en we eindigen rond de klok van 15.00 uur.<br \/>\nLocatie: De Droogmakerij 23, 1851 LX Heiloo<\/span><\/p>\n<p class=\"p2\"><span class=\"s1\">Wil je meedoen? Kies de gewenste datum en stop deze in je winkelmandje. Je bent na betaling ingeschreven. Het is niet mogelijk om je telefonisch of per mail aan te melden.<\/span><\/p>\n<p class=\"p1\"><span class=\"s1\">Let op!<br \/>\nWanneer je je hebt aangemeld en je bent genoodzaakt om jouw deelname \u00a0te annuleren, dan kan dat t\u00f3t een week v\u00f3\u00f3r de workshop gratis. Daarna geven we je een Waardebon waarmee je jezelf voor een later moment opnieuw kan aanmelden voor een jouw passende workshop bij ons.<\/span><\/p>","protected":false},"excerpt":{"rendered":"<h4><span style=\"color: #088036;\"><em>&#8216;Doe je mee met deze live workshop?&#8217;<\/em><\/span><\/h4>\n<p>Bij De Groene Linde hebben wij al langere tijd onze Linde Care lijn. Een speciale geurlijn om te gebruiken in de zorg. Deze prachtige geurlijn wordt al in vele zorginstellingen ingezet met mooie resultaten .Wij bieden de workshop aan voor teams in de zorg maar natuurlijk ook voor mensen uit de thuiszorg en mantelzorgers die zich graag zelf willen laten bijscholen.<\/p>","protected":false},"featured_media":102586,"comment_status":"open","ping_status":"closed","template":"","meta":{"_acf_changed":false,"footnotes":""},"product_cat":[1630],"product_tag":[],"class_list":{"0":"post-110138","1":"product","2":"type-product","3":"status-publish","4":"has-post-thumbnail","6":"product_cat-workshops","8":"first","9":"instock","10":"taxable","11":"shipping-taxable","12":"purchasable","13":"product-type-variable","14":"add-to-wishlist-before_image"},"acf":[],"_links":{"self":[{"href":"https:\/\/degroenelinde.nl\/be\/wp-json\/wp\/v2\/product\/110138","targetHints":{"allow":["GET"]}}],"collection":[{"href":"https:\/\/degroenelinde.nl\/be\/wp-json\/wp\/v2\/product"}],"about":[{"href":"https:\/\/degroenelinde.nl\/be\/wp-json\/wp\/v2\/types\/product"}],"replies":[{"embeddable":true,"href":"https:\/\/degroenelinde.nl\/be\/wp-json\/wp\/v2\/comments?post=110138"}],"version-history":[{"count":1,"href":"https:\/\/degroenelinde.nl\/be\/wp-json\/wp\/v2\/product\/110138\/revisions"}],"predecessor-version":[{"id":301442,"href":"https:\/\/degroenelinde.nl\/be\/wp-json\/wp\/v2\/product\/110138\/revisions\/301442"}],"wp:featuredmedia":[{"embeddable":true,"href":"https:\/\/degroenelinde.nl\/be\/wp-json\/wp\/v2\/media\/102586"}],"wp:attachment":[{"href":"https:\/\/degroenelinde.nl\/be\/wp-json\/wp\/v2\/media?parent=110138"}],"wp:term":[{"taxonomy":"product_cat","embeddable":true,"href":"https:\/\/degroenelinde.nl\/be\/wp-json\/wp\/v2\/product_cat?post=110138"},{"taxonomy":"product_tag","embeddable":true,"href":"https:\/\/degroenelinde.nl\/be\/wp-json\/wp\/v2\/product_tag?post=110138"}],"curies":[{"name":"wp","href":"https:\/\/api.w.org\/{rel}","templated":true}]}}