{"id":158692,"date":"2024-07-25T15:32:14","date_gmt":"2024-07-25T13:32:14","guid":{"rendered":"https:\/\/degroenelinde.nl\/?post_type=product&#038;p=158692"},"modified":"2026-03-12T12:02:55","modified_gmt":"2026-03-12T11:02:55","slug":"power-pillow-snowy-white","status":"publish","type":"product","link":"https:\/\/degroenelinde.nl\/be\/product\/power-pillow-snowy-white","title":{"rendered":"Power Pillow Snowy White"},"content":{"rendered":"<div class=\"description\">\n<div class=\"text-toggle-blocks\">\n<div class=\"text-toggle-block text-expanded\">\n<div class=\"text-toggle-content\">\n<p>Voor de stenen die het energieveld dragen is Jildau gaan voelen wat hierbij past en zo kwam ze uit op de combinatie van de amethistkwarts, bergkristal, rozenkwarts en zonneschijn aura. De eerste drie vormen samen de bekende gouden driehoek. Hierin heeft ze een aanpassing gemaakt en gekozen voor de amethistkwarts in plaats van de normale amethist, omdat deze een krachtigere werking heeft door de kwarts. Daarnaast is de zonneschijn aura toegevoegd. Tijdens Jildau&#8217;s zoektocht viel haar oog op deze kleine gouden druppel en het voelde compleet.<\/p>\n<p>De oli\u00ebn zijn zelf naar keus uit te zoeken die op de oliedrager gedruppeld kan worden. De oli\u00ebn zullen bijdragen aan het energieveld van het kussen. Oli\u00ebn en stenen versterken elkaar in werking. Door zelf een olie op afstemming uit te kiezen zal dit zeker ten goede komen.<\/p>\n<p>De Power Pillow kan ingezet worden om je extra ondersteuning te geven bij meditatie, om meer ontspanning te cre\u00ebren, bij ademhalingsoefeningen (leg het kussen dan op de onderbuik), om rustig te slapen (leg het kussen bij je in bed) en om troost te bieden. Dit kan met een geur frequentie naar keuze, voor zowel volwassenen als voor kinderen. Er is ook een kinder variant, dit is een kleiner kussentje met andere kristallen.<\/p>\n<h2>Tips in gebruik van de Power Pillow Snowy White<\/h2>\n<p>Druppel de olie op het Cederhouten hartje en plaats deze met de stenen in de speltkaf in de binnenvoering van de Power Pillow.<\/p>\n<p><em>Amethistkwarts<\/em>\u00a0een steen voor bescherming, kracht, acceptatie, innerlijke vrede, de kwarts in de amethist zorgt voor een krachtigere werking van deze steen.<\/p>\n<p><em>Bergkristal<\/em>\u00a0een steen voor zuivering en reiniging, geeft helderheid, brengt je energie, versterkt je veld en de werking van andere edelstenen.<\/p>\n<p><em>Rozenkwarts<\/em>\u00a0echt een liefdevolle steen die je hart opent om zowel liefde te geven als te ontvangen, werkt kalmerend, zachte maar tegelijkertijd ook krachtige steen.<\/p>\n<h2>Materialen<\/h2>\n<p>Fluweel, pitjeskatoen, speltkaf *alles van biologische oorsprong<\/p>\n<p>Speltkaf is hypoallergeen en heeft een heilzame werking op lichaam en geest. Om speltkaf nieuwe energie te geven kan het binnenkussen op een zonnige dag buiten worden neergelegd zodat de speltkaf zich hiermee kan opladen. Speltkaf houdt niet van water. Zowel binnenvoering als buitenhoes zijn voorzien van ritsen.<\/p>\n<h2>Nazorg<\/h2>\n<p>De fluwelen buitenhoes is op de hand te wassen. Binnenkussen niet wasbaar.<\/p>\n<p>De stenen kan je reinigen door onder stromend water te houden. Opladen kan je doen met de krachtige energie van de volle maan. Leg de stenen een nacht in het volle maanlicht.<\/p>\n<h2>Maat<\/h2>\n<p>16,5 cm<\/p>\n<h2>Ervaringen met Power Pillow Snowy White<\/h2>\n<p>\u201cMijn allereerste ervaring met een kussen was een \u2018wow\u2019 ik werd getrokken naar mijn lichaam en merkte dat ik meteen zakte en in het nulpunt kwam. Stilte, van hoofd naar hart! Het opent echt mijn hart en brengt veel rust. Wanneer ik zelf onrust ervaar of mij kwetsbaarder voel dan pak ik het kussen vaak bij me, dan kan ik goed voelen hoe mijn energieveld zich herstelt en meer beschermd is. Hij ligt altijd wel in de buurt, ook met slapen. Het biedt zeker ondersteuning, ook in tijden van transformatie.\u201d<\/p>\n<p>\u201cHet kussen brengt mij naar het nulpunt. Het punt van rust en stilte.\u201d<\/p>\n<p>\u201cHet kussen is voor mij een hartopener. Tijdens meditaties leg ik het kussen op mijn buik waardoor ik nog dieper in een meditatie kom. Het kussen heeft voor mijn gevoel een hoge frequentie. Wanneer ik verdrietig ben dan hou ik het kussen bij me zodat ik de emoties makkelijker kan laten stromen en zo kan helen. Dit doe ik ook met pijnlijke plekken, ik leg dan het kussen op die plekken voor verlichting van de pijn.\u201d<\/p>\n<p>\u201cIk gebruik het kussen voornamelijk als ik ongesteld ben of een onrustige buik heb. Ik leg het dan op mijn buik en voel ik meteen dat mijn buik er rustig van wordt. Naast dat het mega zacht is en lekker ruikt, werkt het dus ook echt geruststellend! De Power Pillow ligt eigenlijk altijd wel ergens in de buurt van mij. daarnaast helpt het mij goed om een momentje voor mijzelf te nemen en weer in te tunen. Je voelt gewoon dat het met mooie materialen, liefde en zorg is gemaakt op zulke momenten.\u201d<\/p>\n<\/div>\n<\/div>\n<\/div>\n<\/div>","protected":false},"excerpt":{"rendered":"<h4><span style=\"color: #088036;\"><em>&#8220;Power Pillow, voor een fijne en zachte ondersteuning&#8221;<\/em><\/span><\/h4>\n<p>Een kussen ontstaan vanuit het idee om energetische ondersteuning te bieden voor zowel kinderen als volwassenen. Een energieveld verpakt in een tastbaar product. Elk kussen is met zorg en liefde handgemaakt door\u00a0<em>Jildau\u2019s Atelier &amp; Activations.<\/em><\/p>\n<p>Materialen vervullen een belangrijke rol. Om het zo zuiver mogelijk te houden, is er gekozen voor biologische en natuurlijke materialen.<\/p>","protected":false},"featured_media":172680,"comment_status":"open","ping_status":"closed","template":"","meta":{"_acf_changed":false,"footnotes":""},"product_cat":[1753,1597],"product_tag":[],"class_list":{"0":"post-158692","1":"product","2":"type-product","3":"status-publish","4":"has-post-thumbnail","6":"product_cat-power-pillows","7":"product_cat-uitlopende-producten","9":"first","10":"instock","11":"taxable","12":"shipping-taxable","13":"purchasable","14":"product-type-simple","15":"add-to-wishlist-before_image"},"acf":[],"_links":{"self":[{"href":"https:\/\/degroenelinde.nl\/be\/wp-json\/wp\/v2\/product\/158692","targetHints":{"allow":["GET"]}}],"collection":[{"href":"https:\/\/degroenelinde.nl\/be\/wp-json\/wp\/v2\/product"}],"about":[{"href":"https:\/\/degroenelinde.nl\/be\/wp-json\/wp\/v2\/types\/product"}],"replies":[{"embeddable":true,"href":"https:\/\/degroenelinde.nl\/be\/wp-json\/wp\/v2\/comments?post=158692"}],"version-history":[{"count":4,"href":"https:\/\/degroenelinde.nl\/be\/wp-json\/wp\/v2\/product\/158692\/revisions"}],"predecessor-version":[{"id":299849,"href":"https:\/\/degroenelinde.nl\/be\/wp-json\/wp\/v2\/product\/158692\/revisions\/299849"}],"wp:featuredmedia":[{"embeddable":true,"href":"https:\/\/degroenelinde.nl\/be\/wp-json\/wp\/v2\/media\/172680"}],"wp:attachment":[{"href":"https:\/\/degroenelinde.nl\/be\/wp-json\/wp\/v2\/media?parent=158692"}],"wp:term":[{"taxonomy":"product_cat","embeddable":true,"href":"https:\/\/degroenelinde.nl\/be\/wp-json\/wp\/v2\/product_cat?post=158692"},{"taxonomy":"product_tag","embeddable":true,"href":"https:\/\/degroenelinde.nl\/be\/wp-json\/wp\/v2\/product_tag?post=158692"}],"curies":[{"name":"wp","href":"https:\/\/api.w.org\/{rel}","templated":true}]}}