{"id":158754,"date":"2024-07-26T13:50:18","date_gmt":"2024-07-26T11:50:18","guid":{"rendered":"https:\/\/degroenelinde.nl\/?post_type=product&#038;p=158754"},"modified":"2026-03-12T12:01:06","modified_gmt":"2026-03-12T11:01:06","slug":"crystal-sheet","status":"publish","type":"product","link":"https:\/\/degroenelinde.nl\/be\/product\/crystal-sheet","title":{"rendered":"Crystal Sheet"},"content":{"rendered":"<p>Het laken komt samen met 3 verschillende grids (energievelden)<\/p>\n<ul>\n<li>on the ground<\/li>\n<li>in between<\/li>\n<li>in the clouds<\/li>\n<li>Het kiezen van de grid kan je doen met de vraag; wat heb ik nu nodig? En dan \u00e9\u00e9n voor \u00e9\u00e9n de zakjes vasthouden, welke het meest resoneert kan je verdelen over de vakjes van de sheet. Slaap zolang je het prettig vind met dit grid en kan je deze altijd wisselen wanneer je daar behoefte voor voelt. Ook zit er een houten geurdrager bij, hier kun je een ondersteunde olie op druppelen en bijvoorbeeld naast je bed leggen.<\/li>\n<\/ul>\n<h4>On the ground: Aardend &amp; stabiliserend<\/h4>\n<p>Dit grid zit in het groene zakje en is bedoeld om je weer op de grond te zetten, inhoud is Boomagaat, Groene Aventurijn en Howliet.<\/p>\n<h4>In between: Harmoniserend<\/h4>\n<p>Dit grid zit in het gouden zakje en staat ook bekend onder de naam de Gouden Driehoek omdat deze een heel fijn uitgebalanceerd &amp; harmoniserende werking heeft, inhoud is Amethist, Bergkristal en Rozenkwarts.<\/p>\n<h4>In the clouds: Verhelderend &amp; zuiverend<\/h4>\n<p>Dit grid zit in het witte zakje en is bedoeld om je meer helderheid en stabiliteit te geven in je gevoelswereld, inhoud is Bergkristal, Grijze Agaat en Maansteen<\/p>\n<p>Alle grids werken o.a. kalmerend. Benieuwd naar meer eigenschappen? Zoek deze dan per edelsteen op.<\/p>\n<p>&#8220;<em>Dit product bestond al ruim 3 jaar geleden in mijn gedachtenwereld. Heel duidelijk had ik voor ogen; een lakentje onder je voeten dat je energie afvoert tijdens het slapen. En zo door de jaren heen kreeg het steeds meer vorm. Van het ontwerp van de Crystal Sheet tot het samenstellen van de grids &amp; er daadwerkelijk mee slapen. Elk grid heb ik met zorg samengesteld voor een optimale werking &amp; nachtrust. Groetjes Jildau&#8221;<\/em><\/p>\n<h4>Inhoud:<\/h4>\n<p>Laken 60 x 45 cm<br \/>\nhouten kistje met daarin 3 zakjes met kristal grid<br \/>\nhouten geurdrager<br \/>\nuitlegkaartje<br \/>\nwasvoorschrift<\/p>","protected":false},"excerpt":{"rendered":"<h4><em><span style=\"color: #088036;\">&#8221;Een laken ontworpen voor het afvoeren van je energie in de nacht &amp; het opladen en regenereren van je energieveld met behulp van edelstenen&#8221;<\/span><\/em><\/h4>\n<p>Weer een mooi product handgemaakt door JILDAU\u2019S ATELIER &amp; ACTIVATIONS. Na haar prachtige Power Pillows en Eye Pillows is er nu ook een Crystal Sheet.<\/p>\n<p>Het laken is zo ontworpen dat je op 3 punten de edelstenen grid er in kan verdelen. Leg het laken op het voeteneind op je matras (onder je hoeslaken) met de punt naar beneden.<\/p>","protected":false},"featured_media":158778,"comment_status":"open","ping_status":"closed","template":"","meta":{"_acf_changed":false,"footnotes":""},"product_cat":[1753,1597],"product_tag":[],"class_list":{"0":"post-158754","1":"product","2":"type-product","3":"status-publish","4":"has-post-thumbnail","6":"product_cat-power-pillows","7":"product_cat-uitlopende-producten","9":"first","10":"instock","11":"taxable","12":"shipping-taxable","13":"purchasable","14":"product-type-simple","15":"add-to-wishlist-before_image"},"acf":[],"_links":{"self":[{"href":"https:\/\/degroenelinde.nl\/be\/wp-json\/wp\/v2\/product\/158754","targetHints":{"allow":["GET"]}}],"collection":[{"href":"https:\/\/degroenelinde.nl\/be\/wp-json\/wp\/v2\/product"}],"about":[{"href":"https:\/\/degroenelinde.nl\/be\/wp-json\/wp\/v2\/types\/product"}],"replies":[{"embeddable":true,"href":"https:\/\/degroenelinde.nl\/be\/wp-json\/wp\/v2\/comments?post=158754"}],"version-history":[{"count":4,"href":"https:\/\/degroenelinde.nl\/be\/wp-json\/wp\/v2\/product\/158754\/revisions"}],"predecessor-version":[{"id":299847,"href":"https:\/\/degroenelinde.nl\/be\/wp-json\/wp\/v2\/product\/158754\/revisions\/299847"}],"wp:featuredmedia":[{"embeddable":true,"href":"https:\/\/degroenelinde.nl\/be\/wp-json\/wp\/v2\/media\/158778"}],"wp:attachment":[{"href":"https:\/\/degroenelinde.nl\/be\/wp-json\/wp\/v2\/media?parent=158754"}],"wp:term":[{"taxonomy":"product_cat","embeddable":true,"href":"https:\/\/degroenelinde.nl\/be\/wp-json\/wp\/v2\/product_cat?post=158754"},{"taxonomy":"product_tag","embeddable":true,"href":"https:\/\/degroenelinde.nl\/be\/wp-json\/wp\/v2\/product_tag?post=158754"}],"curies":[{"name":"wp","href":"https:\/\/api.w.org\/{rel}","templated":true}]}}