{"id":159373,"date":"2024-08-06T14:49:17","date_gmt":"2024-08-06T12:49:17","guid":{"rendered":"https:\/\/degroenelinde.nl\/?post_type=product&#038;p=159373"},"modified":"2026-04-13T20:09:15","modified_gmt":"2026-04-13T18:09:15","slug":"live-workshop-energetische-chakra-voetmassage","status":"publish","type":"product","link":"https:\/\/degroenelinde.nl\/be\/product\/live-workshop-energetische-chakra-voetmassage","title":{"rendered":"Live workshop energetische chakra voetmassage"},"content":{"rendered":"<p>De hele behandeling kan veel teweeg brengen en is daarom zo waardevol voor mensen die vast zitten. Energie kan weer stromen en mensen voelen zich een stuk beter.<br \/>\nHeb je geen praktijk? Geen probleem! Deze massagetechniek kan je ook thuis gebruiken. Kinderen vinden het heerlijk en je kunt het toepassen op familie en vrienden.<\/p>\n<h2>Wat ga je leren?<\/h2>\n<p>Natuurlijk leer je de massage techniek Energetische chakra Voetmassage aan. Je krijgt kennis over je chakra&#8217;s aangereikt en je werkt natuurlijk met de geurfrequenties. Tijdens deze workshop maken we gebruik van <a href=\"https:\/\/degroenelinde.nl\/be\/producten\/geurfrequenties\/chakras\/\">de chakra lijn<\/a>. Het houdt niet in dat je geen andere geurfrequenties kan toepassen bij deze behandeling.<br \/>\nJe krijgt genoeg gelegenheid om de massagetechniek te oefenen en te ondergaan.<\/p>\n<h2>Wat je nog meer wilt weten<\/h2>\n<ul>\n<li>Jouw investering is \u20ac 95,00 inclusief BTW<\/li>\n<li>Voor versnaperingen zorgen wij maar je neemt wel je eigen lunch mee. Er staat de hele dag koffie en thee voor je klaar<\/li>\n<li>Je trekt makkelijk zittende kleding aan en je laat je sieraden thuis<\/li>\n<li>De workshop wordt gegeven bij De Groene Linde, De Droogmakerij 23 in Heiloo<\/li>\n<li>De dag begint om 10.00 uur en eindigt rond 16.00 uur<\/li>\n<\/ul>\n<h2>Wat je mee neemt?<\/h2>\n<ul>\n<li>Een teiltje voor een voetenbad<\/li>\n<li>Twee handdoeken, het liefst een paar van een groter formaat<\/li>\n<li>Een dekentje waar je onder kan liggen<\/li>\n<\/ul>\n<p>Wil je meedoen? Plaats het product in je winkelmandje. Je bent na betaling ingeschreven. Het is niet mogelijk om je telefonisch of per mail aan te melden.<\/p>\n<h2>Let op!<\/h2>\n<p>Wanneer je je hebt aangemeld en je bent genoodzaakt om jouw deelname te annuleren, dan kan dat t\u00f3t een week v\u00f3\u00f3r de workshop gratis. Daarna geven we je een Waardebon waarmee je jezelf voor een later moment opnieuw kan aanmelden voor een jouw passende workshop bij ons.<\/p>","protected":false},"excerpt":{"rendered":"<h4><em><span style=\"color: #088036;\">&#8221;Een zachte en energetische voetmassage waarmee je de chakra&#8217;s behandeld&#8221;<\/span><\/em><\/h4>\n<p>Een nieuwe workshop is geboren, de energetische chakra voetmassage. Een zachte massage die je op de voeten geeft en waarmee je het chakra systeem balanceert. Met deze zachte massage kunnen blokkades die in de chakra&#8217;s zijn ontstaan los worden gemaakt, waardoor de energie weer op een gezonde manier kan stromen. Het is een massage vorm die je als losse behandeling kan aanbieden, maar je kunt deze ook heel makkelijk integreren in een behandeling die je al geeft.<\/p>","protected":false},"featured_media":160005,"comment_status":"open","ping_status":"closed","template":"","meta":{"_acf_changed":false,"footnotes":""},"product_cat":[2328,1630],"product_tag":[],"class_list":{"0":"post-159373","1":"product","2":"type-product","3":"status-publish","4":"has-post-thumbnail","6":"product_cat-live-workshops","7":"product_cat-workshops","9":"first","10":"instock","11":"taxable","12":"shipping-taxable","13":"purchasable","14":"product-type-variable","15":"add-to-wishlist-before_image"},"acf":[],"_links":{"self":[{"href":"https:\/\/degroenelinde.nl\/be\/wp-json\/wp\/v2\/product\/159373","targetHints":{"allow":["GET"]}}],"collection":[{"href":"https:\/\/degroenelinde.nl\/be\/wp-json\/wp\/v2\/product"}],"about":[{"href":"https:\/\/degroenelinde.nl\/be\/wp-json\/wp\/v2\/types\/product"}],"replies":[{"embeddable":true,"href":"https:\/\/degroenelinde.nl\/be\/wp-json\/wp\/v2\/comments?post=159373"}],"version-history":[{"count":7,"href":"https:\/\/degroenelinde.nl\/be\/wp-json\/wp\/v2\/product\/159373\/revisions"}],"predecessor-version":[{"id":301437,"href":"https:\/\/degroenelinde.nl\/be\/wp-json\/wp\/v2\/product\/159373\/revisions\/301437"}],"wp:featuredmedia":[{"embeddable":true,"href":"https:\/\/degroenelinde.nl\/be\/wp-json\/wp\/v2\/media\/160005"}],"wp:attachment":[{"href":"https:\/\/degroenelinde.nl\/be\/wp-json\/wp\/v2\/media?parent=159373"}],"wp:term":[{"taxonomy":"product_cat","embeddable":true,"href":"https:\/\/degroenelinde.nl\/be\/wp-json\/wp\/v2\/product_cat?post=159373"},{"taxonomy":"product_tag","embeddable":true,"href":"https:\/\/degroenelinde.nl\/be\/wp-json\/wp\/v2\/product_tag?post=159373"}],"curies":[{"name":"wp","href":"https:\/\/api.w.org\/{rel}","templated":true}]}}