{"id":165982,"date":"2024-10-11T10:41:25","date_gmt":"2024-10-11T08:41:25","guid":{"rendered":"https:\/\/degroenelinde.nl\/?post_type=product&#038;p=165982"},"modified":"2026-03-12T21:28:31","modified_gmt":"2026-03-12T20:28:31","slug":"kakaw-spirit-melkopschuimer","status":"publish","type":"product","link":"https:\/\/degroenelinde.nl\/be\/product\/kakaw-spirit-melkopschuimer","title":{"rendered":"Kakaw Spirit melkopschuimer"},"content":{"rendered":"<h2>Waarom onze melkopschuimer voor cacao ceremonies?<\/h2>\n<ul>\n<li>Perfect geschuimde kakaw: met onze melkopschuimer bereik je de ideale textuur voor je cacao. Of je nu de voorkeur geeft aan fluweelzacht schuim of warme, romige melk, onze melkopschuimer zorgt voor een onge\u00ebvenaarde ervaring<\/li>\n<li>Gemakkelijk in gebruik: deze melkopschuimer is ontworpen met eenvoud in gedachten, zodat je moeiteloos de perfecte schuimlaag kunt cre\u00ebren. Met \u00e9\u00e9n druk op de knop bereid je je cacao met een zijdezachte consistentie.<\/li>\n<li>Aanpasbaar aan jouw voorkeuren: experimenteer met verschillende soorten cacao en melk, pas de schuimtextuur aan naar jouw smaak. Onze melkopschuimer biedt veelzijdigheid om aan al je ceremoni\u00eble wensen te voldoen.<\/li>\n<li>Stijlvol design: geniet niet alleen van de functionaliteit, maar ook van het stijlvolle ontwerp van onze melkopschuimer. Een aanvulling op de sfeer van jouw ceremoni\u00eble ruimte, waardoor het een waar genot is voor al je zintuigen.<\/li>\n<li>Transformeer jouw thuis in een heiligdom van smaak en spirituele voldoening met onze melkopschuimer.<\/li>\n<\/ul>\n<p>Laat het schuimen beginnen, ervaar de rijke, romige textuur van geschuimde kakaw poeder en til jouw ceremoni\u00eble momenten naar een hoger niveau. Proost op de kunst van Kakaw!<\/p>\n<h2>Tips in gebruik:<\/h2>\n<p>Stap 1: Kies de hoeveelheid cacaopoeder<\/p>\n<div class=\"rte\">\n<ul>\n<li>Voor regulier gebruik, maak gebruik van 10 gram cacaopoeder.<\/li>\n<li>Voor ceremonieel gebruik, verhoog de hoeveelheid naar 20-25 gram voor een diepere en meer verfijnde smaakervaring<\/li>\n<\/ul>\n<p>Stap 2: Kies de vloeistof en hoeveelheid<\/p>\n<div class=\"rte\">\n<ul>\n<li>Meet 125 milliliter plantaardige melk af. Kies voor amandel-, kokos- of havermelk voor een romige textuur, voor regulier gebruik.<\/li>\n<li>Of kies voor water voor een lichtere, minder heftige smaak.<\/li>\n<li>Gebruik 200 milliliter plantaardige melk of water voor ceremonieel gebruik.<\/li>\n<\/ul>\n<p>Stap 3: Verwarm de vloeistof<\/p>\n<div class=\"rte\">\n<ul>\n<li>Verwarm de gekozen vloeistof in een steelpan op laag vuur tot het een temperatuur van ongeveer 70 graden Celsius bereikt. Dit zorgt ervoor dat de cacaopoeder goed oplost en de smaken zich mengen.<\/li>\n<\/ul>\n<p>Stap 4: Blend voor een romige textuur<\/p>\n<div class=\"rte\">\n<ul>\n<li>Gebruik onze melkopschuimer om je drank te mixen tot het romig en schuimig is. Dit voegt een heerlijke textuur toe aan je cacao drank.<\/li>\n<\/ul>\n<\/div>\n<\/div>\n<h5><em>Tip: Sommige van onze cacao blends zijn wat dikker dan de ander, mocht je dit niet prettig vinden dan kan je hem nog wat verdunnen met water of (plant based) melk, tot de juiste dikte.<\/em><\/h5>\n<ul>\n<li>Let op: in de doos zit een beschrijving van de opschuimer. Hierin worden twee opzet stukken beschreven, weet dat deze melkopschuimer met 1 opzetstuk geleverd wordt.<br \/>\nexcl batterijen<\/li>\n<\/ul>\n<\/div>\n<\/div>","protected":false},"excerpt":{"rendered":"<h4><em><span style=\"color: #088036;\">&#8220;Breng de betovering van een kakaw ceremonie naar je eigen huis&#8221;<\/span><\/em><\/h4>\n<p>Met deze\u00a0 speciale melkopschuimer breng je de kakaw poeder tot leven. Ervaar de rijke, romige textuur van geschuimde kakaw poeder en til jouw ceremoni\u00eble momenten naar een hoger niveau.<\/p>","protected":false},"featured_media":253295,"comment_status":"open","ping_status":"closed","template":"","meta":{"_acf_changed":false,"footnotes":""},"product_cat":[2359],"product_tag":[],"class_list":{"0":"post-165982","1":"product","2":"type-product","3":"status-publish","4":"has-post-thumbnail","6":"product_cat-kakaw-spirit","8":"first","9":"instock","10":"taxable","11":"shipping-taxable","12":"purchasable","13":"product-type-simple","14":"add-to-wishlist-before_image"},"acf":[],"_links":{"self":[{"href":"https:\/\/degroenelinde.nl\/be\/wp-json\/wp\/v2\/product\/165982","targetHints":{"allow":["GET"]}}],"collection":[{"href":"https:\/\/degroenelinde.nl\/be\/wp-json\/wp\/v2\/product"}],"about":[{"href":"https:\/\/degroenelinde.nl\/be\/wp-json\/wp\/v2\/types\/product"}],"replies":[{"embeddable":true,"href":"https:\/\/degroenelinde.nl\/be\/wp-json\/wp\/v2\/comments?post=165982"}],"version-history":[{"count":4,"href":"https:\/\/degroenelinde.nl\/be\/wp-json\/wp\/v2\/product\/165982\/revisions"}],"predecessor-version":[{"id":299724,"href":"https:\/\/degroenelinde.nl\/be\/wp-json\/wp\/v2\/product\/165982\/revisions\/299724"}],"wp:featuredmedia":[{"embeddable":true,"href":"https:\/\/degroenelinde.nl\/be\/wp-json\/wp\/v2\/media\/253295"}],"wp:attachment":[{"href":"https:\/\/degroenelinde.nl\/be\/wp-json\/wp\/v2\/media?parent=165982"}],"wp:term":[{"taxonomy":"product_cat","embeddable":true,"href":"https:\/\/degroenelinde.nl\/be\/wp-json\/wp\/v2\/product_cat?post=165982"},{"taxonomy":"product_tag","embeddable":true,"href":"https:\/\/degroenelinde.nl\/be\/wp-json\/wp\/v2\/product_tag?post=165982"}],"curies":[{"name":"wp","href":"https:\/\/api.w.org\/{rel}","templated":true}]}}