{"id":178587,"date":"2025-01-28T16:40:37","date_gmt":"2025-01-28T15:40:37","guid":{"rendered":"https:\/\/degroenelinde.nl\/?post_type=product&#038;p=178587"},"modified":"2026-03-24T19:31:28","modified_gmt":"2026-03-24T18:31:28","slug":"het-kruiden-astrologie-orakel","status":"publish","type":"product","link":"https:\/\/degroenelinde.nl\/be\/product\/het-kruiden-astrologie-orakel","title":{"rendered":"Het kruiden astrologie orakel"},"content":{"rendered":"<div class=\"prose prose-sm mt-4 text-[#363c3c] prose-headings:font-playfair prose-headings:font-bold\">\n<p>De 55 kaarten zijn prachtig ge\u00efllustreerd door Jos\u00e9phine Klerks, een kunstenares en kruidenkenner. Haar werk is diep verbonden met de spirituele en symbolische kracht van de natuur, waarbij de essentie van planten wordt gecombineerd met hun hemelse invloeden. De gedetailleerde illustraties benadrukken de heilige verbinding tussen planten, dieren en planetaire energie\u00ebn, wat zorgt voor een visueel indrukwekkende ervaring.<\/p>\n<h2>Symboliek en Thema&#8217;s<\/h2>\n<p>Dit orakel onderzoekt de oude kunst van astrologische kruidkunde, waarin planten en planetaire krachten nauw met elkaar verbonden zijn. Elke kaart bevat een heilige plant en zijn astrologische overeenkomsten, met symbolische betekenissen die betrekking hebben op traditionele geneeskunde, ceremoni\u00eble toepassingen en spirituele begeleiding. Het deck biedt ook inzichten in de kracht van cycli, alchemie en de diepere relaties tussen mens, natuur en de kosmos.<\/p>\n<h2>Gebruikservaring<\/h2>\n<p>Het Kruiden Astrologie Orakel is geschikt voor zowel beginners als ervaren gebruikers van waarzeggerij. Met een begeleidend boekje van 166 pagina\u2019s krijgen gebruikers gedetailleerde interpretaties van elke kaart, samen met richtlijnen voor hoe je de energie\u00ebn van planten kunt integreren in dagelijkse spirituele praktijken. Het deck biedt een uniek hulpmiddel om zowel persoonlijke genezing als universele wijsheid te verkennen.<\/p>\n<h2>Over de Auteur<\/h2>\n<p>Adriana Ayales is een gerenommeerde kruidenkenner uit het regenwoud, docent en oprichtster van Anima Mundi Herbals. Met diepe wortels in Costa Ricaanse genezingsmethoden, is het Adriana\u2019s missie om oude remedies naar de moderne wereld te brengen via duurzame kruidengeneeskunde. Haar werk is toegewijd aan het behoud van de heilige kennis van de natuur. Illustrator Jos\u00e9phine Klerks, een kruidenkenner uit Zweden, put uit haar gemengde afkomst om kunst te cre\u00ebren die diep verbonden is met de aarde en zijn hemelse energie\u00ebn.<\/p>\n<\/div>\n","protected":false},"excerpt":{"rendered":"<h4 class=\"font-playfair text-2xl font-bold\"><span style=\"color: #088036;\"><em><span style=\"font-size: 16px;\">&#8220;Ontdek de mystieke verbinding tussen planten en de kosmos&#8221;<\/span><\/em><\/span><\/h4>\n<div class=\"prose prose-sm mt-4 text-[#363c3c] prose-headings:font-playfair prose-headings:font-bold\">\n<p>Het Kruiden Astrologie Orakel van Adriana Ayales is een orakelset met 55 kaarten die de oude wijsheid van astrologische kruidkunde combineert met moderne vormen van waarzeggerij. Dit deck biedt diepgaande inzichten in de helende kracht van planten en hun hemelse verbindingen. Elke rijk ge\u00efllustreerde kaart toont een heilige plant en zijn planetaire heerser, en opent zo een poort naar de geheimen van de natuur en de kosmos. Ontwerp en Illustraties<\/p>\n<\/div>\n","protected":false},"featured_media":178588,"comment_status":"open","ping_status":"closed","template":"","meta":{"_acf_changed":false,"footnotes":""},"product_cat":[1619,1661],"product_tag":[],"class_list":{"0":"post-178587","1":"product","2":"type-product","3":"status-publish","4":"has-post-thumbnail","6":"product_cat-boeken-en-inspiratie","7":"product_cat-inzichtkaarten","9":"first","10":"instock","11":"taxable","12":"shipping-taxable","13":"purchasable","14":"product-type-simple","15":"add-to-wishlist-before_image"},"acf":[],"_links":{"self":[{"href":"https:\/\/degroenelinde.nl\/be\/wp-json\/wp\/v2\/product\/178587","targetHints":{"allow":["GET"]}}],"collection":[{"href":"https:\/\/degroenelinde.nl\/be\/wp-json\/wp\/v2\/product"}],"about":[{"href":"https:\/\/degroenelinde.nl\/be\/wp-json\/wp\/v2\/types\/product"}],"replies":[{"embeddable":true,"href":"https:\/\/degroenelinde.nl\/be\/wp-json\/wp\/v2\/comments?post=178587"}],"version-history":[{"count":1,"href":"https:\/\/degroenelinde.nl\/be\/wp-json\/wp\/v2\/product\/178587\/revisions"}],"predecessor-version":[{"id":302163,"href":"https:\/\/degroenelinde.nl\/be\/wp-json\/wp\/v2\/product\/178587\/revisions\/302163"}],"wp:featuredmedia":[{"embeddable":true,"href":"https:\/\/degroenelinde.nl\/be\/wp-json\/wp\/v2\/media\/178588"}],"wp:attachment":[{"href":"https:\/\/degroenelinde.nl\/be\/wp-json\/wp\/v2\/media?parent=178587"}],"wp:term":[{"taxonomy":"product_cat","embeddable":true,"href":"https:\/\/degroenelinde.nl\/be\/wp-json\/wp\/v2\/product_cat?post=178587"},{"taxonomy":"product_tag","embeddable":true,"href":"https:\/\/degroenelinde.nl\/be\/wp-json\/wp\/v2\/product_tag?post=178587"}],"curies":[{"name":"wp","href":"https:\/\/api.w.org\/{rel}","templated":true}]}}