{"id":252705,"date":"2025-03-06T14:57:40","date_gmt":"2025-03-06T13:57:40","guid":{"rendered":"https:\/\/degroenelinde.nl\/?post_type=product&#038;p=252705"},"modified":"2026-03-22T19:36:31","modified_gmt":"2026-03-22T18:36:31","slug":"gids-voor-spiritueel-ontwaken","status":"publish","type":"product","link":"https:\/\/degroenelinde.nl\/be\/product\/gids-voor-spiritueel-ontwaken","title":{"rendered":"Gids voor spiritueel ontwaken"},"content":{"rendered":"<p>Gids voor spiritueel ontwaken beschrijft o.a. de twaalf lagen die je ontwaakte staat bedekken. Elke laag bevat verschillende emoties, pijn, verwondingen en patronen. Denk bijvoorbeeld aan pijnlijke ervaringen die je destijds niet kon verwerken omdat ze te overweldigend waren of emoties die je niet kon doorvoelen omdat ze te heftig en beangstigend waren. Met de hulpmiddelen en inzichten die in dit boek staan kun je deze lagen \u00e9\u00e9n voor \u00e9\u00e9n opruimen.<\/p>\n<p>Deze diepgaande gids vol inzichten en oefeningen biedt waardevolle steun om je pad van ontwaken te blijven volgen.<\/p>\n<p>In dit boek vind je:<\/p>\n<p>\u2022 een gedetailleerde omschrijving van de verschillende manieren waarop je spiritueel kunt ontwaken;<\/p>\n<p>\u2022 een heldere uitleg van het proces van ontwaken en de meest voorkomende ervaringen;<\/p>\n<p>\u2022 de verschillende staten die je tijdens en na het ontwaken kunt ervaren<\/p>\n<p>\u2022 praktische tips en oefeningen om tijdens je ontwakingsproces gewoon deel uit te blijven maken van de maatschappij.<\/p>","protected":false},"excerpt":{"rendered":"<h4><span style=\"color: #088036;\"><em>&#8220;<\/em><\/span><span style=\"color: #088036;\"><em>Ik bied diepgaande inzichten en oefeningen als waardevolle steun op het pad van spiritueel ontwaken&#8221;<\/em><\/span><\/h4>\n<p>Mary Mueller Shutan schreef met haar Gids voor spiritueel ontwaken een onmisbaar boek voor iedereen die zich op dit pad van ontwaken bevindt. Voor veel mensen is de onrustige tijd waarin we leven een wake-up call, een roep om het anders te gaan doen en van de gebaande paden af te wijken. Wanneer je begint met ontwaken komen je onverwerkte emoties en ervaringen vanaf je geboorte tot waar je in het huidige moment bent naar boven. Dankzij het ontwakingsproces kun je eindelijk het pad van verlichting en vrijheid bewandelen.<\/p>","protected":false},"featured_media":252473,"comment_status":"open","ping_status":"closed","template":"","meta":{"_acf_changed":false,"footnotes":""},"product_cat":[1663,1619],"product_tag":[],"class_list":{"0":"post-252705","1":"product","2":"type-product","3":"status-publish","4":"has-post-thumbnail","6":"product_cat-boeken","7":"product_cat-boeken-en-inspiratie","9":"first","10":"instock","11":"taxable","12":"shipping-taxable","13":"purchasable","14":"product-type-simple","15":"add-to-wishlist-before_image"},"acf":[],"_links":{"self":[{"href":"https:\/\/degroenelinde.nl\/be\/wp-json\/wp\/v2\/product\/252705","targetHints":{"allow":["GET"]}}],"collection":[{"href":"https:\/\/degroenelinde.nl\/be\/wp-json\/wp\/v2\/product"}],"about":[{"href":"https:\/\/degroenelinde.nl\/be\/wp-json\/wp\/v2\/types\/product"}],"replies":[{"embeddable":true,"href":"https:\/\/degroenelinde.nl\/be\/wp-json\/wp\/v2\/comments?post=252705"}],"version-history":[{"count":2,"href":"https:\/\/degroenelinde.nl\/be\/wp-json\/wp\/v2\/product\/252705\/revisions"}],"predecessor-version":[{"id":302132,"href":"https:\/\/degroenelinde.nl\/be\/wp-json\/wp\/v2\/product\/252705\/revisions\/302132"}],"wp:featuredmedia":[{"embeddable":true,"href":"https:\/\/degroenelinde.nl\/be\/wp-json\/wp\/v2\/media\/252473"}],"wp:attachment":[{"href":"https:\/\/degroenelinde.nl\/be\/wp-json\/wp\/v2\/media?parent=252705"}],"wp:term":[{"taxonomy":"product_cat","embeddable":true,"href":"https:\/\/degroenelinde.nl\/be\/wp-json\/wp\/v2\/product_cat?post=252705"},{"taxonomy":"product_tag","embeddable":true,"href":"https:\/\/degroenelinde.nl\/be\/wp-json\/wp\/v2\/product_tag?post=252705"}],"curies":[{"name":"wp","href":"https:\/\/api.w.org\/{rel}","templated":true}]}}