{"id":291008,"date":"2026-01-21T15:40:16","date_gmt":"2026-01-21T14:40:16","guid":{"rendered":"https:\/\/degroenelinde.nl\/?post_type=product&#038;p=291008"},"modified":"2026-04-16T00:35:44","modified_gmt":"2026-04-15T22:35:44","slug":"ecotensor-klassiek","status":"publish","type":"product","link":"https:\/\/degroenelinde.nl\/be\/product\/ecotensor-klassiek","title":{"rendered":"Ecotensor Klassiek"},"content":{"rendered":"<p>Je kunt de Ecotensor gebruiken om energievelden te onderzoeken en te testen of voedingsmiddelen, geneesmiddelen of homeopathische middelen bij je passen. Ook allergenen of schadelijke stoffen in huis kun je ermee analyseren. Door je te concentreren op een vraag of object, geeft de Ecotensor een duidelijke reactie die je direct kunt interpreteren.<\/p>\n<p>Elke tensor wordt geleverd met een klein informatieboekje (in het Duits) met uitleg over verschillende meetmethodes. Zo kun je snel aan de slag met radi\u00ebsthesie, biofeedback en energetisch testen. Het instrument is geschikt voor zowel beginners als ervaren gebruikers die hun intu\u00eftie willen versterken.<\/p>\n<p>De Ecotensor werkt ook samen met de <a href=\"https:\/\/degroenelinde.nl\/be\/product\/neutradoc\/\">Neutradoc<\/a> en scansensoren, waardoor je het instrument kunt uitbreiden voor complexere toepassingen. Met een lengte van 46 cm ligt hij prettig in de hand en is goed in balans tijdens het gebruik.<\/p>\n<p>Door regelmatig met de Ecotensor te werken, leer je subtiele energie\u00ebn beter te voelen en de signalen in je energieveld te interpreteren. Het instrument combineert intu\u00eftieve waarneming met praktische toepassing, zodat je betrouwbaar en effici\u00ebnt kunt testen. De Ecotensor is een krachtig en veelzijdig hulpmiddel voor iedereen die serieus aan de slag wil met radi\u00ebsthesie, biofeedback en energetisch werk.<\/p>\n<p>Wil je meer weten over het gebruik van dit product? Lees dan ons <a href=\"https:\/\/degroenelinde.nl\/be\/werken-met-de-biotensor-luisteren-naar-signalen\/\">uitgebreide blog<\/a>.<\/p>","protected":false},"excerpt":{"rendered":"<h4 data-start=\"325\" data-end=\"386\"><span style=\"color: #088036;\"><em>&#8220;Ecotensor, een intu\u00eftief instrument voor het waarnemen van energie&#8221;<\/em><\/span><\/h4>\n<p>De Ecotensor Klassiek van Original \u00d6kotensor is een makkelijk te gebruiken hulpmiddel voor iedereen die werkt met radi\u00ebsthesie of energetisch testen. Deze tensor helpt je subtiele energie\u00ebn in materialen, objecten en ruimtes waar te nemen. Met de vergulde antenne en kurken handgreep houd je het instrument comfortabel vast. De houten of vergulde messing ring bovenop versterkt de uitslag en maakt je meting nauwkeuriger.<\/p>","protected":false},"featured_media":291016,"comment_status":"open","ping_status":"closed","template":"","meta":{"_acf_changed":false,"footnotes":""},"product_cat":[2112],"product_tag":[3042,3036,3038,3046,3047,3039,3037],"class_list":{"0":"post-291008","1":"product","2":"type-product","3":"status-publish","4":"has-post-thumbnail","6":"product_cat-biotensor","7":"product_tag-biotensor","8":"product_tag-ecotensor","9":"product_tag-energetisch-testen","10":"product_tag-energie-meten","11":"product_tag-neutradoc","12":"product_tag-radiesthesie","13":"product_tag-scansensor","15":"first","16":"outofstock","17":"taxable","18":"shipping-taxable","19":"purchasable","20":"product-type-simple","21":"add-to-wishlist-before_image"},"acf":[],"_links":{"self":[{"href":"https:\/\/degroenelinde.nl\/be\/wp-json\/wp\/v2\/product\/291008","targetHints":{"allow":["GET"]}}],"collection":[{"href":"https:\/\/degroenelinde.nl\/be\/wp-json\/wp\/v2\/product"}],"about":[{"href":"https:\/\/degroenelinde.nl\/be\/wp-json\/wp\/v2\/types\/product"}],"replies":[{"embeddable":true,"href":"https:\/\/degroenelinde.nl\/be\/wp-json\/wp\/v2\/comments?post=291008"}],"version-history":[{"count":8,"href":"https:\/\/degroenelinde.nl\/be\/wp-json\/wp\/v2\/product\/291008\/revisions"}],"predecessor-version":[{"id":299491,"href":"https:\/\/degroenelinde.nl\/be\/wp-json\/wp\/v2\/product\/291008\/revisions\/299491"}],"wp:featuredmedia":[{"embeddable":true,"href":"https:\/\/degroenelinde.nl\/be\/wp-json\/wp\/v2\/media\/291016"}],"wp:attachment":[{"href":"https:\/\/degroenelinde.nl\/be\/wp-json\/wp\/v2\/media?parent=291008"}],"wp:term":[{"taxonomy":"product_cat","embeddable":true,"href":"https:\/\/degroenelinde.nl\/be\/wp-json\/wp\/v2\/product_cat?post=291008"},{"taxonomy":"product_tag","embeddable":true,"href":"https:\/\/degroenelinde.nl\/be\/wp-json\/wp\/v2\/product_tag?post=291008"}],"curies":[{"name":"wp","href":"https:\/\/api.w.org\/{rel}","templated":true}]}}