{"id":305985,"date":"2026-03-31T15:13:32","date_gmt":"2026-03-31T13:13:32","guid":{"rendered":"https:\/\/degroenelinde.nl\/?post_type=product&#038;p=305985"},"modified":"2026-03-31T15:15:51","modified_gmt":"2026-03-31T13:15:51","slug":"agaat-geode-882-gram","status":"publish","type":"product","link":"https:\/\/degroenelinde.nl\/be\/product\/agaat-geode-882-gram","title":{"rendered":"Agaat geode 882 gram"},"content":{"rendered":"<p dir=\"auto\"><strong>Chakra:<\/strong> basis chakra<br \/>\n<strong>Sterrenbeeld:<\/strong> tweeling en schorpioen<\/p>\n<p data-start=\"75\" data-end=\"418\">Agaat is een natuurlijke chalcedoon, een vari\u00ebteit van kwarts, die wereldwijd wordt gevonden. De oudste en bekendste exemplaren komen uit het zuiden van Sicili\u00eb, langs de rivier de Dirillo, waar mensen de steen al in de oudheid verzamelden. Ook Brazili\u00eb, India, Uruguay, Botswana en de Verenigde Staten leveren tegenwoordig prachtige agaten.<\/p>\n<p data-start=\"420\" data-end=\"722\">De naam \u201cagaat\u201d komt van het Griekse \u201cAchat\u00e8s\u201d, vernoemd naar de rivier in Sicili\u00eb en het eerste gebied waar de steen bekend werd. Door de eeuwen heen gebruikten mensen agaat als gelukssteen, beschermingssteen en hulpmiddel bij heling, dankzij de aardende en stabiliserende kracht van deze steen.<\/p>\n<h2>Algemene werking<\/h2>\n<p>De energie van de Natuurlijke Agaat is zacht en rustig en het is daarom een mooie steen voor zwangere vrouwen. Het is een goede steen voor grote en kleine mensen die erg gevoelig zijn. Agaat werkt aardend, stabiliserend en beschermend en heeft een kalmerende en balancerende eigenschappen. Met Agaat vind je geestelijke en emotionele rust waardoor je weer bij jezelf kunt komen en steviger in het leven staat.<\/p>\n<div>\n<div>Van oudsher wordt agaat beschouwd als een beschermende steen. Hij helpt om negatieve energie af te weren en cre\u00ebert een energetisch schild om de drager heen. Dit maakt hem een goede keuze voor mensen die zich energetisch snel uitgeput voelen. Agaat werkt op het emotionele vlak door oude pijn, angst en twijfel te verzachten. De zachte, kalmerende energie helpt je om jezelf beter te begrijpen en te accepteren, wat bijdraagt aan een gezonde emotionele balans.<\/div>\n<p>Agaat laat je zelfvertrouwen groeien en stimuleert je concentratie. Deze steen laat je objectiever naar de dingen kijken, hierdoor kom je tot praktische oplossingen bij uitdagingen die je tegenkomt. Doelen stellen om aan jezelf te werken worden makkelijker uitvoerbaar door deze steen, hierdoor stimuleert het persoonlijke groei en ontwikkeling. Ook is het een fijne steen om bij je te dragen wanneer je wat meer focus kunt gebruiken. De Agaat is een fijne steen om jou te ondersteunen bij je spirituele groei.<\/p>\n<\/div>\n<h2>Verzorging<\/h2>\n<p>Agaat kan op alle manieren gereinigd en opgeladen worden. Lees <a href=\"https:\/\/degroenelinde.nl\/be\/kristallen-en-gesteenten-het-reinigen-en-opladen\/\">hier<\/a> meer informatie over het reinigen en opladen.<\/p>","protected":false},"excerpt":{"rendered":"<h4><span style=\"color: #088036;\"><em>&#8220;Ik ben een krachtige beschermer&#8221;<\/em><\/span><\/h4>\n<p>Abrikozen Agaat beschermt en troost je en helpt emotionele pijn los te laten. De warme tinten stimuleren het zonnevlecht- en heiligbeen chakra, versterken zelfvertrouwen en creativiteit. De steen verzacht trauma\u2019s, kalmeert je geest en brengt harmonie in lichaam en energieveld. Spiritueel opent hij je bewustzijn, versterkt intu\u00eftie en ondersteunt verbinding met je hogere zelf. Van oudsher wordt deze aardende en stabiliserende agaat gebruikt als gelukssteen, beschermingssteen en hulpmiddel bij heling.<\/p>","protected":false},"featured_media":305991,"comment_status":"open","ping_status":"closed","template":"","meta":{"_acf_changed":false,"footnotes":""},"product_cat":[1798,1829,3356,1614,3353],"product_tag":[],"class_list":{"0":"post-305985","1":"product","2":"type-product","3":"status-publish","4":"has-post-thumbnail","6":"product_cat-a-tot-z","7":"product_cat-agaat","8":"product_cat-geodes","9":"product_cat-kristallen","10":"product_cat-categorie-ruwe-stukken","12":"first","13":"instock","14":"taxable","15":"shipping-taxable","16":"purchasable","17":"product-type-simple","18":"add-to-wishlist-before_image"},"acf":[],"_links":{"self":[{"href":"https:\/\/degroenelinde.nl\/be\/wp-json\/wp\/v2\/product\/305985","targetHints":{"allow":["GET"]}}],"collection":[{"href":"https:\/\/degroenelinde.nl\/be\/wp-json\/wp\/v2\/product"}],"about":[{"href":"https:\/\/degroenelinde.nl\/be\/wp-json\/wp\/v2\/types\/product"}],"replies":[{"embeddable":true,"href":"https:\/\/degroenelinde.nl\/be\/wp-json\/wp\/v2\/comments?post=305985"}],"version-history":[{"count":1,"href":"https:\/\/degroenelinde.nl\/be\/wp-json\/wp\/v2\/product\/305985\/revisions"}],"predecessor-version":[{"id":305992,"href":"https:\/\/degroenelinde.nl\/be\/wp-json\/wp\/v2\/product\/305985\/revisions\/305992"}],"wp:featuredmedia":[{"embeddable":true,"href":"https:\/\/degroenelinde.nl\/be\/wp-json\/wp\/v2\/media\/305991"}],"wp:attachment":[{"href":"https:\/\/degroenelinde.nl\/be\/wp-json\/wp\/v2\/media?parent=305985"}],"wp:term":[{"taxonomy":"product_cat","embeddable":true,"href":"https:\/\/degroenelinde.nl\/be\/wp-json\/wp\/v2\/product_cat?post=305985"},{"taxonomy":"product_tag","embeddable":true,"href":"https:\/\/degroenelinde.nl\/be\/wp-json\/wp\/v2\/product_tag?post=305985"}],"curies":[{"name":"wp","href":"https:\/\/api.w.org\/{rel}","templated":true}]}}