{"id":307252,"date":"2026-04-10T12:56:20","date_gmt":"2026-04-10T10:56:20","guid":{"rendered":"https:\/\/degroenelinde.nl\/?post_type=product&#038;p=307252"},"modified":"2026-04-13T10:54:36","modified_gmt":"2026-04-13T08:54:36","slug":"spirit-amethist-cluster-43-gram","status":"publish","type":"product","link":"https:\/\/degroenelinde.nl\/be\/product\/spirit-amethist-cluster-43-gram","title":{"rendered":"Spirit Amethist cluster 43 gram"},"content":{"rendered":"<p><strong>Chakra:<\/strong> derde oog en kruin chakra<br \/>\n<strong>Sterrenbeeld:<\/strong> vissen, schorpioen en boogschutter<\/p>\n<p>Spirit Amethist, ook wel\u00a0Cactus Amethist\u00a0of\u00a0Spirit Quartz\u00a0genoemd, is echt een bijzonder kristal. Je herkent het meteen aan de ene grote punt die omringd wordt door allemaal kleine puntjes. Daardoor lijkt het alsof het kristal een fonkelende jas draagt die schittert in het licht. Deze schoonheid komt maar uit \u00e9\u00e9n plek ter wereld: Zuid-Afrika.<br \/>\nDe naam Spirit Amethist zegt eigenlijk al veel. Hij verwijst naar de krachtige, spirituele energie die dit kristal uitstraalt, maar ook naar de Zuid-Afrikaanse roots waar de term \u201cspirit\u201d verbonden is met tradities en de band met de voorouders. De meeste stukken worden gevonden in de regio rond Magaliesberg, een gebied dat beroemd is om zijn kristalrijke bodem.<\/p>\n<h2>Algemene werking<\/h2>\n<p>Spirit Amethist wordt vaak gezien als een kristal van transformatie en diepe heling. Het bijzondere is dat het niet alleen op jou persoonlijk werkt, maar ook in verbinding met de mensen en energie\u00ebn om je heen. Door de vele kleine puntjes die samenkomen rond \u00e9\u00e9n centraal punt, verspreidt de steen zijn energie als een soort zachte, helende straal in alle richtingen. Het is alsof je wordt omhuld door een beschermende, liefdevolle deken van licht.<\/p>\n<p>Deze steen helpt je om oude patronen of blokkades los te laten en ruimte te maken voor nieuwe inzichten. Hij ondersteunt je om meer in contact te komen met je hogere zelf en versterkt je intu\u00eftie. Tijdens meditatie kan Spirit Amethist je dieper naar binnen leiden en je helpen om de stilte in jezelf te vinden.<\/p>\n<p>Daarnaast staat Spirit Amethist bekend om zijn verbindende kracht. Het kristal brengt harmonie in groepen en helpt om relaties vanuit zachtheid en liefde te ervaren. Daarom wordt het vaak gebruikt in healing- en meditatiekringen, waar het zorgt voor een gevoel van eenheid en gezamenlijke groei.<\/p>\n<p>Spirit Amethist combineert de rustgevende, beschermende en spirituele eigenschappen van Amethist met de specifieke helende en harmoniserende energie van de kristalstructuur. Het helpt bij het bevorderen van innerlijke rust, het loslaten van negatieve gedachten en spanningen, en het versterken van intu\u00eftie en spirituele groei. Daarnaast werkt deze steen ook energetisch zuiverend en kan het harmonie brengen in een ruimte en bij het helen van energetische blokkades.<\/p>\n<h2>Verzorging<\/h2>\n<p>Spirit Amethist kan op alle manieren gereinigd en opgeladen worden. Lees <a href=\"https:\/\/degroenelinde.nl\/be\/kristallen-en-gesteenten-het-reinigen-en-opladen\/\">hier<\/a> meer informatie over reinigen en opladen.<\/p>","protected":false},"excerpt":{"rendered":"<h4><span style=\"color: #088036;\"><em>&#8220;Ik sta voor licht en transformatie&#8221;<\/em><\/span><\/h4>\n<p>Spirit Amethist straalt een zachte, helende energie uit die je ondersteunt bij het loslaten van spanning en het vinden van innerlijke rust. Deze bijzondere steen helpt je om je intu\u00eftie te verdiepen en meer in verbinding te komen met jezelf. De vele kleine puntjes zorgen voor een gevoel van omhulling, alsof je wordt omringd door rust en harmonie. Hierdoor is Spirit Amethist heel geschikt voor meditatie en ontspanning. Plaats de steen in je ruimte en cre\u00eber een liefdevolle, kalme sfeer in huis.<\/p>","protected":false},"featured_media":307241,"comment_status":"open","ping_status":"closed","template":"","meta":{"_acf_changed":false,"footnotes":""},"product_cat":[1798,1799,2133,1614,3353],"product_tag":[],"class_list":{"0":"post-307252","1":"product","2":"type-product","3":"status-publish","4":"has-post-thumbnail","6":"product_cat-a-tot-z","7":"product_cat-amethist","8":"product_cat-clusters","9":"product_cat-kristallen","10":"product_cat-categorie-ruwe-stukken","12":"first","13":"instock","14":"taxable","15":"shipping-taxable","16":"purchasable","17":"product-type-simple","18":"add-to-wishlist-before_image"},"acf":[],"_links":{"self":[{"href":"https:\/\/degroenelinde.nl\/be\/wp-json\/wp\/v2\/product\/307252","targetHints":{"allow":["GET"]}}],"collection":[{"href":"https:\/\/degroenelinde.nl\/be\/wp-json\/wp\/v2\/product"}],"about":[{"href":"https:\/\/degroenelinde.nl\/be\/wp-json\/wp\/v2\/types\/product"}],"replies":[{"embeddable":true,"href":"https:\/\/degroenelinde.nl\/be\/wp-json\/wp\/v2\/comments?post=307252"}],"version-history":[{"count":2,"href":"https:\/\/degroenelinde.nl\/be\/wp-json\/wp\/v2\/product\/307252\/revisions"}],"predecessor-version":[{"id":307460,"href":"https:\/\/degroenelinde.nl\/be\/wp-json\/wp\/v2\/product\/307252\/revisions\/307460"}],"wp:featuredmedia":[{"embeddable":true,"href":"https:\/\/degroenelinde.nl\/be\/wp-json\/wp\/v2\/media\/307241"}],"wp:attachment":[{"href":"https:\/\/degroenelinde.nl\/be\/wp-json\/wp\/v2\/media?parent=307252"}],"wp:term":[{"taxonomy":"product_cat","embeddable":true,"href":"https:\/\/degroenelinde.nl\/be\/wp-json\/wp\/v2\/product_cat?post=307252"},{"taxonomy":"product_tag","embeddable":true,"href":"https:\/\/degroenelinde.nl\/be\/wp-json\/wp\/v2\/product_tag?post=307252"}],"curies":[{"name":"wp","href":"https:\/\/api.w.org\/{rel}","templated":true}]}}