{"id":61823,"date":"2021-10-13T08:11:05","date_gmt":"2021-10-13T06:11:05","guid":{"rendered":"https:\/\/degroenelinde.nl\/product\/benzoe"},"modified":"2026-04-17T14:34:14","modified_gmt":"2026-04-17T12:34:14","slug":"benzoe-olie","status":"publish","type":"product","link":"https:\/\/degroenelinde.nl\/be\/product\/benzoe-olie","title":{"rendered":"Benzo\u00eb olie"},"content":{"rendered":"<div id=\"element_2664\" data-elementid=\"2664\">\n<div id=\"product-description\" class=\"element\">\n<h2 data-start=\"112\" data-end=\"438\">Omschrijving<\/h2>\n<p data-start=\"112\" data-end=\"438\">Cre\u00eber direct een warme, troostende en harmonieuze sfeer met Benzo\u00eb etherische olie. Deze olie wordt gewonnen uit de hars van de <em data-start=\"264\" data-end=\"280\">Styrax benzoin<\/em>, een boom die van nature groeit in Zuidoost-Azi\u00eb. Haar rijke, zoete en balsamische aroma vult je ruimte met geborgenheid en een gevoel van innerlijke rust.<\/p>\n<p data-start=\"440\" data-end=\"746\">Door de stoomdestillatie van de hars komt het karakteristieke warme en zoete aroma volledig tot zijn recht. Wanneer je Benzo\u00eb verdampt of verspreidt, verzacht je de energie in je omgeving en activeer je een kalmerende, beschermende sfeer die uitnodigt tot ontspanning, reflectie en innerlijke verbinding.<\/p>\n<p data-start=\"748\" data-end=\"1087\">Het aroma van Benzo\u00eb ondersteunt momenten van meditatie, visualisatie en rituelen, en helpt je om bewust te vertragen en dichter bij jezelf te komen. Met Benzo\u00eb etherische olie breng je actief warmte, harmonie en een gevoel van geborgenheid in je leefomgeving, terwijl je zowel jezelf als je ruimte energetisch verzacht en revitaliseert.<\/p>\n<h2>Mensbeeld<\/h2>\n<p>Het Benzo\u00eb-type kenmerkt zich door zich voortdurend persoonlijk aangevallen te voelen. Het kleinste gebaar van een ander kan negatief worden uitgelegd en op zichzelf worden teruggevoerd. Dit mechanisme is ontwikkeld in de kindertijd en het Benzo\u00eb-type is opgegroeid in een onrustige en ruzieachtige familie. Voor dit type geldt: probeer het probleem waarin jij je bevindt vanuit de ratio te bekijken en stap even uit de emotie want dan kan dit type zich een stuk gelukkiger gaan voelen.<\/p>\n<h2>Psychisch<\/h2>\n<p>Ben je moedeloos of heb je last van ups en downs en voel jij je snel ge\u00efrriteerd? Geef je dan over aan de zorg van Benzo\u00eb. Deze olie schenkt je rust en vrede waardoor je makkelijker herstellen kan van de emotionele wonden die je opgelopen hebt. Benzo\u00eb zorgt ervoor dat jij je minder kwetsbaar voelt en zuivert de sfeer van negativiteit. Blijf jij voor je gevoel telkens tegen dezelfde dingen aanlopen en heb je het gevoel dat je niet vooruit komt, dan zal Benzo\u00eb je helpen om vanuit een hoger perspectief je leven te bezien en vandaar uit kan je komen tot constructieve oplossingen.<\/p>\n<h2>Spiritueel<\/h2>\n<p>Benzo\u00eb heeft een sterk energetische associatie met Lord Sint Germain en de violette vlam. Hij is goed te gebruiken tijdens transformatie processen en bevorderd lucide dromen. Gebruik de olie tijdens meditaties want Benzo\u00eb helpt je om verbinding te maken met verschillende levels van bewustzijn.<\/p>\n<p><span style=\"color: #088000;\"><em>Affirmatie: &#8220;<\/em><\/span><span style=\"color: #088000;\"><em>Ik open mijzelf voor de geheimen van mijn ziel&#8221;<\/em><\/span><\/p>\n<h2>Lichamelijk<\/h2>\n<p>Benzo\u00eb verzacht en ondersteund de luchtwegen. Ook helpt Benzo\u00eb om de gewrichten en spieren soepel te houden. Benzo\u00eb is heel goed voor de huid. Je kunt er bijvoorbeeld goed eelt mee behandelen en daarom is Benzo\u00eb vaak een bestandsdeel van voeten-balsems en cr\u00e8mes. Bij een ge\u00efrriteerde en stugge huid is het raadzaam om deze Benzo\u00eb etherische olie te gebruiken. Het zorgt voor zachte zomervoetjes! Eigenlijk maakt Benzo\u00eb olie alles wat hard is zacht&#8230;<\/p>\n<h2>Tip<\/h2>\n<p>Maak een voetenbad met 10 druppels Benzo\u00eb, een scheutje <a href=\"https:\/\/degroenelinde.nl\/be\/product\/beauty-care-ricinus-olie-rf\/\">Ricinus olie<\/a> en een schepje <a href=\"https:\/\/degroenelinde.nl\/be\/product\/epsom-zout-750-gr\/\">Epsom zout<\/a> en week hier lekker de voeten in. Dit verzorgt de gescheurde huid op de hielen en maakt stugge huid op de voeten zacht. Voeg Benzo\u00eb toe aan jouw zelf gemaakte voeten cr\u00e8me.<\/p>\n<h2>Mengt goed met<\/h2>\n<p>Doordat de Benzo\u00eb een stroperige olie is gaat het mengen vaak wat lastig. De olie blijft vaak onderin een flesje plakken. Maar het geeft gewoon zijn geur en werking af. Meng de olie met <a href=\"https:\/\/degroenelinde.nl\/be\/product\/bergamot-reggio\/\">Bergamot<\/a>, <a href=\"https:\/\/degroenelinde.nl\/be\/product\/patchouli\/\">Patchouli<\/a> en alle citrus vruchten voor een heerlijke geur.<\/p>\n<h2>Chakra&#8217;s<\/h2>\n<p>Basis, Kruin<\/p>\n<h2>Kristallen<\/h2>\n<p><a href=\"https:\/\/degroenelinde.nl\/be\/producten\/kristallen\/a-tot-z\/amethist\/\">Amethist<\/a>, Zwarte <a href=\"https:\/\/degroenelinde.nl\/be\/producten\/kristallen\/a-tot-z\/toermalijn\/\">Tourmalijn<\/a>, <a href=\"https:\/\/degroenelinde.nl\/be\/producten\/kristallen\/a-tot-z\/hematiet\/\">Hematiet<\/a>, <a href=\"https:\/\/degroenelinde.nl\/be\/producten\/kristallen\/a-tot-z\/rozenkwarts\/\">Rozenkwarts<\/a>, <a href=\"https:\/\/degroenelinde.nl\/be\/producten\/kristallen\/a-tot-z\/rookkwarts\/\">Rookkwarts<\/a><\/p>\n<h2>Contra-indicatie<\/h2>\n<p>Niet gebruiken bij zwangerschap en borstvoeding. Wanneer je de olie op de huid aanbrengt gebruik dan een lagere hoeveelheid omdat de Benzo\u00eb erg geconcentreerd is.<\/p>\n<p>i.v.m. de dikte van olie zit er een pipet op dit flesje.<\/p>\n<p>Ben jij ge\u00efnteresseerd in het gebruik van etherische oli\u00ebn en op zoek naar meer informatie? Dan is het boek <a href=\"https:\/\/degroenelinde.nl\/be\/product\/aroma-power-handboek\/\"><strong data-start=\"231\" data-end=\"246\">Aroma-Power<\/strong><\/a> iets voor jou! Dit prachtige handboek staat boordevol informatie over de eigenschappen en het gebruik van enkelvoudige oli\u00ebn.<\/p>\n<\/div>\n<\/div>","protected":false},"excerpt":{"rendered":"<div id=\"element_2664\" data-elementid=\"2664\">\n<div id=\"product-description\" class=\"element\">\n<div id=\"element_2664\" data-elementid=\"2664\">\n<div id=\"product-description\" class=\"element\">\n<div id=\"element_2664\" data-elementid=\"2664\">\n<div id=\"product-description\" class=\"element\">\n<div id=\"element_2664\" data-elementid=\"2664\">\n<div id=\"product-description\" class=\"element\">\n<h4><span style=\"color: #088000;\"><em>&#8220;Ik maak alles zacht, wat hard is!&#8221;<\/em><\/span><\/h4>\n<ul>\n<li>Latijnse naam: Styrax Benzoin<\/li>\n<li>Land van herkomst: Indonesi\u00eb<\/li>\n<li>Winning: waterdamp destillatie van het hars en alcoholextractie<\/li>\n<li>Geur: vanille-achtig, aards, zoet, zacht<\/li>\n<\/ul>\n<p>Ben je moedeloos of heb je last van ups en downs en voel jij je snel ge\u00efrriteerd? Geef je dan over aan de zorg van Benzo\u00eb. Deze olie schenkt je rust en vrede waardoor je makkelijker herstellen kan van de emotionele wonden die je opgelopen hebt. Benzo\u00eb zorgt ervoor dat jij je minder kwetsbaar voelt en zuivert de sfeer van negativiteit.<\/p>\n<p>&nbsp;<\/p>\n<\/div>\n<\/div>\n<\/div>\n<\/div>\n<\/div>\n<\/div>\n<\/div>\n<\/div>","protected":false},"featured_media":1362,"comment_status":"open","ping_status":"closed","template":"","meta":{"_acf_changed":false,"footnotes":""},"product_cat":[1565,1564,3366,3371,3363,3361,3357],"product_tag":[],"class_list":{"0":"post-61823","1":"product","2":"type-product","3":"status-publish","4":"has-post-thumbnail","6":"product_cat-a-c","7":"product_cat-etherische-olien","8":"product_cat-geurprofielen","9":"product_cat-harsachtig","10":"product_cat-heling-transformatie","11":"product_cat-spirituele-groei-intuitie","12":"product_cat-themas-enkelvoudige-olien","14":"first","15":"instock","16":"taxable","17":"shipping-taxable","18":"purchasable","19":"product-type-variable","20":"has-default-attributes","21":"add-to-wishlist-before_image"},"acf":[],"_links":{"self":[{"href":"https:\/\/degroenelinde.nl\/be\/wp-json\/wp\/v2\/product\/61823","targetHints":{"allow":["GET"]}}],"collection":[{"href":"https:\/\/degroenelinde.nl\/be\/wp-json\/wp\/v2\/product"}],"about":[{"href":"https:\/\/degroenelinde.nl\/be\/wp-json\/wp\/v2\/types\/product"}],"replies":[{"embeddable":true,"href":"https:\/\/degroenelinde.nl\/be\/wp-json\/wp\/v2\/comments?post=61823"}],"version-history":[{"count":16,"href":"https:\/\/degroenelinde.nl\/be\/wp-json\/wp\/v2\/product\/61823\/revisions"}],"predecessor-version":[{"id":306903,"href":"https:\/\/degroenelinde.nl\/be\/wp-json\/wp\/v2\/product\/61823\/revisions\/306903"}],"wp:featuredmedia":[{"embeddable":true,"href":"https:\/\/degroenelinde.nl\/be\/wp-json\/wp\/v2\/media\/1362"}],"wp:attachment":[{"href":"https:\/\/degroenelinde.nl\/be\/wp-json\/wp\/v2\/media?parent=61823"}],"wp:term":[{"taxonomy":"product_cat","embeddable":true,"href":"https:\/\/degroenelinde.nl\/be\/wp-json\/wp\/v2\/product_cat?post=61823"},{"taxonomy":"product_tag","embeddable":true,"href":"https:\/\/degroenelinde.nl\/be\/wp-json\/wp\/v2\/product_tag?post=61823"}],"curies":[{"name":"wp","href":"https:\/\/api.w.org\/{rel}","templated":true}]}}