{"id":61873,"date":"2022-01-02T21:51:37","date_gmt":"2022-01-02T20:51:37","guid":{"rendered":"https:\/\/degroenelinde.nl\/product\/clean-energy"},"modified":"2026-04-19T22:01:05","modified_gmt":"2026-04-19T20:01:05","slug":"clean-energy","status":"publish","type":"product","link":"https:\/\/degroenelinde.nl\/be\/product\/clean-energy","title":{"rendered":"Clean Energy 100 ml spray"},"content":{"rendered":"<h2>De toepassing van Clean Energy<\/h2>\n<p>Voor het reinigen van de leefomgeving, kantoor of praktijk is deze spray doeltreffend en erg gemakkelijk in het gebruik. Een paar keer sprayen is genoeg. De ruimte ruikt heerlijk fris en schoon. Het gevoel dat de geur opwekt gebeurt ook in werkelijkheid: de ruimte is schoon van zware en\/of negatieve energie. Door de toevoeging van <a href=\"https:\/\/degroenelinde.nl\/be\/product\/latschenkiefer\/\">Latschenkiefer<\/a> dat de eigenschap heeft om sterk reinigend op de energie in te werken, is deze Clean Energy een welverdiende \u201czucht van verlichting\u201d.<\/p>\n<h2>Doe een leuke test<\/h2>\n<p>Laat een persoon gaan staan en laat hem zich bewust worden van zijn lichaam en hoe hij zich voelt. Laat hem de ogen sluiten en vraag of hij die gesloten wil houden terwijl hij opmerkt wat hij ervaart op het moment dat je <a href=\"https:\/\/degroenelinde.nl\/be\/product\/bescherming\/\">de spray<\/a> rondom de persoon gebruikt. Spray hiervoor \u00e9\u00e9n keer boven het hoofd met Clean Energy en \u00e9\u00e9n keer voor en \u00e9\u00e9n keer achter de persoon. De reacties zijn divers, maar iedereen is het erover eens dat het <a href=\"https:\/\/degroenelinde.nl\/be\/product-category\/geurfrequenties\/hsp\/\">een gevoel van ruimte<\/a> geeft. Wat een reactie kan zijn is het ronddraaien van de persoon of het gevoel van \u201creisziek\u201d zijn. De energie van die persoon wordt dan opnieuw in balans gebracht en dat gebeurt heel abrupt, wat dit gevoel veroorzaakt. Het is niet erg en gaat vanzelf over.<\/p>\n<h2>Voor meer informatie of advies<\/h2>\n<p>Wil je ook Clean Energy aanschaffen maar wil graag eerst nog wat meer informatie of advies? Bel ons dan op telefoonnummer <a href=\"tel:0031725318860\">072-5318860<\/a>. Je kunt ook onze <a href=\"https:\/\/degroenelinde.nl\/be\/showroom-de-groene-linde\/\">showroom<\/a> bezoeken, waar je al onze producten kunt ervaren. Maak hiervoor even telefonisch een afspraak.<\/p>","protected":false},"excerpt":{"rendered":"<h4><span style=\"color: #088036;\"><em>&#8220;Ik help je jouw eigen energieveld te reiningen, maar ook je omgeving&#8221;<\/em><\/span><\/h4>\n<p>Clean Energy is een \u201cmust have\u201d voor het energetisch reinigen van de leefomgeving, aura en kristallen. De ingredi\u00ebnten van deze spray zijn Jeneverbes, Salie, Rozemarijn en Latschenkiefer op een basis van natuurlijke zuivere alcohol (96%). Iedereen die last heeft van het oppakken van negatieve energie van zijn of haar omgeving, is met een paar keer sprayen met Clean Energy daar weer van verlost.<\/p>","protected":false},"featured_media":114655,"comment_status":"open","ping_status":"closed","template":"","meta":{"_acf_changed":false,"footnotes":""},"product_cat":[1579,1586,1582,1585,1571],"product_tag":[],"class_list":{"0":"post-61873","1":"product","2":"type-product","3":"status-publish","4":"has-post-thumbnail","6":"product_cat-best-lopende-producten","7":"product_cat-energetische-reiniging","8":"product_cat-geurlijnen","9":"product_cat-helende-composities","10":"product_cat-themas","12":"first","13":"instock","14":"taxable","15":"shipping-taxable","16":"purchasable","17":"product-type-variable","18":"add-to-wishlist-before_image"},"acf":[],"_links":{"self":[{"href":"https:\/\/degroenelinde.nl\/be\/wp-json\/wp\/v2\/product\/61873","targetHints":{"allow":["GET"]}}],"collection":[{"href":"https:\/\/degroenelinde.nl\/be\/wp-json\/wp\/v2\/product"}],"about":[{"href":"https:\/\/degroenelinde.nl\/be\/wp-json\/wp\/v2\/types\/product"}],"replies":[{"embeddable":true,"href":"https:\/\/degroenelinde.nl\/be\/wp-json\/wp\/v2\/comments?post=61873"}],"version-history":[{"count":9,"href":"https:\/\/degroenelinde.nl\/be\/wp-json\/wp\/v2\/product\/61873\/revisions"}],"predecessor-version":[{"id":300159,"href":"https:\/\/degroenelinde.nl\/be\/wp-json\/wp\/v2\/product\/61873\/revisions\/300159"}],"wp:featuredmedia":[{"embeddable":true,"href":"https:\/\/degroenelinde.nl\/be\/wp-json\/wp\/v2\/media\/114655"}],"wp:attachment":[{"href":"https:\/\/degroenelinde.nl\/be\/wp-json\/wp\/v2\/media?parent=61873"}],"wp:term":[{"taxonomy":"product_cat","embeddable":true,"href":"https:\/\/degroenelinde.nl\/be\/wp-json\/wp\/v2\/product_cat?post=61873"},{"taxonomy":"product_tag","embeddable":true,"href":"https:\/\/degroenelinde.nl\/be\/wp-json\/wp\/v2\/product_tag?post=61873"}],"curies":[{"name":"wp","href":"https:\/\/api.w.org\/{rel}","templated":true}]}}