{"id":61896,"date":"2021-12-23T11:04:26","date_gmt":"2021-12-23T10:04:26","guid":{"rendered":"https:\/\/degroenelinde.nl\/product\/michael"},"modified":"2026-03-13T14:03:47","modified_gmt":"2026-03-13T13:03:47","slug":"michael","status":"publish","type":"product","link":"https:\/\/degroenelinde.nl\/be\/product\/michael","title":{"rendered":"Micha\u00ebl, Golden Oldies"},"content":{"rendered":"<p data-start=\"606\" data-end=\"826\">Aartsengel Micha\u00ebl vertelt je ook dat je je niet alleen op je verstand moet concentreren, maar dat je ook op je intu\u00eftie kunt vertrouwen. Je intu\u00eftie is de leidraad van je leven. Alleen zij brengt je naar je levenspad. Hij helpt je verbindingen te verbreken als je die niet meer nodig hebt. Deze aartsengel is ook een grote hulp bij stervensbegeleiding.<\/p>\n<h2>Een mooi verhaal<\/h2>\n<p>&#8220;Een dame had een flesje Micha\u00eblolie in haar tas zitten. Ze was op de Bazaar in Beverwijk toen ze ineens de geur van Micha\u00ebl heel sterk rook. Ze keek in haar tas en ontdekte dat het flesje was gaan lekken. Balen natuurlijk. Haar hele tas zat onder de olie. Op dat moment merkte ze dat ze was gerold. Haar tas stond open en haar toilettasje was verdwenen. Gelukkig zat haar portemonnee er nog in.<br data-start=\"1385\" data-end=\"1388\" \/>Zij gaf aan dat ze het gevoel had dat Micha\u00ebl haar had beschermd. Ze was alleen haar toilettasje kwijt, maar haar portemonnee met al haar pasjes zat nog steeds veilig in haar tas.&#8221;<\/p>\n<p>Wil je meer weten over het belang van beschermen, gronden en reinigen? Lees dan onze onze <a href=\"https:\/\/degroenelinde.nl\/be\/reinigen-gronden-en-beschermen\/\">uitgebreide blog<\/a>!<\/p>\n<p>De Golden Oldies zijn ontstaan uit eerdere geurlijnen die geheel of gedeeltelijk zijn vervallen. Deze geuren zijn voor ons echte <a href=\"https:\/\/degroenelinde.nl\/be\/producten\/geurfrequenties\/golden-oldies\/\">Golden Oldies<\/a>. Het zijn geuren waar je nog steeds blij van wordt en frequenties die nog steeds bij deze tijd passen. Micha\u00ebl is \u00e9\u00e9n van de voorlopige varianten in deze lijn en afkomstig uit de Opgestegen Meesters. In onze speciale <a href=\"https:\/\/degroenelinde.nl\/be\/golden-oldies\/\">blog<\/a> geven we een toelichting op alle huidige producten in de Golden Oldies lijn.<\/p>\n<p>&nbsp;<\/p>","protected":false},"excerpt":{"rendered":"<h4><span style=\"color: #088036;\"><em>&#8220;Micha\u00ebl, ik bescherm je tegen alles wat niet goed voor je is&#8221;<\/em><\/span><\/h4>\n<p data-start=\"124\" data-end=\"262\">Aartsengel Micha\u00ebl is de hoeder van de eerste lichtstraal; de kleur is blauw. Blauw staat voor bescherming, rust, vrede en geborgenheid. Hij begeleidt je op een kalme manier door moeilijke situaties heen. Hij is het licht wanneer we ons onzeker of angstig voelen. Door deze eigenschappen is Aartsengel Micha\u00ebl een grote beschermer voor veel mensen. Hij trekt het goede aan en houdt alles wat je niet nodig hebt, zoals situaties die je naar beneden trekken, op afstand.<\/p>","protected":false},"featured_media":292040,"comment_status":"open","ping_status":"closed","template":"","meta":{"_acf_changed":false,"footnotes":""},"product_cat":[2150,1582,1593,1571],"product_tag":[2699,2698],"class_list":{"0":"post-61896","1":"product","2":"type-product","3":"status-publish","4":"has-post-thumbnail","6":"product_cat-bescherming-veiligheid","7":"product_cat-geurlijnen","8":"product_cat-golden-oldies","9":"product_cat-themas","10":"product_tag-aartsengel","11":"product_tag-energetische-bescherming","13":"first","14":"instock","15":"taxable","16":"shipping-taxable","17":"purchasable","18":"product-type-variable","19":"add-to-wishlist-before_image"},"acf":[],"_links":{"self":[{"href":"https:\/\/degroenelinde.nl\/be\/wp-json\/wp\/v2\/product\/61896","targetHints":{"allow":["GET"]}}],"collection":[{"href":"https:\/\/degroenelinde.nl\/be\/wp-json\/wp\/v2\/product"}],"about":[{"href":"https:\/\/degroenelinde.nl\/be\/wp-json\/wp\/v2\/types\/product"}],"replies":[{"embeddable":true,"href":"https:\/\/degroenelinde.nl\/be\/wp-json\/wp\/v2\/comments?post=61896"}],"version-history":[{"count":8,"href":"https:\/\/degroenelinde.nl\/be\/wp-json\/wp\/v2\/product\/61896\/revisions"}],"predecessor-version":[{"id":300380,"href":"https:\/\/degroenelinde.nl\/be\/wp-json\/wp\/v2\/product\/61896\/revisions\/300380"}],"wp:featuredmedia":[{"embeddable":true,"href":"https:\/\/degroenelinde.nl\/be\/wp-json\/wp\/v2\/media\/292040"}],"wp:attachment":[{"href":"https:\/\/degroenelinde.nl\/be\/wp-json\/wp\/v2\/media?parent=61896"}],"wp:term":[{"taxonomy":"product_cat","embeddable":true,"href":"https:\/\/degroenelinde.nl\/be\/wp-json\/wp\/v2\/product_cat?post=61896"},{"taxonomy":"product_tag","embeddable":true,"href":"https:\/\/degroenelinde.nl\/be\/wp-json\/wp\/v2\/product_tag?post=61896"}],"curies":[{"name":"wp","href":"https:\/\/api.w.org\/{rel}","templated":true}]}}