{"id":61906,"date":"2021-10-19T19:16:24","date_gmt":"2021-10-19T17:16:24","guid":{"rendered":"https:\/\/degroenelinde.nl\/product\/niaouli"},"modified":"2026-04-13T10:47:35","modified_gmt":"2026-04-13T08:47:35","slug":"niaouli-olie","status":"publish","type":"product","link":"https:\/\/degroenelinde.nl\/be\/product\/niaouli-olie","title":{"rendered":"Niaouli olie"},"content":{"rendered":"<div id=\"element_2664\" data-elementid=\"2664\">\n<div id=\"product-description\" class=\"element\">\n<h2 data-start=\"506\" data-end=\"873\">Omschrijving<\/h2>\n<p data-start=\"506\" data-end=\"873\">Niaouli etherische olie brengt een frisse, heldere en zuiverende energie in je ruimte. Ze wordt gewonnen uit de bladeren van de <em data-start=\"657\" data-end=\"682\">Melaleuca quinquenervia<\/em>, een boom die van nature groeit in Australi\u00eb en Nieuw-Caledoni\u00eb. Het aroma is scherp, groen en licht bloemig, en stimuleert de geest terwijl het een gevoel van helderheid en focus cre\u00ebert.<\/p>\n<p data-start=\"875\" data-end=\"1096\">De bladeren worden zorgvuldig geoogst en via stoomdestillatie verwerkt, zodat de natuurlijke bestanddelen behouden blijven. Niaouli verspreidt direct een verkwikkende energie die lichaam en geest opent en revitaliseert.<\/p>\n<h2 data-start=\"1098\" data-end=\"1326\">Mensbeeld<\/h2>\n<p data-start=\"1098\" data-end=\"1326\">Het Niaouli-type raakt snel overprikkeld en kan het overzicht verliezen. Niaouli helpt structuur en helderheid terug te brengen, waardoor het makkelijker wordt om beslissingen te nemen en je energie te richten.<\/p>\n<h2 data-start=\"1328\" data-end=\"1491\">Psychisch<\/h2>\n<p data-start=\"1328\" data-end=\"1491\">Niaouli stimuleert focus, mentale helderheid en ontspanning tegelijk. Ze helpt stress los te laten en ondersteunt een rustig en alert bewustzijn.<\/p>\n<h2 data-start=\"1493\" data-end=\"1680\">Spiritueel<\/h2>\n<p data-start=\"1493\" data-end=\"1680\">De olie zuivert de aura en opent het derde oogchakra. Ze helpt negatieve energie los te laten, ondersteunt meditatie en versterkt de verbinding met innerlijke wijsheid.<\/p>\n<p data-start=\"1493\" data-end=\"1680\"><span style=\"color: #088036;\"><em>Affirmatie: &#8220;Mijn geest is helder, mijn energie stroomt vrij en ik ben gefocust&#8221;<\/em><\/span><\/p>\n<h2 data-start=\"1682\" data-end=\"1782\">Lichamelijk<\/h2>\n<p data-start=\"1682\" data-end=\"1782\">Het frisse aroma verfrist de omgeving en ondersteunt een heldere, actieve sfeer.<\/p>\n<h2 data-start=\"1784\" data-end=\"1850\">Mengt goed met<\/h2>\n<p data-start=\"1784\" data-end=\"1850\"><a href=\"https:\/\/degroenelinde.nl\/be\/product\/lavendelolie\/\">Lavendel<\/a>, <a href=\"https:\/\/degroenelinde.nl\/be\/product\/eucalyptus-etherische-olie\/\">Eucalyptus<\/a>, Citrusoli\u00ebn, <a href=\"https:\/\/degroenelinde.nl\/be\/product\/tea-tree-olie\/\">Tea Tree<\/a><\/p>\n<h2 data-start=\"1784\" data-end=\"1850\">Chakra&#8217;s<\/h2>\n<p>Derde Oog, Kruin<\/p>\n<h2>Kristallen<\/h2>\n<p><a href=\"https:\/\/degroenelinde.nl\/be\/producten\/kristallen\/a-tot-z\/lapis-lazuli\/\">Lapis Lazuli<\/a>, <a href=\"https:\/\/degroenelinde.nl\/be\/producten\/kristallen\/a-tot-z\/amethist\/\">Amethist<\/a>, <a href=\"https:\/\/degroenelinde.nl\/be\/producten\/kristallen\/a-tot-z\/bergkristal\/\">Bergkristal<\/a><\/p>\n<h2 data-start=\"1852\" data-end=\"1909\">Contra-indicatie<\/h2>\n<p data-start=\"1852\" data-end=\"1909\">Geen bekend bij normaal gebruik.<\/p>\n<p data-start=\"1852\" data-end=\"1909\">Ben jij ge\u00efnteresseerd in het gebruik van etherische oli\u00ebn en op zoek naar meer informatie? Dan is het boek <a href=\"https:\/\/degroenelinde.nl\/be\/product\/aroma-power-handboek\/\"><strong data-start=\"231\" data-end=\"246\">Aroma-Power<\/strong><\/a> iets voor jou! Dit prachtige handboek staat boordevol informatie over de eigenschappen en het gebruik van enkelvoudige oli\u00ebn.<\/p>\n<p data-start=\"1911\" data-end=\"1999\">\n<\/div>\n<\/div>","protected":false},"excerpt":{"rendered":"<div id=\"element_2664\" data-elementid=\"2664\">\n<div id=\"product-description\" class=\"element\">\n<div>\n<h4><span style=\"color: #088036;\"><em>&#8220;Ik breng innerlijke rust&#8221;<\/em><\/span><\/h4>\n<div>Latijnse naam: Melaleuca Viridiflora<br \/>\nLand van herkomst: India<br \/>\nWinning: Stoomdestillatie<\/div>\n<\/div>\n<div><\/div>\n<div>Niaouli brengt rust en helderheid. De frisse, zachte geur helpt je kalm te blijven in drukke momenten en ondersteunt een harmonieuze sfeer. Een milde olie die stabiliteit, focus en innerlijke balans versterkt.<\/div>\n<\/div>\n<\/div>","protected":false},"featured_media":1794,"comment_status":"open","ping_status":"closed","template":"","meta":{"_acf_changed":false,"footnotes":""},"product_cat":[3360,1564,1592,3357],"product_tag":[],"class_list":{"0":"post-61906","1":"product","2":"type-product","3":"status-publish","4":"has-post-thumbnail","6":"product_cat-bescherming-zuivering","7":"product_cat-etherische-olien","8":"product_cat-l-n","9":"product_cat-themas-enkelvoudige-olien","11":"first","12":"instock","13":"taxable","14":"shipping-taxable","15":"purchasable","16":"product-type-variable","17":"has-default-attributes","18":"add-to-wishlist-before_image"},"acf":[],"_links":{"self":[{"href":"https:\/\/degroenelinde.nl\/be\/wp-json\/wp\/v2\/product\/61906","targetHints":{"allow":["GET"]}}],"collection":[{"href":"https:\/\/degroenelinde.nl\/be\/wp-json\/wp\/v2\/product"}],"about":[{"href":"https:\/\/degroenelinde.nl\/be\/wp-json\/wp\/v2\/types\/product"}],"replies":[{"embeddable":true,"href":"https:\/\/degroenelinde.nl\/be\/wp-json\/wp\/v2\/comments?post=61906"}],"version-history":[{"count":7,"href":"https:\/\/degroenelinde.nl\/be\/wp-json\/wp\/v2\/product\/61906\/revisions"}],"predecessor-version":[{"id":306958,"href":"https:\/\/degroenelinde.nl\/be\/wp-json\/wp\/v2\/product\/61906\/revisions\/306958"}],"wp:featuredmedia":[{"embeddable":true,"href":"https:\/\/degroenelinde.nl\/be\/wp-json\/wp\/v2\/media\/1794"}],"wp:attachment":[{"href":"https:\/\/degroenelinde.nl\/be\/wp-json\/wp\/v2\/media?parent=61906"}],"wp:term":[{"taxonomy":"product_cat","embeddable":true,"href":"https:\/\/degroenelinde.nl\/be\/wp-json\/wp\/v2\/product_cat?post=61906"},{"taxonomy":"product_tag","embeddable":true,"href":"https:\/\/degroenelinde.nl\/be\/wp-json\/wp\/v2\/product_tag?post=61906"}],"curies":[{"name":"wp","href":"https:\/\/api.w.org\/{rel}","templated":true}]}}