{"id":61910,"date":"2021-05-27T15:01:14","date_gmt":"2021-05-27T13:01:14","guid":{"rendered":"https:\/\/degroenelinde.nl\/product\/lost-twin"},"modified":"2026-03-17T10:40:37","modified_gmt":"2026-03-17T09:40:37","slug":"lost-twin","status":"publish","type":"product","link":"https:\/\/degroenelinde.nl\/be\/product\/lost-twin","title":{"rendered":"Lost twin, Existentie"},"content":{"rendered":"<p data-start=\"237\" data-end=\"408\">Tijdens diverse vormen van therapie of healing kan dit soort blokkades naar boven komen. Door de energie van de geurfrequenties van de Existentie lijn te gebruiken, kun je energetische blokkades op een eenvoudige en zachte manier transformeren. Soms gebeurt dit al door het flesje tegen de blokkade aan te houden. Vanwege de hoge trilling en de krachtige werking van de olie is voorzichtigheid geboden. De olie kan veel losmaken en een nawerking hebben die niet altijd prettig is. Het vooraf delen van deze informatie helpt de cli\u00ebnt zodat eventuele bijwerkingen niet onverwacht komen.<\/p>\n<h2 data-start=\"988\" data-end=\"1039\">Lost Twin<\/h2>\n<p data-start=\"1041\" data-end=\"1370\">Deze geurfrequentie Lost Twin is speciaal ontwikkeld voor mensen die een tweelingbroer of -zus hebben verloren in de prenatale fase van de zwangerschap. Veel mensen realiseren zich niet dat sommige zwangerschappen beginnen met meer dan \u00e9\u00e9n bevruchte eicel. Helaas wordt \u00e9\u00e9n van de twee vruchtjes in een vroeg stadium vaak afgestoten.<\/p>\n<p data-start=\"1372\" data-end=\"1732\">Op zielsniveau ervaart de overgebleven tweeling dit verlies als een diep gemis. In het leven van deze personen kan dit zich uiten als een constant gevoel van alleen zijn en een latent verlangen naar de andere helft van de tweeling. Door je bewust te worden van dit gevoel en deze olie te gebruiken, kun je dit gemis verzachten en innerlijke rust ervaren.<\/p>\n<p data-start=\"1734\" data-end=\"1937\">De geurfrequentie Lost Twin ondersteunt het helingsproces op zielsniveau en kan helpen het gevoel van eenzaamheid en incompleetheid te transformeren, zodat je je weer verbonden voelt met jezelf en het leven.<\/p>\n<h2 data-start=\"1594\" data-end=\"1630\">Voor wie is deze frequentie geschikt?<\/h2>\n<ul>\n<li data-start=\"1634\" data-end=\"1691\">Iedereen die blokkades of onverwerkte trauma\u2019s ervaart.<\/li>\n<li data-start=\"1634\" data-end=\"1691\">Lichtwerkers en mensen die bewust werken aan emotionele en energetische balans.<\/li>\n<li data-start=\"1634\" data-end=\"1691\">Mensen die therapie of healing combineren met geurfrequenties voor optimale ondersteuning.<\/li>\n<\/ul>\n<p>&nbsp;<\/p>","protected":false},"excerpt":{"rendered":"<h4 data-start=\"154\" data-end=\"235\"><span style=\"color: #088036;\"><em>&#8220;Lost Twin, ik help je het prenatale verlies van je tweelingbroer of -zus te verwerken.&#8221;<\/em><\/span><\/h4>\n<p data-start=\"237\" data-end=\"408\">Existentie betekent ZIJN. Door opgelopen trauma\u2019s kan je werkelijke wezen niet volledig in het lichaam aanwezig zijn, waardoor het leven niet optimaal beleefd wordt.<\/p>","protected":false},"featured_media":145657,"comment_status":"open","ping_status":"closed","template":"","meta":{"_acf_changed":false,"footnotes":""},"product_cat":[1595,1582,2146,1571],"product_tag":[2690,2658],"class_list":{"0":"post-61910","1":"product","2":"type-product","3":"status-publish","4":"has-post-thumbnail","6":"product_cat-existentie","7":"product_cat-geurlijnen","8":"product_cat-healing-loslaten","9":"product_cat-themas","10":"product_tag-energetische-blokkades","11":"product_tag-energetische-ondersteuning","13":"first","14":"instock","15":"taxable","16":"shipping-taxable","17":"purchasable","18":"product-type-variable","19":"add-to-wishlist-before_image"},"acf":[],"_links":{"self":[{"href":"https:\/\/degroenelinde.nl\/be\/wp-json\/wp\/v2\/product\/61910","targetHints":{"allow":["GET"]}}],"collection":[{"href":"https:\/\/degroenelinde.nl\/be\/wp-json\/wp\/v2\/product"}],"about":[{"href":"https:\/\/degroenelinde.nl\/be\/wp-json\/wp\/v2\/types\/product"}],"replies":[{"embeddable":true,"href":"https:\/\/degroenelinde.nl\/be\/wp-json\/wp\/v2\/comments?post=61910"}],"version-history":[{"count":6,"href":"https:\/\/degroenelinde.nl\/be\/wp-json\/wp\/v2\/product\/61910\/revisions"}],"predecessor-version":[{"id":301632,"href":"https:\/\/degroenelinde.nl\/be\/wp-json\/wp\/v2\/product\/61910\/revisions\/301632"}],"wp:featuredmedia":[{"embeddable":true,"href":"https:\/\/degroenelinde.nl\/be\/wp-json\/wp\/v2\/media\/145657"}],"wp:attachment":[{"href":"https:\/\/degroenelinde.nl\/be\/wp-json\/wp\/v2\/media?parent=61910"}],"wp:term":[{"taxonomy":"product_cat","embeddable":true,"href":"https:\/\/degroenelinde.nl\/be\/wp-json\/wp\/v2\/product_cat?post=61910"},{"taxonomy":"product_tag","embeddable":true,"href":"https:\/\/degroenelinde.nl\/be\/wp-json\/wp\/v2\/product_tag?post=61910"}],"curies":[{"name":"wp","href":"https:\/\/api.w.org\/{rel}","templated":true}]}}