{"id":61961,"date":"2021-09-09T14:00:40","date_gmt":"2021-09-09T12:00:40","guid":{"rendered":"https:\/\/degroenelinde.nl\/product\/incarnatie"},"modified":"2026-03-13T16:26:39","modified_gmt":"2026-03-13T15:26:39","slug":"incarneren","status":"publish","type":"product","link":"https:\/\/degroenelinde.nl\/be\/product\/incarneren","title":{"rendered":"Incarnatie, Spirituele Regulatie"},"content":{"rendered":"<p>Ook kom ik het vaak tegen dat mensen tegen wil en dank terug moeten naar het aardse bestaan. Door de weerstand incarneren ze slecht. Hierdoor staan lichaam en geest niet meer op \u00e9\u00e9n lijn wat uiteindelijk kan resulteren in energetische klachten. Mindere grijpbare gevoelens zijn bij slecht ge\u00efncarneerde personen vaak terug te vinden. Denk aan een constant gevoel van heimwee, gevoelens van leegte en de wereld als wreed en hard ervaren. Je voelt je nergens echt thuis en op je plek.<br \/>\nDeze incarnatie blend ondersteunt je om bewust te incarneren. Trek jezelf in je lichaam en ga je daar behaaglijk en veilig voelen.<\/p>\n<p>Meer tips over het gebruik van de verschillende producten lees je in onze <a href=\"https:\/\/degroenelinde.nl\/be\/tips-in-het-gebruik-van-onze-producten\/\">speciale blog<\/a>.<\/p>","protected":false},"excerpt":{"rendered":"<h4><span style=\"color: #088036;\"><em>&#8220;Incarneren, als je het gevoel hebt dat je hier niet hoort of je leven kan geen vorm krijgen&#8221;<\/em><\/span><\/h4>\n<p>Vaak gebeurt het dat kinderen of volwassenen niet goed incarneren. Dit kan gebeuren door traumatische gebeurtenissen tijdens de zwangerschap of tijdens de geboorte.<\/p>","protected":false},"featured_media":114701,"comment_status":"open","ping_status":"closed","template":"","meta":{"_acf_changed":false,"footnotes":""},"product_cat":[1582,2154,1606,1571],"product_tag":[],"class_list":{"0":"post-61961","1":"product","2":"type-product","3":"status-publish","4":"has-post-thumbnail","6":"product_cat-geurlijnen","7":"product_cat-gronding-balans","8":"product_cat-spirituele-regulatie","9":"product_cat-themas","11":"first","12":"instock","13":"taxable","14":"shipping-taxable","15":"purchasable","16":"product-type-variable","17":"add-to-wishlist-before_image"},"acf":[],"_links":{"self":[{"href":"https:\/\/degroenelinde.nl\/be\/wp-json\/wp\/v2\/product\/61961","targetHints":{"allow":["GET"]}}],"collection":[{"href":"https:\/\/degroenelinde.nl\/be\/wp-json\/wp\/v2\/product"}],"about":[{"href":"https:\/\/degroenelinde.nl\/be\/wp-json\/wp\/v2\/types\/product"}],"replies":[{"embeddable":true,"href":"https:\/\/degroenelinde.nl\/be\/wp-json\/wp\/v2\/comments?post=61961"}],"version-history":[{"count":6,"href":"https:\/\/degroenelinde.nl\/be\/wp-json\/wp\/v2\/product\/61961\/revisions"}],"predecessor-version":[{"id":300649,"href":"https:\/\/degroenelinde.nl\/be\/wp-json\/wp\/v2\/product\/61961\/revisions\/300649"}],"wp:featuredmedia":[{"embeddable":true,"href":"https:\/\/degroenelinde.nl\/be\/wp-json\/wp\/v2\/media\/114701"}],"wp:attachment":[{"href":"https:\/\/degroenelinde.nl\/be\/wp-json\/wp\/v2\/media?parent=61961"}],"wp:term":[{"taxonomy":"product_cat","embeddable":true,"href":"https:\/\/degroenelinde.nl\/be\/wp-json\/wp\/v2\/product_cat?post=61961"},{"taxonomy":"product_tag","embeddable":true,"href":"https:\/\/degroenelinde.nl\/be\/wp-json\/wp\/v2\/product_tag?post=61961"}],"curies":[{"name":"wp","href":"https:\/\/api.w.org\/{rel}","templated":true}]}}