{"id":62044,"date":"2021-11-22T20:47:25","date_gmt":"2021-11-22T19:47:25","guid":{"rendered":"https:\/\/degroenelinde.nl\/product\/amandel-olie-kp"},"modified":"2026-03-15T19:04:03","modified_gmt":"2026-03-15T18:04:03","slug":"amandelolie-kp","status":"publish","type":"product","link":"https:\/\/degroenelinde.nl\/be\/product\/amandelolie-kp","title":{"rendered":"Amandelolie KP"},"content":{"rendered":"<h2 data-start=\"516\" data-end=\"554\">Wat doet amandelolie voor de huid?<\/h2>\n<h3 data-start=\"556\" data-end=\"768\"><em>Intensief voedend en hydraterend<\/em><\/h3>\n<p data-start=\"556\" data-end=\"768\">Amandelolie voedt de huid diep en helpt het natuurlijke vochtgehalte te behouden. De olie voelt zacht aan, trekt geleidelijk in en laat de huid soepel en comfortabel achter.<\/p>\n<h3 data-start=\"770\" data-end=\"1015\"><em>Versterkt en beschermt de huidbarri\u00e8re<\/em><\/h3>\n<p data-start=\"770\" data-end=\"1015\">Rijk aan onverzadigde vetzuren, zoals oliezuur (omega-9) en linolzuur (omega-6), ondersteunt deze olie de huidbarri\u00e8re. Dit helpt de huid beter bestand te zijn tegen uitdroging en externe invloeden.<\/p>\n<h3 data-start=\"1017\" data-end=\"1274\"><em>Kalmerend voor de gevoelige huid<\/em><\/h3>\n<p data-start=\"1017\" data-end=\"1274\">Dankzij haar milde en verzachtende werking is deze olie bijzonder geschikt voor de gevoelige, droge en snel ge\u00efrriteerde huid. De olie helpt roodheid en een trekkerig gevoel te verminderen en brengt de huid tot rust.<\/p>\n<h3 data-start=\"1276\" data-end=\"1508\"><em>Ondersteunt een gezonde huidstructuur<\/em><\/h3>\n<p data-start=\"1276\" data-end=\"1508\">Amandelolie bevat van nature vitamine E, een antioxidant die de huid helpt beschermen tegen vrije radicalen. Dit draagt bij aan het behoud van een gladde, verzorgde en gezonde uitstraling.<\/p>\n<h3 data-start=\"1510\" data-end=\"1677\"><em>Zacht en huidvriendelijk<\/em><\/h3>\n<p data-start=\"1510\" data-end=\"1677\">De olie verstopt de pori\u00ebn niet en is zacht voor de huid, waardoor ze geschikt is voor zowel baby\u2019s en kinderen als voor de rijpere huid.<\/p>\n<h3 data-start=\"1679\" data-end=\"1704\"><em>Veelzijdig in gebruik<\/em><\/h3>\n<p data-start=\"1706\" data-end=\"1914\">Amandelolie kan puur worden gebruikt of als basisolie in cr\u00e8mes, bodylotions, massageoli\u00ebn en gezichtsverzorging. Ook is zij zeer geschikt als draagolie voor etherische oli\u00ebn en voor verzorgende huidrituelen.<\/p>\n<p data-start=\"1706\" data-end=\"1914\">Voor dit product is een bijpassende <a href=\"https:\/\/degroenelinde.nl\/be\/product\/pomp-voor-massage-olie\/\">doseerpomp<\/a> beschikbaar voor bruine PET flessen (100-1000 ml, DIN 28), met stijgbuis die je op maat kunt knippen.<\/p>\n<p>Wil je vari\u00ebren of vergelijken? We hebben nog veel meer natuurzuivere <a href=\"https:\/\/degroenelinde.nl\/be\/producten\/basis-massage-olien\/basis-olien\/\">basisoli\u00ebn in ons assortiment<\/a>, van bekende klassiekers tot <a href=\"https:\/\/degroenelinde.nl\/be\/producten\/basis-massage-olien\/exclusieve-basisolien\/\">exclusieve basisoli\u00ebn<\/a> met een luxe huidgevoel en een bijzondere kwaliteit. Zo kies je altijd wat het beste bij jou, je huid en je moment past.<\/p>\n<p>Deze Basisolie is 100% natuurzuiver en voldoet het aan de Europese cosmetica-wetgeving.<\/p>","protected":false},"excerpt":{"rendered":"<h4 data-start=\"147\" data-end=\"196\"><span style=\"color: #088036;\"><em>&#8220;Amandelolie, zachte verzorging voor elke huid&#8221;<\/em><\/span><\/h4>\n<p data-start=\"198\" data-end=\"514\">Amandelolie KP is een koudgeperste, plantaardige olie uit de pitten van zoete amandelen. Doordat deze olie minimaal bewerkt is, behoudt ze haar natuurlijke kleur en een subtiele, nootachtige geur. Dat maakt de KP variant geliefd bij mensen die juist die pure oliebeleving zoeken. De olie voelt zacht aan, trekt geleidelijk in en laat de huid soepel en comfortabel aanvoelen. Dankzij de cosmetische goedkeuring is amandelolie veilig en effectief inzetbaar voor dagelijks gebruik.<\/p>","protected":false},"featured_media":99626,"comment_status":"open","ping_status":"closed","template":"","meta":{"_acf_changed":false,"footnotes":""},"product_cat":[1978,2022],"product_tag":[2797,1039,2796,2805,2799],"class_list":{"0":"post-62044","1":"product","2":"type-product","3":"status-publish","4":"has-post-thumbnail","6":"product_cat-basis-massage-olien","7":"product_cat-basis-olien","8":"product_tag-amandelolie","9":"product_tag-gezichtmassage","10":"product_tag-huidverzorging","11":"product_tag-massage","12":"product_tag-natuurlijke-huidverzorging","14":"first","15":"instock","16":"taxable","17":"shipping-taxable","18":"purchasable","19":"product-type-variable","20":"has-default-attributes","21":"add-to-wishlist-before_image"},"acf":[],"_links":{"self":[{"href":"https:\/\/degroenelinde.nl\/be\/wp-json\/wp\/v2\/product\/62044","targetHints":{"allow":["GET"]}}],"collection":[{"href":"https:\/\/degroenelinde.nl\/be\/wp-json\/wp\/v2\/product"}],"about":[{"href":"https:\/\/degroenelinde.nl\/be\/wp-json\/wp\/v2\/types\/product"}],"replies":[{"embeddable":true,"href":"https:\/\/degroenelinde.nl\/be\/wp-json\/wp\/v2\/comments?post=62044"}],"version-history":[{"count":7,"href":"https:\/\/degroenelinde.nl\/be\/wp-json\/wp\/v2\/product\/62044\/revisions"}],"predecessor-version":[{"id":300910,"href":"https:\/\/degroenelinde.nl\/be\/wp-json\/wp\/v2\/product\/62044\/revisions\/300910"}],"wp:featuredmedia":[{"embeddable":true,"href":"https:\/\/degroenelinde.nl\/be\/wp-json\/wp\/v2\/media\/99626"}],"wp:attachment":[{"href":"https:\/\/degroenelinde.nl\/be\/wp-json\/wp\/v2\/media?parent=62044"}],"wp:term":[{"taxonomy":"product_cat","embeddable":true,"href":"https:\/\/degroenelinde.nl\/be\/wp-json\/wp\/v2\/product_cat?post=62044"},{"taxonomy":"product_tag","embeddable":true,"href":"https:\/\/degroenelinde.nl\/be\/wp-json\/wp\/v2\/product_tag?post=62044"}],"curies":[{"name":"wp","href":"https:\/\/api.w.org\/{rel}","templated":true}]}}