{"id":62128,"date":"2022-01-02T21:46:22","date_gmt":"2022-01-02T20:46:22","guid":{"rendered":"https:\/\/degroenelinde.nl\/product\/sanitair-reiniger"},"modified":"2025-02-01T07:32:00","modified_gmt":"2025-02-01T06:32:00","slug":"sanitair-reiniger","status":"publish","type":"product","link":"https:\/\/degroenelinde.nl\/be\/product\/sanitair-reiniger","title":{"rendered":"Sanitair Reiniger"},"content":{"rendered":"<h4><em><span style=\"color: #088036;\">&#8220;Een natuurlijk middel&#8221;<\/span><\/em><\/h4>\n<p>Inhoud: 500 ml<\/p>\n<h4>Ingredi\u00ebnten<\/h4>\n<p>Xantaangom, Tenside, Alcohol, <a href=\"https:\/\/degroenelinde.nl\/be\/product\/eucalyptus-citriodora\/\">Eucalyptus Citriodora<\/a><\/p>\n<p>Deze reiniger is voornamelijk bedoeld om het sanitair schoon te maken. Je kan met een gerust hart je toilet, badkamer en aanrecht met dit product schoonmaken. De basis is water met citroenzuur en een weinig tenside (zeepstof). Een plantaardige verdikker zorgt ervoor dat de sanitair reiniger wat langer aan de wanden blijft zitten.<\/p>\n<p>Schrob je toilet met dit product en laat het intrekken, spoel daarna pas weg voor het beste resultaat.<br \/>\nHet chroom van kranen gaat prachtig blinken!<\/p>","protected":false},"excerpt":{"rendered":"<p>Een natuurlijke manier om je santitair schoon en kalkvrij te houden. Mijn zeer gewaardeerde en favoriete Sanitair Reiniger!<\/p>\n<p>Inhoud: 500 ml<br \/>\n<strong>Ingredi\u00ebnten:<\/strong> Xantaangom, Tenside, Alcohol, verschillende etherische oli\u00ebn<\/p>\n<p>Deze allesreiniger is voornamelijk bedoeld om het sanitair schoon te maken. Je kan met een gerust hart je toilet, badkamer en aanrecht met dit product schoonmaken.\u00a0De basis is water met citroenzuur en een weinig tenside (zeepstof). Een plantaardige verdikker zorgt ervoor dat de sanitair reiniger wat langer aan de wanden blijft zitten. De verschillende etherische oli\u00ebn die zijn uitgekozen hebben allemaal \u00e9\u00e9n ding gemeen: Ze doden bacteri\u00ebn en laten een heerlijk &#8220;schoongemaakte&#8221; geur achter.<\/p>\n<p>Schrob je toilet met dit product en laat het intrekken, spoel daarna pas weg voor het beste resultaat.<br \/>\nHet chroom van kranen gaat prachtig blinken!<\/p>","protected":false},"featured_media":155669,"comment_status":"open","ping_status":"closed","template":"","meta":{"_acf_changed":false,"footnotes":""},"product_cat":[1755,1629],"product_tag":[],"class_list":{"0":"post-62128","1":"product","2":"type-product","3":"status-publish","4":"has-post-thumbnail","6":"product_cat-schoon-fris","7":"product_cat-schoonmaakproducten","9":"first","10":"instock","11":"taxable","12":"shipping-taxable","13":"purchasable","14":"product-type-simple","15":"add-to-wishlist-before_image"},"acf":[],"_links":{"self":[{"href":"https:\/\/degroenelinde.nl\/be\/wp-json\/wp\/v2\/product\/62128","targetHints":{"allow":["GET"]}}],"collection":[{"href":"https:\/\/degroenelinde.nl\/be\/wp-json\/wp\/v2\/product"}],"about":[{"href":"https:\/\/degroenelinde.nl\/be\/wp-json\/wp\/v2\/types\/product"}],"replies":[{"embeddable":true,"href":"https:\/\/degroenelinde.nl\/be\/wp-json\/wp\/v2\/comments?post=62128"}],"version-history":[{"count":3,"href":"https:\/\/degroenelinde.nl\/be\/wp-json\/wp\/v2\/product\/62128\/revisions"}],"predecessor-version":[{"id":119519,"href":"https:\/\/degroenelinde.nl\/be\/wp-json\/wp\/v2\/product\/62128\/revisions\/119519"}],"wp:featuredmedia":[{"embeddable":true,"href":"https:\/\/degroenelinde.nl\/be\/wp-json\/wp\/v2\/media\/155669"}],"wp:attachment":[{"href":"https:\/\/degroenelinde.nl\/be\/wp-json\/wp\/v2\/media?parent=62128"}],"wp:term":[{"taxonomy":"product_cat","embeddable":true,"href":"https:\/\/degroenelinde.nl\/be\/wp-json\/wp\/v2\/product_cat?post=62128"},{"taxonomy":"product_tag","embeddable":true,"href":"https:\/\/degroenelinde.nl\/be\/wp-json\/wp\/v2\/product_tag?post=62128"}],"curies":[{"name":"wp","href":"https:\/\/api.w.org\/{rel}","templated":true}]}}