{"id":62287,"date":"2021-12-19T16:52:31","date_gmt":"2021-12-19T15:52:31","guid":{"rendered":"https:\/\/degroenelinde.nl\/product\/happy-home-sleep-dream"},"modified":"2026-03-13T13:58:28","modified_gmt":"2026-03-13T12:58:28","slug":"happy-home-sleep-dream","status":"publish","type":"product","link":"https:\/\/degroenelinde.nl\/be\/product\/happy-home-sleep-dream","title":{"rendered":"Sleep &#038; Dream, Happy Home"},"content":{"rendered":"<p data-start=\"753\" data-end=\"1149\">Door het gebruik van deze etherische olie voor het slapen merk je dat je energie rustiger wordt en meer naar beneden zakt. Dit zorgt voor een gevoel van veiligheid en geborgenheid, waardoor je lichaam en geest zich kunnen overgeven aan de slaap. Door de blend te verdampen in de slaapkamer verandert de energie in de ruimte direct, de kamer voelt kalmer, zachter en ontspannender aan. Deze momenten helpen je om te vertragen en bewust over te schakelen naar rust.<\/p>\n<p data-start=\"753\" data-end=\"1149\">Slaap lekker \ud83c\udf19<\/p>\n<h2>Voor ieder moment de juiste geur<\/h2>\n<p data-start=\"1874\" data-end=\"2220\">Happy Home blends zijn speciaal ontwikkeld om een prettige en energetisch fijne sfeer te cre\u00ebren. Ze zijn ideaal om te verdampen in huis, maar ook zeer geschikt voor gebruik op de werkplek of in een praktijkruimte. Met een eenvoudige spray of geurbeleving ondersteun je jezelf in het dagelijks leven met natuurlijke aromatherapie.<\/p>\n<p>Lees <a href=\"https:\/\/degroenelinde.nl\/be\/gebruik-geurfrequenties\/\">hier<\/a> hoe je de blends kunt inzetten in je dagelijkse leven.<\/p>","protected":false},"excerpt":{"rendered":"<h4 data-start=\"309\" data-end=\"384\"><span style=\"color: #088036;\"><em>&#8220;Sleep &amp; Dream, ik zorg voor ontspanning en een goede nachtrust&#8221;<\/em><\/span><\/h4>\n<p data-start=\"386\" data-end=\"751\">De Sleep &amp; Dream Happy Home Blend is d\u00e9 blend die je kiest wanneer je een rustige en ontspannen sfeer in de slaapkamer wilt cre\u00ebren. Deze blend bestaat uit zorgvuldig geselecteerde, natuurzuivere etherische oli\u00ebn. Deze helpen je om uit je hoofd te komen en diep te ontspannen. Ideaal wanneer je moeite hebt met loslaten of ontspannen voor het slapen gaan.<\/p>","protected":false},"featured_media":273100,"comment_status":"open","ping_status":"closed","template":"","meta":{"_acf_changed":false,"footnotes":""},"product_cat":[1582,1649],"product_tag":[2658,2841,2508,2846],"class_list":{"0":"post-62287","1":"product","2":"type-product","3":"status-publish","4":"has-post-thumbnail","6":"product_cat-geurlijnen","7":"product_cat-happy-home-blends","8":"product_tag-energetische-ondersteuning","9":"product_tag-ontspannen","10":"product_tag-slapen","11":"product_tag-slapen-met-etherische-olie","13":"first","14":"instock","15":"taxable","16":"shipping-taxable","17":"purchasable","18":"product-type-variable","19":"add-to-wishlist-before_image"},"acf":[],"_links":{"self":[{"href":"https:\/\/degroenelinde.nl\/be\/wp-json\/wp\/v2\/product\/62287","targetHints":{"allow":["GET"]}}],"collection":[{"href":"https:\/\/degroenelinde.nl\/be\/wp-json\/wp\/v2\/product"}],"about":[{"href":"https:\/\/degroenelinde.nl\/be\/wp-json\/wp\/v2\/types\/product"}],"replies":[{"embeddable":true,"href":"https:\/\/degroenelinde.nl\/be\/wp-json\/wp\/v2\/comments?post=62287"}],"version-history":[{"count":7,"href":"https:\/\/degroenelinde.nl\/be\/wp-json\/wp\/v2\/product\/62287\/revisions"}],"predecessor-version":[{"id":300356,"href":"https:\/\/degroenelinde.nl\/be\/wp-json\/wp\/v2\/product\/62287\/revisions\/300356"}],"wp:featuredmedia":[{"embeddable":true,"href":"https:\/\/degroenelinde.nl\/be\/wp-json\/wp\/v2\/media\/273100"}],"wp:attachment":[{"href":"https:\/\/degroenelinde.nl\/be\/wp-json\/wp\/v2\/media?parent=62287"}],"wp:term":[{"taxonomy":"product_cat","embeddable":true,"href":"https:\/\/degroenelinde.nl\/be\/wp-json\/wp\/v2\/product_cat?post=62287"},{"taxonomy":"product_tag","embeddable":true,"href":"https:\/\/degroenelinde.nl\/be\/wp-json\/wp\/v2\/product_tag?post=62287"}],"curies":[{"name":"wp","href":"https:\/\/api.w.org\/{rel}","templated":true}]}}