{"id":63582,"date":"2022-01-02T14:56:08","date_gmt":"2022-01-02T13:56:08","guid":{"rendered":"https:\/\/degroenelinde.nl\/product\/clean-energy-olie"},"modified":"2025-09-20T09:22:02","modified_gmt":"2025-09-20T07:22:02","slug":"clean-energy-olie","status":"publish","type":"product","link":"https:\/\/degroenelinde.nl\/be\/product\/clean-energy-olie","title":{"rendered":"Clean Energy olie"},"content":{"rendered":"<h4><span style=\"color: #088036;\"><em>&#8220;Voor een energetische reiniging van jouw leefomgeving&#8221;<\/em><\/span><\/h4>\n<h4>Ingredi\u00ebnten<\/h4>\n<p><a href=\"https:\/\/degroenelinde.nl\/be\/product\/jeneverbes-hout\/\">Jeneverbes Hout<\/a>, <a href=\"https:\/\/degroenelinde.nl\/be\/product\/salie-olie\/\">Salie<\/a>, <a href=\"https:\/\/degroenelinde.nl\/be\/product\/rozemarijn-olie\/\">Rozemarijn<\/a>, <a href=\"https:\/\/degroenelinde.nl\/be\/product\/latschenkiefer\/\">Latschenkiefer<\/a><\/p>\n<p>Clean Energy olie is een \u201cmust have\u201d voor het energetisch reinigen van de leefomgeving, aura en kristallen. Iedereen die last heeft van het oppakken van negatieve energie van zijn of haar omgeving.<\/p>\n<h4>De toepassing van Clean Energy<\/h4>\n<p>Voor het reinigen van de leefomgeving, kantoor of praktijk is <a href=\"https:\/\/degroenelinde.nl\/be\/product\/clean-energy\/\">de spray doeltreffend en erg gemakkelijk<\/a> in het gebruik. Een paar keer sprayen is genoeg. De ruimte ruikt heerlijk fris en schoon. Het gevoel dat de geur opwekt gebeurt ook in werkelijkheid: de ruimte is schoon van zware en\/of negatieve energie. Door de toevoeging van Latschenkiefer die de eigenschap heeft om sterk reinigend op de energie in te werken, is deze Clean Energy een welverdiende \u201czucht van verlichting\u201d.<\/p>\n<h4>Tips in gebruik<\/h4>\n<ul>\n<li>Laat een persoon staan en laat zich bewust worden van het lichaam en hoe hij\/zij zich voelt. Vraag de ogen te sluiten en vraag ze gesloten te houden terwijl deze persoon opmerkt wat hij\/zij ervaart op het moment dat je de spray rondom de persoon gebruikt. Spray hiervoor \u00e9\u00e9n keer boven het hoofd en \u00e9\u00e9n keer voor en \u00e9\u00e9n keer achter de persoon. De reacties zijn divers, maar iedereen is het erover eens dat het een gevoel van ruimte geeft. Wat een reactie kan zijn is het uit balans raken van de persoon of het gevoel van \u201creisziek\u201d zijn. De energie van die persoon wordt dan opnieuw in balans gebracht en dat gebeurt heel abrupt, wat dit gevoel veroorzaakt. Het is niet erg en gaat vanzelf over. Je leest het goed we hebben <a href=\"https:\/\/degroenelinde.nl\/be\/product\/clean-energy\/\">hiervoor een kant en klare roomspray van 100 ml<\/a>. Tevens hebben we om mee te nemen <a href=\"https:\/\/degroenelinde.nl\/be\/product\/clean-energy-pocket-spray-10-ml\/\">een fijne pocketspray van 10 ml!<\/a><\/li>\n<li>Gebruik de Clean Energy olie in een <a href=\"https:\/\/degroenelinde.nl\/be\/product\/bamboo-diffuser\/\">diffuser<\/a> of <a href=\"https:\/\/degroenelinde.nl\/be\/producten\/geurverspreiders\/\">brandertje<\/a><\/li>\n<\/ul>\n<p>Wil jij meer weten over reinigen, maar ook over het gronden en beschermen? Lees dan <a href=\"https:\/\/degroenelinde.nl\/be\/reinigen-gronden-en-beschermen\/\">onze uitgebreide blog.<\/a><\/p>","protected":false},"excerpt":{"rendered":"<p>Clean Energy is een \u201cmust have\u201d voor het energetisch reinigen van de leefomgeving, aura en kristallen. Nu tevens verkrijgbaar als olie! De ingredi\u00ebnten van deze olie zijn jeneverbes, salie, rozemarijn en latschenkiefer. Iedereen die last heeft van het oppakken van negatieve energie van zijn of haar omgeving, kan hier nu ook de Clean Energy olie voor gebruiken in een diffuser of brandertje.<\/p>\n<h2>De toepassing van Clean Energy<\/h2>\n<p>Voor het reinigen van de leefomgeving, kantoor of praktijk is deze olie doeltreffend en erg gemakkelijk in het gebruik. De ruimte ruikt heerlijk fris en schoon. Het gevoel dat de geur opwekt gebeurt ook in werkelijkheid: de ruimte is schoon van zware en\/of negatieve energie. Door de toevoeging van <a href=\"https:\/\/degroenelinde.nl\/be\/product\/latschenkiefer\/\">Latschenkiefer<\/a> dat de eigenschap heeft om sterk reinigend op de energie in te werken, is deze Clean Energy een welverdiende \u201czucht van verlichting\u201d.<\/p>\n<h3>Doe een leuke test<\/h3>\n<p>Laat een persoon gaan staan en laat hem zich bewust worden van zijn lichaam en hoe hij zich voelt. Laat hem de ogen sluiten en vraag of hij die gesloten wil houden terwijl hij opmerkt wat hij ervaart op het moment dat je de olie verstuift of het flesje vast houdt.\u00a0De reacties zijn divers, maar iedereen is het erover eens dat het <a href=\"https:\/\/degroenelinde.nl\/be\/product-category\/geurfrequenties\/hsp\/\">een gevoel van ruimte<\/a> geeft. Wat een reactie kan zijn is het ronddraaien van de persoon of het gevoel van \u201creisziek\u201d zijn. De energie van die persoon wordt dan opnieuw in balans gebracht en dat gebeurt heel abrupt, wat dit gevoel veroorzaakt. Het is niet erg en gaat vanzelf over.<\/p>\n<h3>Voor meer informatie of advies<\/h3>\n<p>Wil je ook Clean Energy aanschaffen maar wil graag eerst nog wat meer informatie of advies? Bel ons dan op telefoonnummer <a href=\"tel:0031725318860\">072-5318860<\/a>. Je kunt ook onze <a href=\"https:\/\/degroenelinde.nl\/be\/showroom-de-groene-linde\/\">showroom<\/a> bezoeken, waar je al onze producten kunt ervaren. Maak hiervoor even telefonisch een afspraak.<\/p>","protected":false},"featured_media":114651,"comment_status":"open","ping_status":"closed","template":"","meta":{"_acf_changed":false,"footnotes":""},"product_cat":[1579,1586,1571],"product_tag":[],"class_list":{"0":"post-63582","1":"product","2":"type-product","3":"status-publish","4":"has-post-thumbnail","6":"product_cat-best-lopende-producten","7":"product_cat-energetische-reiniging","8":"product_cat-themas","10":"first","11":"instock","12":"taxable","13":"shipping-taxable","14":"purchasable","15":"product-type-variable","16":"has-default-attributes","17":"add-to-wishlist-before_image"},"acf":[],"_links":{"self":[{"href":"https:\/\/degroenelinde.nl\/be\/wp-json\/wp\/v2\/product\/63582","targetHints":{"allow":["GET"]}}],"collection":[{"href":"https:\/\/degroenelinde.nl\/be\/wp-json\/wp\/v2\/product"}],"about":[{"href":"https:\/\/degroenelinde.nl\/be\/wp-json\/wp\/v2\/types\/product"}],"replies":[{"embeddable":true,"href":"https:\/\/degroenelinde.nl\/be\/wp-json\/wp\/v2\/comments?post=63582"}],"version-history":[{"count":5,"href":"https:\/\/degroenelinde.nl\/be\/wp-json\/wp\/v2\/product\/63582\/revisions"}],"predecessor-version":[{"id":173819,"href":"https:\/\/degroenelinde.nl\/be\/wp-json\/wp\/v2\/product\/63582\/revisions\/173819"}],"wp:featuredmedia":[{"embeddable":true,"href":"https:\/\/degroenelinde.nl\/be\/wp-json\/wp\/v2\/media\/114651"}],"wp:attachment":[{"href":"https:\/\/degroenelinde.nl\/be\/wp-json\/wp\/v2\/media?parent=63582"}],"wp:term":[{"taxonomy":"product_cat","embeddable":true,"href":"https:\/\/degroenelinde.nl\/be\/wp-json\/wp\/v2\/product_cat?post=63582"},{"taxonomy":"product_tag","embeddable":true,"href":"https:\/\/degroenelinde.nl\/be\/wp-json\/wp\/v2\/product_tag?post=63582"}],"curies":[{"name":"wp","href":"https:\/\/api.w.org\/{rel}","templated":true}]}}