{"id":63978,"date":"2021-09-01T07:22:06","date_gmt":"2021-09-01T05:22:06","guid":{"rendered":"https:\/\/degroenelinde.nl\/product\/clean-energie-pocket-spray-10-ml"},"modified":"2025-12-17T11:26:34","modified_gmt":"2025-12-17T10:26:34","slug":"clean-energy-pocket-spray-10-ml","status":"publish","type":"product","link":"https:\/\/degroenelinde.nl\/be\/product\/clean-energy-pocket-spray-10-ml","title":{"rendered":"Clean Energy pocket spray 10 ml"},"content":{"rendered":"<h4><span style=\"color: #088036;\"><em>&#8220;Voor een energetische reiniging van jouw leefomgeving&#8221;<\/em><\/span><\/h4>\n<h4>Ingredi\u00ebnten<\/h4>\n<p><a href=\"https:\/\/degroenelinde.nl\/be\/product\/jeneverbes-hout\/\">Jeneverbes Hout<\/a>, <a href=\"https:\/\/degroenelinde.nl\/be\/product\/salie-olie\/\">Salie<\/a>, <a href=\"https:\/\/degroenelinde.nl\/be\/product\/rozemarijn-olie\/\">Rozemarijn<\/a>, <a href=\"https:\/\/degroenelinde.nl\/be\/product\/latschenkiefer\/\">Latschenkiefer<\/a><\/p>\n<p>Deze handige pocket spray neem je overal mee naartoe. Echt super fijn om deze energie mee te nemen en te gebruiken wanneer je het nodig hebt.<\/p>\n<p><span data-contrast=\"none\">Clean Energy is een \u201cmust have\u201d voor het energetisch reinigen van de leefomgeving, aura en kristallen.\u202fIedereen die last heeft van het oppakken van negatieve energie van zijn of haar omgeving, is met \u00e9\u00e9n spraytje Clean Energy daar weer van verlost.<\/span><span data-ccp-props=\"{&quot;134233117&quot;:true,&quot;134233118&quot;:true,&quot;201341983&quot;:0,&quot;335557856&quot;:16777215,&quot;335559740&quot;:240}\">\u00a0<\/span><\/p>\n<p><span data-contrast=\"none\">Voor het reinigen van de leefomgeving, kantoor of praktijk is deze spray doeltreffend en erg gemakkelijk in het gebruik. Een paar keer sprayen is genoeg. De ruimte ruikt heerlijk fris en schoon. Het gevoel dat de geur opwekt, gebeurt ook in werkelijkheid: de ruimte is schoon van zware en\/of negatieve energie. Door de toevoeging van Latschenkiefer, die de eigenschap heeft om sterk reinigend op de energie in te werken, is deze Clean Energy een welverdiende \u201czucht van verlichting\u201d.<\/span><span data-ccp-props=\"{&quot;134233117&quot;:true,&quot;134233118&quot;:true,&quot;201341983&quot;:0,&quot;335557856&quot;:16777215,&quot;335559740&quot;:240}\">\u00a0<\/span><\/p>\n<h4>Tips in gebruik<\/h4>\n<ul>\n<li><span class=\"TextRun SCXW235795220 BCX8\" lang=\"NL-NL\" xml:lang=\"NL-NL\" data-contrast=\"none\"><span class=\"NormalTextRun SCXW235795220 BCX8\">Laat een persoon staan en zich bewust worden van het lichaam en hoe hij\/zij zich voelt. Vraag de ogen te sluiten en vraag ze gesloten te houden terwijl deze persoon opmerkt wat hij\/zij ervaart op het moment dat je de spray rondom de persoon gebruikt. Spray hiervoor de Clean Energy \u00e9\u00e9n keer boven het hoofd<\/span><span class=\"NormalTextRun SCXW235795220 BCX8\">,<\/span><span class=\"NormalTextRun SCXW235795220 BCX8\"> \u00e9\u00e9n keer voor en \u00e9\u00e9n keer <\/span><span class=\"NormalTextRun SCXW235795220 BCX8\">er<\/span><span class=\"NormalTextRun SCXW235795220 BCX8\">achter. De reacties zijn divers, maar iedereen is het erover eens dat het een gevoel van ruimte geeft.\u00a0<\/span><\/span><span class=\"TextRun SCXW235795220 BCX8\" lang=\"NL-NL\" xml:lang=\"NL-NL\" data-contrast=\"auto\"><span class=\"NormalTextRun SCXW235795220 BCX8\">Een mogelijke reactie is het uit balans raken van de persoon of het gevoel van \u201creisziek\u201d zijn.<\/span><\/span><span class=\"TextRun SCXW235795220 BCX8\" lang=\"NL-NL\" xml:lang=\"NL-NL\" data-contrast=\"none\"><span class=\"NormalTextRun SCXW235795220 BCX8\"> De energie van die persoon wordt dan opnieuw in balans gebracht en dat gebeurt heel abrupt, wat dit gevoel veroorzaakt. Het is niet erg en gaat vanzelf over<\/span><\/span><\/li>\n<\/ul>\n<p>Wil jij meer weten over reinigen, maar ook over het gronden en beschermen? Lees dan <a href=\"https:\/\/degroenelinde.nl\/be\/reinigen-gronden-en-beschermen\/\">onze uitgebreide blog<\/a>!<\/p>","protected":false},"excerpt":{"rendered":"<p><strong>Clean Energie Pocket spray!!\u00a0<\/strong><\/p>\n<p>Op verzoek van vele is er nu ook een pocket variant van de Clean Energie!<\/p>\n<p>Clean Energy is een \u201cmust have\u201d voor het energetisch reinigen van de leefomgeving, aura en kristallen.<\/p>\n<p>De ingredi\u00ebnten van deze spray zijn Jeneverbes, Salie, Rozemarijn en Latschenkiefer op een basis van natuurlijke zuivere alcohol (96%). Iedereen die last heeft van het oppakken van negatieve energie van zijn of haar omgeving, is met een paar keer sprayen met Clean Energy daar weer van verlost.<\/p>","protected":false},"featured_media":114654,"comment_status":"open","ping_status":"closed","template":"","meta":{"_acf_changed":false,"footnotes":""},"product_cat":[1586,1571],"product_tag":[],"class_list":{"0":"post-63978","1":"product","2":"type-product","3":"status-publish","4":"has-post-thumbnail","6":"product_cat-energetische-reiniging","7":"product_cat-themas","9":"first","10":"instock","11":"taxable","12":"shipping-taxable","13":"purchasable","14":"product-type-simple","15":"add-to-wishlist-before_image"},"acf":[],"_links":{"self":[{"href":"https:\/\/degroenelinde.nl\/be\/wp-json\/wp\/v2\/product\/63978","targetHints":{"allow":["GET"]}}],"collection":[{"href":"https:\/\/degroenelinde.nl\/be\/wp-json\/wp\/v2\/product"}],"about":[{"href":"https:\/\/degroenelinde.nl\/be\/wp-json\/wp\/v2\/types\/product"}],"replies":[{"embeddable":true,"href":"https:\/\/degroenelinde.nl\/be\/wp-json\/wp\/v2\/comments?post=63978"}],"version-history":[{"count":2,"href":"https:\/\/degroenelinde.nl\/be\/wp-json\/wp\/v2\/product\/63978\/revisions"}],"predecessor-version":[{"id":169296,"href":"https:\/\/degroenelinde.nl\/be\/wp-json\/wp\/v2\/product\/63978\/revisions\/169296"}],"wp:featuredmedia":[{"embeddable":true,"href":"https:\/\/degroenelinde.nl\/be\/wp-json\/wp\/v2\/media\/114654"}],"wp:attachment":[{"href":"https:\/\/degroenelinde.nl\/be\/wp-json\/wp\/v2\/media?parent=63978"}],"wp:term":[{"taxonomy":"product_cat","embeddable":true,"href":"https:\/\/degroenelinde.nl\/be\/wp-json\/wp\/v2\/product_cat?post=63978"},{"taxonomy":"product_tag","embeddable":true,"href":"https:\/\/degroenelinde.nl\/be\/wp-json\/wp\/v2\/product_tag?post=63978"}],"curies":[{"name":"wp","href":"https:\/\/api.w.org\/{rel}","templated":true}]}}