{"id":68597,"date":"2022-02-10T12:48:06","date_gmt":"2022-02-10T11:48:06","guid":{"rendered":"https:\/\/degroenelinde.nl\/?post_type=product&#038;p=68597"},"modified":"2026-04-20T16:02:27","modified_gmt":"2026-04-20T14:02:27","slug":"cappuccino-jaspis-armband-10-mm","status":"publish","type":"product","link":"https:\/\/degroenelinde.nl\/be\/product\/cappuccino-jaspis-armband-10-mm","title":{"rendered":"Cappuccino Jaspis armband 10 mm"},"content":{"rendered":"<div><strong>Chakra:<\/strong> basis en heiligbeen chakra<\/div>\n<div><strong>Sterrenbeeld:<\/strong> stier en maagd<\/div>\n<div><\/div>\n<div>Cappuccino jaspis is een vari\u00ebteit van Jaspis met warme, gem\u00ealeerde kleuren, vaak in tinten van bruin, beige, cr\u00e8me en soms een vleugje rood of oranje. Deze steen wordt voornamelijk gevonden in Brazili\u00eb en Madagaskar. Cappuccino Jaspis ontstaat in sedimentaire gesteenten wanneer siliciumdioxide zich mengt met verschillende mineralen. Hierdoor ontstaan de unieke patronen en kleuren die elk stuk steen bijzonder maken.<\/div>\n<article dir=\"auto\">Cappuccino Jaspis, een steen die zijn naam dankt aan zijn warme, bruine en cr\u00e8mekleurige tinten die doen denken aan een kop cappuccino.<\/p>\n<h2>Algemene werking<\/h2>\n<p>De Cappuccino Jaspis is een steen die bekendstaat om zijn aardende en kalmerende eigenschappen. De steen heeft een positieve invloed op lichaam en geest. Doordat de steen je helpt aarden, kun je beter in het hier en nu leven. Je bent je bewust van alles wat is, en je voelt je emoties en gedachten in balans komen. Hij helpt je te centreren en stabiliseren. De steen geeft je een gevoel van rust.<\/p>\n<p>Doordat de steen een kalmerende invloed heeft op de emoties, kan hij je helpen om oude en negatieve emoties los te laten. Emoties als angst, verdriet en frustratie worden door de zachte energie van de Cappuccino Jaspis hersteld en verlicht. Hij helpt je omgaan met moeilijke gevoelens en leert je geduld te hebben met jezelf tijdens moeilijke en emotionele processen.<\/p>\n<p>Je raakt energetisch meer in balans doordat de energie weer door je lichaam gaat stromen.<\/p>\n<p>De Cappuccino Jaspis ondersteunt het vermogen om geduldig naar anderen te luisteren, waardoor relaties verbeteren en communicatieproblemen verminderen. De steen staat echt voor harmonie binnen relaties en kan een gevoel van verbondenheid cre\u00ebren, ook bij werkrelaties!<\/p>\n<p>Ook heeft deze prachtige, warme steen een stimulerend effect op creativiteit en inspiratie. Dus kom jij maar niet op idee\u00ebn en loop je vast? Laat je dan ondersteunen door de Cappuccino Jaspis.<\/p>\n<p>Naast al deze fijne eigenschappen heeft de Cappuccino Jaspis ook een mooie spirituele werking. De steen bevordert dieper contact met de innerlijke bron en helpt je om bij jouw innerlijke wijsheid te komen. De steen kan helpen blokkades op spiritueel niveau te doorbreken.<\/p>\n<h2>Verzorging<\/h2>\n<p>Deze steen kan op alle manieren gereinigd en opgeladen worden. Lees <a href=\"https:\/\/degroenelinde.nl\/be\/kristallen-en-gesteenten-het-reinigen-en-opladen\/\">hier<\/a> alles over het reinigen en opladen van stenen.<\/p>\n<\/article>\n<div>\n<article dir=\"auto\">\n<div dir=\"auto\">\n<p dir=\"auto\"><em>De foto is een indicatie van de armband die je zal ontvangen. Wij besteden veel aandacht om de mooiste stenen te vinden en hebben daarom het vertrouwen dat jij een exemplaar ontvangt die bij jou past.<\/em><\/p>\n<\/div>\n<\/article>\n<\/div>","protected":false},"excerpt":{"rendered":"<h4><span style=\"color: #088036;\"><em>&#8220;Ik help je te gronden en om in het hier en nu te leven&#8221;<\/em><\/span><\/h4>\n<p>De Cappuccino Jaspis is een steen die bekendstaat om zijn aardende en kalmerende eigenschappen. De steen heeft een positieve invloed op lichaam en geest. Doordat de steen je helpt aarden, kun je beter in het hier en nu leven. Je bent je bewust van alles wat is, en je voelt je emoties en gedachten in balans komen. Hij helpt je te centreren en stabiliseren. De steen geeft je een gevoel van rust.<\/p>","protected":false},"featured_media":280484,"comment_status":"open","ping_status":"closed","template":"","meta":{"_acf_changed":false,"footnotes":""},"product_cat":[1798,1674,2453,1870,1614,1650],"product_tag":[],"class_list":{"0":"post-68597","1":"product","2":"type-product","3":"status-publish","4":"has-post-thumbnail","6":"product_cat-a-tot-z","7":"product_cat-armbanden","8":"product_cat-armbanden-10-mm","9":"product_cat-jaspis","10":"product_cat-kristallen","11":"product_cat-sieraden","13":"first","14":"instock","15":"taxable","16":"shipping-taxable","17":"purchasable","18":"product-type-simple","19":"add-to-wishlist-before_image"},"acf":[],"_links":{"self":[{"href":"https:\/\/degroenelinde.nl\/be\/wp-json\/wp\/v2\/product\/68597","targetHints":{"allow":["GET"]}}],"collection":[{"href":"https:\/\/degroenelinde.nl\/be\/wp-json\/wp\/v2\/product"}],"about":[{"href":"https:\/\/degroenelinde.nl\/be\/wp-json\/wp\/v2\/types\/product"}],"replies":[{"embeddable":true,"href":"https:\/\/degroenelinde.nl\/be\/wp-json\/wp\/v2\/comments?post=68597"}],"version-history":[{"count":4,"href":"https:\/\/degroenelinde.nl\/be\/wp-json\/wp\/v2\/product\/68597\/revisions"}],"predecessor-version":[{"id":304575,"href":"https:\/\/degroenelinde.nl\/be\/wp-json\/wp\/v2\/product\/68597\/revisions\/304575"}],"wp:featuredmedia":[{"embeddable":true,"href":"https:\/\/degroenelinde.nl\/be\/wp-json\/wp\/v2\/media\/280484"}],"wp:attachment":[{"href":"https:\/\/degroenelinde.nl\/be\/wp-json\/wp\/v2\/media?parent=68597"}],"wp:term":[{"taxonomy":"product_cat","embeddable":true,"href":"https:\/\/degroenelinde.nl\/be\/wp-json\/wp\/v2\/product_cat?post=68597"},{"taxonomy":"product_tag","embeddable":true,"href":"https:\/\/degroenelinde.nl\/be\/wp-json\/wp\/v2\/product_tag?post=68597"}],"curies":[{"name":"wp","href":"https:\/\/api.w.org\/{rel}","templated":true}]}}