{"id":87041,"date":"2022-09-09T15:50:52","date_gmt":"2022-09-09T13:50:52","guid":{"rendered":"https:\/\/degroenelinde.nl\/product\/live-workshop-werken-met-geurfrequenties-copy"},"modified":"2026-03-13T14:17:26","modified_gmt":"2026-03-13T13:17:26","slug":"live-workshop-linde-care-voor-in-de-zorg","status":"publish","type":"product","link":"https:\/\/degroenelinde.nl\/be\/product\/live-workshop-linde-care-voor-in-de-zorg","title":{"rendered":"Live workshop: Linde Care voor in de zorg"},"content":{"rendered":"<p>Naast het ondersteunen van cli\u00ebnten leer je ook jezelf te ondersteunen om energetisch in balans te blijven tijdens je werkzaamheden.<\/p>\n<p><a href=\"https:\/\/degroenelinde.nl\/be\/linde-care-prachtige-producten-voor-in-de-zorg\/\">Op deze pagina<\/a> lees je meer over de Linde-Care lijn.<\/p>\n<h2>Wat je nog meer wilt weten<\/h2>\n<p>Deze workshop wordt gegeven door collega&#8217;s van het Zorgteam.<\/p>\n<p>Jouw investering wordt dan \u20ac 95,00 incl BTW.<\/p>\n<p>Je ontvangt een mooi cursusboekje waarin je veel kunt terug lezen.<br \/>\nDe hele dag door is er koffie, thee en lekkere tussendoortjes.<\/p>\n<p>Zelf meenemen: neem voor jezelf een lunchpakket en handdoek mee.<\/p>\n<h2>Wanneer en waar<\/h2>\n<p><em>Maximaal 12 deelnemers.<\/em><\/p>\n<p>We beginnen om 10.00 uur en we eindigen rond de klok van 16.00 uur.<br \/>\nLocatie: De Droogmakerij 23, 1851 LX Heiloo<\/p>\n<p>Je bent na betaling ingeschreven. Het is niet mogelijk om je telefonisch of per mail aan te melden.<\/p>\n<p><strong>Let op!<\/strong><\/p>\n<p>Wanneer je je hebt aangemeld en je bent genoodzaakt om jouw deelname te annuleren, dan kan dat t\u00f3t een week v\u00f3\u00f3r de workshop gratis. Daarna geven we je een Waardebon waarmee je jezelf voor een later moment opnieuw kan aanmelden voor een jouw passende workshop bij ons.<\/p>\n<h2>Wil je met jouw team komen?<\/h2>\n<p>Het is mogelijk om samen met jouw team te komen voor een bijscholing. Zo kan jij, enkel met jouw eigen teamleden leren over aromatherapie in de zorg. Neem contact met ons op voor een geschikte datum en informeer naar de voorwaarden. Maximaal 12 personen.<\/p>","protected":false},"excerpt":{"rendered":"<h4><span style=\"color: #088036;\"><em>Doe je mee met deze live workshop?<\/em><\/span><\/h4>\n<p>Werk jij in de zorg en wil je meer leren over het toepassen van etherische olie uit de <a href=\"https:\/\/degroenelinde.nl\/be\/producten\/geurlijnen\/linde-care\/\">Linde Care lijn<\/a>?<\/p>\n<p>Tijdens deze workshop leer je door middel van verschillende oefeningen de geurfrequenties kennen en in te zetten. Door aromatherapie toe te passen in de zorg kan je op een natuurlijke manier het welzijn van jouw cli\u00ebnten ondersteunen. Er is voldoende tijd om jouw vragen te stellen die voor jou van toepassing zijn op de werkvloer.<\/p>","protected":false},"featured_media":87047,"comment_status":"open","ping_status":"closed","template":"","meta":{"_acf_changed":false,"footnotes":""},"product_cat":[1640,2328,1630],"product_tag":[],"class_list":{"0":"post-87041","1":"product","2":"type-product","3":"status-publish","4":"has-post-thumbnail","6":"product_cat-linde-care","7":"product_cat-live-workshops","8":"product_cat-workshops","10":"first","11":"instock","12":"taxable","13":"shipping-taxable","14":"purchasable","15":"product-type-variable","16":"has-default-attributes","17":"add-to-wishlist-before_image"},"acf":[],"_links":{"self":[{"href":"https:\/\/degroenelinde.nl\/be\/wp-json\/wp\/v2\/product\/87041","targetHints":{"allow":["GET"]}}],"collection":[{"href":"https:\/\/degroenelinde.nl\/be\/wp-json\/wp\/v2\/product"}],"about":[{"href":"https:\/\/degroenelinde.nl\/be\/wp-json\/wp\/v2\/types\/product"}],"replies":[{"embeddable":true,"href":"https:\/\/degroenelinde.nl\/be\/wp-json\/wp\/v2\/comments?post=87041"}],"version-history":[{"count":6,"href":"https:\/\/degroenelinde.nl\/be\/wp-json\/wp\/v2\/product\/87041\/revisions"}],"predecessor-version":[{"id":300451,"href":"https:\/\/degroenelinde.nl\/be\/wp-json\/wp\/v2\/product\/87041\/revisions\/300451"}],"wp:featuredmedia":[{"embeddable":true,"href":"https:\/\/degroenelinde.nl\/be\/wp-json\/wp\/v2\/media\/87047"}],"wp:attachment":[{"href":"https:\/\/degroenelinde.nl\/be\/wp-json\/wp\/v2\/media?parent=87041"}],"wp:term":[{"taxonomy":"product_cat","embeddable":true,"href":"https:\/\/degroenelinde.nl\/be\/wp-json\/wp\/v2\/product_cat?post=87041"},{"taxonomy":"product_tag","embeddable":true,"href":"https:\/\/degroenelinde.nl\/be\/wp-json\/wp\/v2\/product_tag?post=87041"}],"curies":[{"name":"wp","href":"https:\/\/api.w.org\/{rel}","templated":true}]}}