{"id":93119,"date":"2022-11-04T14:11:37","date_gmt":"2022-11-04T13:11:37","guid":{"rendered":"https:\/\/degroenelinde.nl\/?post_type=product&#038;p=93119"},"modified":"2026-04-21T12:29:10","modified_gmt":"2026-04-21T10:29:10","slug":"praktisch-handboek-etherische-olien","status":"publish","type":"product","link":"https:\/\/degroenelinde.nl\/be\/product\/praktisch-handboek-etherische-olien","title":{"rendered":"Praktisch handboek etherische olien"},"content":{"rendered":"<p>Dit handboek van Christina Anthis biedt een heldere en praktische introductie in het werken met etherische oli\u00ebn. Het boek laat stap voor stap zien hoe je thuis eenvoudige bereidingen maakt voor verzorging, ontspanning en huishoudelijk gebruik. Je krijgt inzicht in de kwaliteit van oli\u00ebn, welke basisproducten handig zijn om in huis te hebben en hoe je oli\u00ebn veilig kunt mengen of vervangen. De duidelijke beschrijvingen van tien basisoli\u00ebn, dertig etherische oli\u00ebn en meer dan negentig recepten geven zowel beginners als ervaren gebruikers veel inspiratie. Daarbij wordt veel aandacht besteed aan veilig gebruik voor baby\u2019s, kinderen en zwangere vrouwen, zodat je met vertrouwen aan de slag kunt. Door de toegankelijke uitleg en overzichtelijke opbouw wordt dit handboek een praktische gids voor iedereen die bewust en natuurlijk wil werken. Het laat zien hoe etherische oli\u00ebn je dagelijks leven kunnen verrijken en ondersteunt je bij het maken van keuzes die passen bij jouw gezin en leefstijl.<\/p>\n<p>Ga zelf aan de slag met de talrijke bereidingen in dit boek. Kom daarnaast ook meer te weten over de kwaliteit van de oli\u00ebn, welke basisbenodigdheden je in huis moet hebben en hoe je de oli\u00ebn kunt mengen en vervangen. En met de duidelijke richtlijnen voor veilig gebruik bij baby&#8217;s, kinderen en zwangere vrouwen, heb je alles in handen om jezelf en je gezin te laten profiteren van de natuurlijke kracht van etherische oli\u00ebn.<\/p>\n<p>Inhoud: 10 omschijvingen van basisoli\u00ebn, 30 omschrijvingen van etherische oli\u00eb, meer dan 90 bereidingen.<\/p>\n<p>&nbsp;<\/p>\n<p>&nbsp;<\/p>","protected":false},"excerpt":{"rendered":"<h4><em><span style=\"color: #088036;\">&#8220;Dompel je onder in de wereld van etherische oli\u00ebn en ervaar de helende effecten ervan op je lichaam en geest&#8221;<\/span><\/em><\/h4>\n<p>Dit praktische handboek laat je kennismaken met de vele positieve eigenschappen van etherische oli\u00ebn. Je zult zien dat ze niet alleen een natuurlijk middel zijn om je lichaam en geest gezond te houden, maar dat ze ook gebruikt kunnen worden voor allerhande verzorgings- en schoonmaakproducten.<\/p>","protected":false},"featured_media":172771,"comment_status":"open","ping_status":"closed","template":"","meta":{"_acf_changed":false,"footnotes":""},"product_cat":[1663,1619],"product_tag":[],"class_list":{"0":"post-93119","1":"product","2":"type-product","3":"status-publish","4":"has-post-thumbnail","6":"product_cat-boeken","7":"product_cat-boeken-en-inspiratie","9":"first","10":"outofstock","11":"taxable","12":"shipping-taxable","13":"purchasable","14":"product-type-simple","15":"add-to-wishlist-before_image"},"acf":[],"_links":{"self":[{"href":"https:\/\/degroenelinde.nl\/be\/wp-json\/wp\/v2\/product\/93119","targetHints":{"allow":["GET"]}}],"collection":[{"href":"https:\/\/degroenelinde.nl\/be\/wp-json\/wp\/v2\/product"}],"about":[{"href":"https:\/\/degroenelinde.nl\/be\/wp-json\/wp\/v2\/types\/product"}],"replies":[{"embeddable":true,"href":"https:\/\/degroenelinde.nl\/be\/wp-json\/wp\/v2\/comments?post=93119"}],"version-history":[{"count":4,"href":"https:\/\/degroenelinde.nl\/be\/wp-json\/wp\/v2\/product\/93119\/revisions"}],"predecessor-version":[{"id":302211,"href":"https:\/\/degroenelinde.nl\/be\/wp-json\/wp\/v2\/product\/93119\/revisions\/302211"}],"wp:featuredmedia":[{"embeddable":true,"href":"https:\/\/degroenelinde.nl\/be\/wp-json\/wp\/v2\/media\/172771"}],"wp:attachment":[{"href":"https:\/\/degroenelinde.nl\/be\/wp-json\/wp\/v2\/media?parent=93119"}],"wp:term":[{"taxonomy":"product_cat","embeddable":true,"href":"https:\/\/degroenelinde.nl\/be\/wp-json\/wp\/v2\/product_cat?post=93119"},{"taxonomy":"product_tag","embeddable":true,"href":"https:\/\/degroenelinde.nl\/be\/wp-json\/wp\/v2\/product_tag?post=93119"}],"curies":[{"name":"wp","href":"https:\/\/api.w.org\/{rel}","templated":true}]}}