{"id":94636,"date":"2022-11-18T09:52:39","date_gmt":"2022-11-18T08:52:39","guid":{"rendered":"https:\/\/degroenelinde.nl\/product\/shower-mist-cadeauset-copy"},"modified":"2026-03-13T14:32:31","modified_gmt":"2026-03-13T13:32:31","slug":"shower-mist-cadeauset","status":"publish","type":"product","link":"https:\/\/degroenelinde.nl\/be\/product\/shower-mist-cadeauset","title":{"rendered":"Shower Mist cadeauzakje"},"content":{"rendered":"<p>Dit leuke cadeauzakje laat je kennis maken met de drie verschillende blends. In een zwart linnen zakje zitten de drie geuren in 20 ml sprayflesjes. Er zit een leuk kaartje aan het zakje, zo is het ook nog eens leuk om cadeau te geven.<\/p>\n<p>Verreik jouw douchemoment met de volgende drie Shower Mists:<\/p>\n<p><i><a class=\"outlook-break-word-in-links\" href=\"https:\/\/degroenelinde.nl\/be\/product\/slow-down\/\" data-outlook-id=\"d1f700bc-2bbb-431a-b581-bd2c336c7fa3\" data-linkindex=\"0\">Slow Down<\/a><\/i><br \/>\nOntspan lichaam en geest! Heerlijk voor als jij het liefste onder de douche stapt voor het slapen gaan. In deze sprays zitten de etherische oli\u00ebn <a class=\"outlook-break-word-in-links\" href=\"https:\/\/degroenelinde.nl\/be\/product\/ylang-ylang-olie\/\" data-outlook-id=\"cf04b2b4-7e0c-42be-b41d-21e74430216a\" data-linkindex=\"1\">Ylang Ylang<\/a>, <a class=\"outlook-break-word-in-links\" href=\"https:\/\/degroenelinde.nl\/be\/product\/marjolein-olie\/\" data-outlook-id=\"694559e6-8e20-48bc-b87d-a9ee95b78567\" data-linkindex=\"2\">Marjolein<\/a>\u00a0en <a class=\"outlook-break-word-in-links\" href=\"https:\/\/degroenelinde.nl\/be\/product\/mandarijn-olie\/\" data-outlook-id=\"3c3659db-b951-4c7b-a9b4-8f1441b267d4\" data-linkindex=\"3\">Mandarijn<\/a>\u00a0verwerkt. Een zwoele zachte geur.<\/p>\n<p><i><a class=\"outlook-break-word-in-links\" href=\"https:\/\/degroenelinde.nl\/be\/product\/morning-glow\/\" data-outlook-id=\"a7e423e4-71b5-4863-9f73-092b08c58139\" data-linkindex=\"4\">Morning Glow<\/a><\/i><br \/>\nWord heerlijk wakker en geniet van deze vrolijke blend met <a class=\"outlook-break-word-in-links\" href=\"https:\/\/degroenelinde.nl\/be\/product\/grapefruit-olie\/\" data-outlook-id=\"f2c58523-182f-4b1b-8f8e-ccb13198482c\" data-linkindex=\"5\">Grapefruit<\/a>, <a class=\"outlook-break-word-in-links\" href=\"https:\/\/degroenelinde.nl\/be\/product\/gember-olie\/\" data-outlook-id=\"845bfc3f-85c4-4e44-aef8-34c85598071a\" data-linkindex=\"6\">Gember<\/a>, <a class=\"outlook-break-word-in-links\" href=\"https:\/\/degroenelinde.nl\/be\/product\/spar-olie\/\" data-outlook-id=\"745ae625-a9de-456f-b291-a49ac8e4510d\" data-linkindex=\"7\">Spar<\/a>\u00a0en <a class=\"outlook-break-word-in-links\" href=\"https:\/\/degroenelinde.nl\/be\/product\/tangerine-olie\/\" data-outlook-id=\"b280a47e-df54-414e-aacc-08285f58c9c7\" data-linkindex=\"8\">Tangerine<\/a>. Alsof de zon op je gezicht staat, kom maar op met de dag!<\/p>\n<p><i><a class=\"outlook-break-word-in-links\" href=\"https:\/\/degroenelinde.nl\/be\/product\/healthy-hamam\/\" data-outlook-id=\"4dad5eed-47bd-4e46-88c1-a14da955d545\" data-linkindex=\"9\">Healthy Hamam<\/a><\/i><br \/>\nTover je douchecabine om in een Turkse Hamam! Geef jezelf een oppepper met <a class=\"outlook-break-word-in-links\" href=\"https:\/\/degroenelinde.nl\/be\/product\/eucalyptus-olie\/\" data-outlook-id=\"932b7a21-613a-4622-9d9c-277dc2f79d61\" data-linkindex=\"10\">Eucalyptus<\/a>, <a class=\"outlook-break-word-in-links\" href=\"https:\/\/degroenelinde.nl\/be\/product\/rozemarijnolie\/\" data-outlook-id=\"0916b5a7-d60b-4eeb-a861-9f9f6a917c9a\" data-linkindex=\"11\">Rozemarijn<\/a>\u00a0en <a class=\"outlook-break-word-in-links\" href=\"https:\/\/degroenelinde.nl\/be\/product\/cederhout-olie\/\" data-outlook-id=\"4954acd8-6c61-4d50-94c7-927ab9567178\" data-linkindex=\"12\">Cederhout<\/a>. De geur is in eerste instantie lekker fris, maar de ondertoon is heerlijk kruidig door de Cederhout.<\/p>\n<h2>Ook leuk voor mannen!<\/h2>\n<p>Momenteel is ongeveer 95% van onze klanten vrouw. Op de \u00e9\u00e9n of andere manier heeft aromatherapie zijn weg nog niet gevonden naar de mannen in Nederland en Belgi\u00eb \ud83d\ude09<\/p>\n<p>We hebben de Shower Mist Sprays aan verschillende mannen gegeven om te testen en zij vinden dit heerlijk in gebruik! Tijdens het douchen heb je echt even een moment voor jezelf. Hoe fijn is het om juist op dit moment te genieten van etherische oli\u00ebn in jouw douche cabine. Als je het hebt klaar staan is de kans groot dat je even lekker om je heen sprayt.<\/p>\n<p>Zo kan je er voor kiezen om lekker wakker te worden met de Morning Glow of juist lekker te ontspannen met de Slow Down. De Healthy Hamam is heerlijk om te gebruiken voor een sauna ervaring in jouw eigen badkamer. Wij hopen met deze Shower Mist Sprays de mannen in Nederland en Belgi\u00eb enthousiast te krijgen over aromatherapie! Want mannen weten helemaal niet wat ze missen.<\/p>","protected":false},"excerpt":{"rendered":"<h4><span style=\"color: #088036;\"><i>&#8220;Aromatherapie voor onder de douche&#8221;<\/i><\/span><\/h4>\n<p>Tover jouw douche om in een heerlijke stoomcabine met een heerlijke Shower Mist. We zijn zelf helemaal fan van deze producten.<\/p>","protected":false},"featured_media":292889,"comment_status":"open","ping_status":"closed","template":"","meta":{"_acf_changed":false,"footnotes":""},"product_cat":[1633,1670,1582,2353],"product_tag":[],"class_list":{"0":"post-94636","1":"product","2":"type-product","3":"status-publish","4":"has-post-thumbnail","6":"product_cat-cadeau-sets","7":"product_cat-cadeausets","8":"product_cat-geurlijnen","9":"product_cat-shower-mists","11":"first","12":"instock","13":"sale","14":"taxable","15":"shipping-taxable","16":"purchasable","17":"product-type-simple","18":"add-to-wishlist-before_image"},"acf":[],"_links":{"self":[{"href":"https:\/\/degroenelinde.nl\/be\/wp-json\/wp\/v2\/product\/94636","targetHints":{"allow":["GET"]}}],"collection":[{"href":"https:\/\/degroenelinde.nl\/be\/wp-json\/wp\/v2\/product"}],"about":[{"href":"https:\/\/degroenelinde.nl\/be\/wp-json\/wp\/v2\/types\/product"}],"replies":[{"embeddable":true,"href":"https:\/\/degroenelinde.nl\/be\/wp-json\/wp\/v2\/comments?post=94636"}],"version-history":[{"count":7,"href":"https:\/\/degroenelinde.nl\/be\/wp-json\/wp\/v2\/product\/94636\/revisions"}],"predecessor-version":[{"id":300517,"href":"https:\/\/degroenelinde.nl\/be\/wp-json\/wp\/v2\/product\/94636\/revisions\/300517"}],"wp:featuredmedia":[{"embeddable":true,"href":"https:\/\/degroenelinde.nl\/be\/wp-json\/wp\/v2\/media\/292889"}],"wp:attachment":[{"href":"https:\/\/degroenelinde.nl\/be\/wp-json\/wp\/v2\/media?parent=94636"}],"wp:term":[{"taxonomy":"product_cat","embeddable":true,"href":"https:\/\/degroenelinde.nl\/be\/wp-json\/wp\/v2\/product_cat?post=94636"},{"taxonomy":"product_tag","embeddable":true,"href":"https:\/\/degroenelinde.nl\/be\/wp-json\/wp\/v2\/product_tag?post=94636"}],"curies":[{"name":"wp","href":"https:\/\/api.w.org\/{rel}","templated":true}]}}