{"id":99662,"date":"2022-12-29T14:38:14","date_gmt":"2022-12-29T13:38:14","guid":{"rendered":"https:\/\/degroenelinde.nl\/?post_type=product&#038;p=99662"},"modified":"2026-03-18T09:21:11","modified_gmt":"2026-03-18T08:21:11","slug":"dalmatier-jaspis-gezondheidshanger","status":"publish","type":"product","link":"https:\/\/degroenelinde.nl\/be\/product\/dalmatier-jaspis-gezondheidshanger","title":{"rendered":"Dalmati\u00ebr Jaspis\u00a0gezondheidshanger"},"content":{"rendered":"<p><strong>Chakra:<\/strong> basis en heiligbeen chakra<br \/>\n<strong>Sterrenbeeld:<\/strong> maagd<\/p>\n<p>Dalmati\u00ebr Jaspis, ook bekend als Dalmati\u00ebrsteen, dankt zijn naam aan zijn opvallende uiterlijk. De steen heeft een beige tot cr\u00e8mekleurige basis met zwarte vlekjes, die sterk doen denken aan de vacht van een Dalmati\u00ebrhond. Ondanks de naam is het technisch gezien geen echte jaspis. Het is eerder een combinatie van veldspaat en kwarts, met insluitsels van toermalijn of arfvedsoniet. Toch rekenen veel mensen de steen tot de jaspisfamilie vanwege haar energetische eigenschappen. De meeste Dalmati\u00ebr Jaspis komt uit Mexico, waar men deze steen op grote schaal wint.<\/p>\n<h2>Algemene werking<\/h2>\n<p data-start=\"719\" data-end=\"1085\">Net als andere jaspissoorten werkt Dalmati\u00ebr Jaspis sterk aardend en stabiliserend. De steen helpt je om stevig met beide benen op de grond te blijven staan, vooral wanneer emoties of gedachten de overhand nemen. Ze brengt balans in lichaam en geest en versterkt het contact met je innerlijke kind. Hierdoor krijgen speelsheid, spontaniteit en lichtheid meer ruimte.<\/p>\n<p data-start=\"1087\" data-end=\"1551\">Op spiritueel niveau helpt Dalmati\u00ebr Jaspis om negativiteit te weren en te transformeren, zowel van binnenuit als van buitenaf. De steen vormt als het ware een beschermend schild rondom je energieveld. Tegelijkertijd ondersteunt ze je bij het loslaten van oude patronen die niet langer bij je passen. Merk je dat je veel piekert of vastzit in je hoofd? Dan brengt deze steen rust en kalmte. Ze helpt je om weer in je lichaam te zakken en in het hier en nu te zijn.<\/p>\n<p data-start=\"1553\" data-end=\"1959\">Dalmati\u00ebr Jaspis is bijzonder geschikt voor mensen die moeite hebben met grenzen stellen of nee zeggen. De steen versterkt je wilskracht en helpt je om duidelijk \u00e9n liefdevol je eigen pad te volgen. Daarnaast werkt ze opbeurend bij sombere gevoelens en geeft ze nieuwe energie bij vermoeidheid. Ook ondersteunt ze bij het verminderen van nachtmerries en angstige dromen, zowel bij kinderen als volwassenen.<\/p>\n<p data-start=\"1961\" data-end=\"2270\">Tijdens meditatie helpt Dalmati\u00ebr Jaspis je om diepere rust en stilte te ervaren. Hierdoor krijg je meer helderheid in situaties waarin je twijfelt of vastloopt. De steen stimuleert persoonlijke groei door inzicht te geven in gedragspatronen en je aan te moedigen verantwoordelijkheid te nemen voor je keuzes.<\/p>\n<p data-start=\"2272\" data-end=\"2399\">Een speelse, maar krachtige bondgenoot voor iedereen die op zoek is naar stevigheid, helderheid \u00e9n meer lichtheid in het leven.<\/p>\n<h2>Verzorging<\/h2>\n<p>Dalmati\u00ebr Jaspis kan op alle manieren gereinigd en opgeladen worden. Lees <a href=\"https:\/\/degroenelinde.nl\/be\/kristallen-en-gesteenten-het-reinigen-en-opladen\/\">hier<\/a> meer informatie over reinigen en opladen.<\/p>\n<p><span data-teams=\"true\"><i>De foto geeft een indicatie van de gezondheidshanger die je ontvangt. Wij selecteren elke steen met zorg, zodat jij een exemplaar krijgt dat echt bij je past.<\/i><\/span><\/p>","protected":false},"excerpt":{"rendered":"<h4><span style=\"color: #088036;\"><em>&#8220;Ik zorg voor je energetische lichaam&#8221;<\/em><\/span><\/h4>\n<p>Dalmati\u00ebr Jaspis is bijzonder geschikt voor mensen die moeite hebben met grenzen stellen of nee zeggen. De steen versterkt je wilskracht en helpt je om duidelijk \u00e9n liefdevol je eigen pad te volgen. Daarnaast werkt ze opbeurend bij sombere gevoelens en geeft ze nieuwe energie bij vermoeidheid. Ook werkt Dalmati\u00ebr Jaspis sterk aardend en stabiliserend. De steen helpt je om stevig met beide benen op de grond te blijven staan.<\/p>","protected":false},"featured_media":99663,"comment_status":"open","ping_status":"closed","template":"","meta":{"_acf_changed":false,"footnotes":""},"product_cat":[1671,1870,1614,1650],"product_tag":[],"class_list":{"0":"post-99662","1":"product","2":"type-product","3":"status-publish","4":"has-post-thumbnail","6":"product_cat-gezondheidshangers","7":"product_cat-jaspis","8":"product_cat-kristallen","9":"product_cat-sieraden","11":"first","12":"instock","13":"taxable","14":"shipping-taxable","15":"purchasable","16":"product-type-simple","17":"add-to-wishlist-before_image"},"acf":[],"_links":{"self":[{"href":"https:\/\/degroenelinde.nl\/be\/wp-json\/wp\/v2\/product\/99662","targetHints":{"allow":["GET"]}}],"collection":[{"href":"https:\/\/degroenelinde.nl\/be\/wp-json\/wp\/v2\/product"}],"about":[{"href":"https:\/\/degroenelinde.nl\/be\/wp-json\/wp\/v2\/types\/product"}],"replies":[{"embeddable":true,"href":"https:\/\/degroenelinde.nl\/be\/wp-json\/wp\/v2\/comments?post=99662"}],"version-history":[{"count":2,"href":"https:\/\/degroenelinde.nl\/be\/wp-json\/wp\/v2\/product\/99662\/revisions"}],"predecessor-version":[{"id":302319,"href":"https:\/\/degroenelinde.nl\/be\/wp-json\/wp\/v2\/product\/99662\/revisions\/302319"}],"wp:featuredmedia":[{"embeddable":true,"href":"https:\/\/degroenelinde.nl\/be\/wp-json\/wp\/v2\/media\/99663"}],"wp:attachment":[{"href":"https:\/\/degroenelinde.nl\/be\/wp-json\/wp\/v2\/media?parent=99662"}],"wp:term":[{"taxonomy":"product_cat","embeddable":true,"href":"https:\/\/degroenelinde.nl\/be\/wp-json\/wp\/v2\/product_cat?post=99662"},{"taxonomy":"product_tag","embeddable":true,"href":"https:\/\/degroenelinde.nl\/be\/wp-json\/wp\/v2\/product_tag?post=99662"}],"curies":[{"name":"wp","href":"https:\/\/api.w.org\/{rel}","templated":true}]}}